{"id":2408,"date":"2024-01-12T03:42:36","date_gmt":"2024-01-12T03:42:36","guid":{"rendered":"https:\/\/demo9.thuythu.vn\/reeco\/?post_type=product&#038;p=2408"},"modified":"2024-01-26T08:05:31","modified_gmt":"2024-01-26T01:05:31","slug":"thiet-bi-do-da-chi-tieu-chat-luong-nuoc-proquatro","status":"publish","type":"product","link":"https:\/\/demo9.thuythu.vn\/reeco\/san-pham\/thiet-bi-do-da-chi-tieu-chat-luong-nuoc-proquatro\/","title":{"rendered":"Thi\u1ebft b\u1ecb \u0111o \u0111a ch\u1ec9 ti\u00eau ch\u1ea5t l\u01b0\u1ee3ng n\u01b0\u1edbc ProQuatro"},"content":{"rendered":"","protected":false},"excerpt":{"rendered":"<p><span style=\"font-weight: 400;\">Model: ProQuatro; H\u00e3ng s\u1ea3n xu\u1ea5t: YSI &#8211; USA.<\/span><\/p>\n<p><span style=\"font-weight: 400;\">Xu\u1ea5t x\u1ee9: Trung Qu\u1ed1c.<\/span><\/p>\n<ul>\n<li style=\"font-weight: 400;\" aria-level=\"1\"><span style=\"font-weight: 400;\">Thi\u1ebft b\u1ecb \u0111\u01b0\u1ee3c s\u1ea3n xu\u1ea5t t\u1ea1i M\u1ef9, nh\u1eadn nhi\u1ec1u ch\u1ee9ng nh\u1eadn ch\u1ea5t l\u01b0\u1ee3ng nh\u01b0: RoHS, CE, FCC<\/span><\/li>\n<li style=\"font-weight: 400;\" aria-level=\"1\"><span style=\"font-weight: 400;\">B\u1ed9 nh\u1edb: L\u01b0u tr\u1eef \u0111\u01b0\u1ee3c 5000 g\u00f3i d\u1eef li\u1ec7u<\/span><\/li>\n<li style=\"font-weight: 400;\" aria-level=\"1\"><span style=\"font-weight: 400;\">Ki\u1ec3u d\u1eef li\u1ec7u: Analog<\/span><\/li>\n<li style=\"font-weight: 400;\" aria-level=\"1\"><span style=\"font-weight: 400;\">Hi\u1ec3n th\u1ecb: M\u00e0n h\u00ecnh hi\u1ec3n th\u1ecb c\u00f3 \u0111\u00e8n n\u1ec1n hi\u1ec3n th\u1ecb t\u1ed1t trong m\u1ecdi \u0111i\u1ec1u ki\u1ec7n \u00e1nh s\u00e1ng, c\u00f3 b\u00e0n ph\u00edm, c\u00f3 h\u01b0\u1edbng d\u1eabn s\u1eed d\u1ee5ng t\u00edch h\u1ee3p trong m\u00e1y, t\u1ef1 \u0111\u1ed9ng t\u1eaft khi kh\u00f4ng s\u1eed d\u1ee5ng gi\u00fap ti\u1ebft ki\u1ec7m pin<\/span><\/li>\n<li style=\"font-weight: 400;\" aria-level=\"1\"><span style=\"font-weight: 400;\">T\u00edch h\u1ee3p \u0111o kh\u00ed \u00e1p<\/span><\/li>\n<\/ul>\n","protected":false},"featured_media":2412,"comment_status":"open","ping_status":"closed","template":"","meta":[],"product_cat":[15],"product_tag":[],"acf":[],"lang":"vi","translations":{"vi":2408,"en":2414},"pll_sync_post":[],"_links":{"self":[{"href":"https:\/\/demo9.thuythu.vn\/reeco\/wp-json\/wp\/v2\/product\/2408"}],"collection":[{"href":"https:\/\/demo9.thuythu.vn\/reeco\/wp-json\/wp\/v2\/product"}],"about":[{"href":"https:\/\/demo9.thuythu.vn\/reeco\/wp-json\/wp\/v2\/types\/product"}],"replies":[{"embeddable":true,"href":"https:\/\/demo9.thuythu.vn\/reeco\/wp-json\/wp\/v2\/comments?post=2408"}],"wp:featuredmedia":[{"embeddable":true,"href":"https:\/\/demo9.thuythu.vn\/reeco\/wp-json\/wp\/v2\/media\/2412"}],"wp:attachment":[{"href":"https:\/\/demo9.thuythu.vn\/reeco\/wp-json\/wp\/v2\/media?parent=2408"}],"wp:term":[{"taxonomy":"product_cat","embeddable":true,"href":"https:\/\/demo9.thuythu.vn\/reeco\/wp-json\/wp\/v2\/product_cat?post=2408"},{"taxonomy":"product_tag","embeddable":true,"href":"https:\/\/demo9.thuythu.vn\/reeco\/wp-json\/wp\/v2\/product_tag?post=2408"}],"curies":[{"name":"wp","href":"https:\/\/api.w.org\/{rel}","templated":true}]}}