{"id":2395,"date":"2024-01-12T02:41:54","date_gmt":"2024-01-12T02:41:54","guid":{"rendered":"https:\/\/demo9.thuythu.vn\/reeco\/?post_type=product&#038;p=2395"},"modified":"2024-01-26T08:04:36","modified_gmt":"2024-01-26T01:04:36","slug":"thiet-bi-do-da-chi-tieu-chat-luong-nuoc-ysi-proswap","status":"publish","type":"product","link":"https:\/\/demo9.thuythu.vn\/reeco\/san-pham\/thiet-bi-do-chat-luong-nuoc-ysi-proswap\/","title":{"rendered":"Thi\u1ebft b\u1ecb \u0111o \u0111a ch\u1ec9 ti\u00eau ch\u1ea5t l\u01b0\u1ee3ng n\u01b0\u1edbc YSI ProSwap"},"content":{"rendered":"","protected":false},"excerpt":{"rendered":"<p><span style=\"font-weight: 400;\">Model: ProSwap; H\u00e3ng s\u1ea3n xu\u1ea5t: YSI &#8211; USA.<\/span><span style=\"font-weight: 400;\"><br \/>\n<\/span><span style=\"font-weight: 400;\">Xu\u1ea5t x\u1ee9: M\u1ef9.<\/span><\/p>\n<ul>\n<li style=\"font-weight: 400;\" aria-level=\"1\"><span style=\"font-weight: 400;\">Sensor k\u1ef9 thu\u1eadt s\u1ed1 th\u00f4ng minh: T\u1ef1 \u0111\u1ed9ng nh\u1eadn t\u00edn hi\u1ec7u t\u1eeb sensor v\u00e0 d\u1eef li\u1ec7u hi\u1ec7u chu\u1ea9n<\/span><\/li>\n<li style=\"font-weight: 400;\" aria-level=\"1\"><span style=\"font-weight: 400;\">Ph\u1ea7n m\u1ec1m KorDSS,\u00a0 k\u1ebft n\u1ed1i USB OTG (On-The-Go) h\u1ed7 tr\u1ee3 qu\u1ea3n l\u00fd d\u1eef li\u1ec7u<\/span><\/li>\n<li style=\"font-weight: 400;\" aria-level=\"1\"><span style=\"font-weight: 400;\">Ngu\u1ed3n \u0111i\u1ec7n: Pin s\u1ea1c lithium-ion c\u00f3 dung l\u01b0\u1ee3ng l\u1edbn \u0111\u1ea3m b\u1ea3o ho\u1ea1t \u0111\u1ed9ng \u1ed5n \u0111\u1ecbnh<\/span><\/li>\n<li style=\"font-weight: 400;\" aria-level=\"1\"><span style=\"font-weight: 400;\">M\u00e0n h\u00ecnh m\u00e0u, b\u00e0n ph\u00edm Backlit, menu \u0111i\u1ec1u khi\u1ec3n ho\u1ea1t \u0111\u1ed9ng \u0111\u01a1n gi\u1ea3n h\u00f3a qu\u00e1 tr\u00ecnh \u0111o \u0111\u1ea1c<\/span><\/li>\n<li style=\"font-weight: 400;\" aria-level=\"1\"><span style=\"font-weight: 400;\">GPS (theo t\u00f9y ch\u1ecdn)<\/span><\/li>\n<li style=\"font-weight: 400;\" aria-level=\"1\"><span style=\"font-weight: 400;\">Sensor \u0111\u1ed9 s\u00e2u theo t\u00f9y ch\u1ecdn v\u1edbi c\u00e1p d\u00e0i 100 m<\/span><\/li>\n<li style=\"font-weight: 400;\" aria-level=\"1\"><span style=\"font-weight: 400;\">B\u1ed9 nh\u1edb l\u1edbn (&gt;100,000 data sets) v\u1edbi kh\u1ea3 n\u0103ng m\u1edf r\u1ed9ng site list<\/span><\/li>\n<li style=\"font-weight: 400;\" aria-level=\"1\"><span style=\"font-weight: 400;\">Giao ti\u1ebfp v\u1edbi ng\u01b0\u1eddi d\u00f9ng nhi\u1ec1u ng\u00f4n ng\u1eef: ti\u1ebfng Anh, ti\u1ebfng T\u00e2y Ban Nha, B\u1ed3 \u0110\u00e0o Nha, Ph\u00e1p, \u0110\u1ee9c, \u00dd, Nh\u1eadt B\u1ea3n, Na Uy v\u00e0 Trung Qu\u1ed1c<\/span><\/li>\n<li style=\"font-weight: 400;\" aria-level=\"1\"><span style=\"font-weight: 400;\">K\u1ebft n\u1ed1i Military spec,c\u1ea5p \u0111\u1ed9 b\u1ea3o v\u1ec7: IP67 v\u1edbi v\u1ecf cao su \u0111\u00fac,ch\u1ed1ng th\u1ea5m<\/span><\/li>\n<\/ul>\n","protected":false},"featured_media":2401,"comment_status":"open","ping_status":"closed","template":"","meta":[],"product_cat":[15],"product_tag":[700,683,696,698,702,692,571,694,690],"acf":[],"lang":"vi","translations":{"vi":2395,"en":2402},"pll_sync_post":[],"_links":{"self":[{"href":"https:\/\/demo9.thuythu.vn\/reeco\/wp-json\/wp\/v2\/product\/2395"}],"collection":[{"href":"https:\/\/demo9.thuythu.vn\/reeco\/wp-json\/wp\/v2\/product"}],"about":[{"href":"https:\/\/demo9.thuythu.vn\/reeco\/wp-json\/wp\/v2\/types\/product"}],"replies":[{"embeddable":true,"href":"https:\/\/demo9.thuythu.vn\/reeco\/wp-json\/wp\/v2\/comments?post=2395"}],"wp:featuredmedia":[{"embeddable":true,"href":"https:\/\/demo9.thuythu.vn\/reeco\/wp-json\/wp\/v2\/media\/2401"}],"wp:attachment":[{"href":"https:\/\/demo9.thuythu.vn\/reeco\/wp-json\/wp\/v2\/media?parent=2395"}],"wp:term":[{"taxonomy":"product_cat","embeddable":true,"href":"https:\/\/demo9.thuythu.vn\/reeco\/wp-json\/wp\/v2\/product_cat?post=2395"},{"taxonomy":"product_tag","embeddable":true,"href":"https:\/\/demo9.thuythu.vn\/reeco\/wp-json\/wp\/v2\/product_tag?post=2395"}],"curies":[{"name":"wp","href":"https:\/\/api.w.org\/{rel}","templated":true}]}}