{"id":2381,"date":"2024-01-11T09:31:42","date_gmt":"2024-01-11T09:31:42","guid":{"rendered":"https:\/\/demo9.thuythu.vn\/reeco\/?post_type=product&#038;p=2381"},"modified":"2024-01-11T09:35:37","modified_gmt":"2024-01-11T09:35:37","slug":"robot-ngam-tu-hanh-i3xo-ecomapper-auv","status":"publish","type":"product","link":"https:\/\/demo9.thuythu.vn\/reeco\/san-pham\/robot-ngam-tu-hanh-i3xo-ecomapper-auv\/","title":{"rendered":"Robot ng\u1ea7m t\u1ef1 h\u00e0nh ( i3XO EcoMapper AUV)"},"content":{"rendered":"","protected":false},"excerpt":{"rendered":"<ul>\n<li style=\"font-weight: 400;\" aria-level=\"1\"><span style=\"font-weight: 400;\">Robot ng\u00e2\u0300m t\u01b0\u0323 ha\u0300nh AUV (Autonomous Underwater Vehicle) \u0111\u01b0\u01a1\u0323c \u01b0\u0301ng du\u0323ng \u0111\u00ea\u0309 thu th\u1eadp d\u1eef li\u1ec7u v\u00ea\u0300 h\u00ecnh \u1ea3nh sonar qu\u00e9t s\u01b0\u1eddn (Side Scan Sonar) v\u00f9ng \u0111\u00e1y bi\u1ec3n, th\u1ef1c hi\u1ec7n c\u00e1c nhi\u1ec7m v\u1ee5 t\u00ecm ki\u1ebfm c\u1ee9u n\u1ea1n, trinh s\u00e1t v\u00e0 \u0111o \u0111\u1ea1c c\u00e1c th\u00f4ng s\u1ed1 ha\u0309i v\u0103n \u2013 m\u00f4i tr\u01b0\u1eddng m\u00f4\u0323t ca\u0301ch chi\u0301nh xa\u0301c, nhanh cho\u0301ng, va\u0300 an toa\u0300n<\/span><\/li>\n<li style=\"font-weight: 400;\" aria-level=\"1\"><span style=\"font-weight: 400;\">Thi\u00ea\u0301t bi\u0323 tri\u00ea\u0309n khai d\u00ea\u0303 da\u0300ng linh hoa\u0323t b\u01a1\u0309i 1 \u2013 2 ng\u01b0\u01a1\u0300i<\/span><\/li>\n<li style=\"font-weight: 400;\" aria-level=\"1\"><span style=\"font-weight: 400;\">Kha\u0309o sa\u0301t di\u00ea\u0323n r\u00f4\u0323ng ma\u0300 kh\u00f4ng c\u00e2\u0300n \u0111\u00ea\u0301n thuy\u00ea\u0300n tri\u00ea\u0309n khai hay ng\u01b0\u01a1\u0300i \u0111i\u00ea\u0300u khi\u00ea\u0309n<\/span><\/li>\n<li style=\"font-weight: 400;\" aria-level=\"1\"><span style=\"font-weight: 400;\">K\u1ebft qu\u1ea3 hi\u1ec3n th\u1ecb tr\u00ean thi\u1ebft b\u1ecb, v\u00e0 l\u01b0u tr\u1eef trong b\u1ed9 nh\u1edb trong<\/span><\/li>\n<li style=\"font-weight: 400;\" aria-level=\"1\"><span style=\"font-weight: 400;\">Kha\u0309 n\u0103ng t\u01b0\u0323 ha\u0300nh \u0111\u00f4\u0323c l\u00e2\u0323p \u0111a\u0301ng tin c\u00e2\u0323y v\u01a1\u0301i RDI Doppler Velocity Log (DVL)<\/span><\/li>\n<\/ul>\n","protected":false},"featured_media":2385,"comment_status":"open","ping_status":"closed","template":"","meta":[],"product_cat":[15],"product_tag":[],"acf":[],"lang":"vi","translations":{"vi":2381,"en":2387},"pll_sync_post":[],"_links":{"self":[{"href":"https:\/\/demo9.thuythu.vn\/reeco\/wp-json\/wp\/v2\/product\/2381"}],"collection":[{"href":"https:\/\/demo9.thuythu.vn\/reeco\/wp-json\/wp\/v2\/product"}],"about":[{"href":"https:\/\/demo9.thuythu.vn\/reeco\/wp-json\/wp\/v2\/types\/product"}],"replies":[{"embeddable":true,"href":"https:\/\/demo9.thuythu.vn\/reeco\/wp-json\/wp\/v2\/comments?post=2381"}],"wp:featuredmedia":[{"embeddable":true,"href":"https:\/\/demo9.thuythu.vn\/reeco\/wp-json\/wp\/v2\/media\/2385"}],"wp:attachment":[{"href":"https:\/\/demo9.thuythu.vn\/reeco\/wp-json\/wp\/v2\/media?parent=2381"}],"wp:term":[{"taxonomy":"product_cat","embeddable":true,"href":"https:\/\/demo9.thuythu.vn\/reeco\/wp-json\/wp\/v2\/product_cat?post=2381"},{"taxonomy":"product_tag","embeddable":true,"href":"https:\/\/demo9.thuythu.vn\/reeco\/wp-json\/wp\/v2\/product_tag?post=2381"}],"curies":[{"name":"wp","href":"https:\/\/api.w.org\/{rel}","templated":true}]}}