{"id":2371,"date":"2024-01-11T08:46:23","date_gmt":"2024-01-11T08:46:23","guid":{"rendered":"https:\/\/demo9.thuythu.vn\/reeco\/?post_type=product&#038;p=2371"},"modified":"2024-01-11T08:51:38","modified_gmt":"2024-01-11T08:51:38","slug":"may-do-oxy-hoa-tan-ysi-pro20","status":"publish","type":"product","link":"https:\/\/demo9.thuythu.vn\/reeco\/san-pham\/may-do-oxy-hoa-tan-ysi-pro20\/","title":{"rendered":"M\u00e1y \u0111o oxy h\u00f2a tan YSI Pro20"},"content":{"rendered":"","protected":false},"excerpt":{"rendered":"<p><span style=\"font-weight: 400;\">Model: Pro20; H\u00e3ng s\u1ea3n xu\u1ea5t: YSI &#8211; USA.<\/span><span style=\"font-weight: 400;\"><br \/>\n<\/span><span style=\"font-weight: 400;\">Xu\u1ea5t x\u1ee9: M\u1ef9.<\/span><\/p>\n<ul>\n<li>Kh\u00ed \u00e1p k\u1ebf b\u00ean trong cho k\u1ebft qu\u1ea3 \u0111o ch\u00ednh x\u00e1c nh\u1ea5t<\/li>\n<li>L\u1ef1a ch\u1ecdn c\u1ea3m bi\u1ebfn DO t\u1ea1i hi\u1ec7n tr\u01b0\u1eddng (c\u1ef1c ph\u1ed5 ho\u1eb7c \u0111i\u1ec7n) ho\u1eb7c \u0111\u1ea7u d\u00f2 BOD s\u1eed d\u1ee5ng trong ph\u00f2ng th\u00ed nghi\u1ec7m d\u00e0nh cho BOD trong n\u01b0\u1edbc th\u1ea3i<\/li>\n<li>Hi\u1ec7u chu\u1ea9n One Touch Cal trong 3 gi\u00e2y ch\u1ec9 v\u1edbi m\u1ed9t thao t\u00e1c b\u1ea5m n\u00fat<\/li>\n<li>L\u01b0u tr\u1eef 50 b\u1ed9 d\u1eef li\u1ec7u<\/li>\n<li>\u0110\u1ed3 h\u1ecda, hi\u1ec3n th\u1ecb chi\u1ebfu s\u00e1ng l\u01b0ng v\u00e0 b\u00e0n ph\u00edm ph\u00e1t s\u00e1ng trong b\u00f3ng t\u1ed1i<\/li>\n<li>Ph\u00f9 h\u1ee3p s\u1eed d\u1ee5ng v\u1edbi c\u00e1c lo\u1ea1i c\u00e1p c\u00f3 chi\u1ec1u d\u00e0i 1, 4, 10, 20, 30 ho\u1eb7c 100 m\u00e9t<\/li>\n<li>Mang k\u00ednh ph\u00e2n c\u1ef1c khi xem hi\u1ec3n th\u1ecb<\/li>\n<li>Th\u1eddi gian ph\u1ea3n h\u1ed3i nhanh nh\u1ea5t tr\u00ean th\u1ecb tr\u01b0\u1eddng v\u1edbi 95% k\u1ebft qu\u1ea3 ph\u1ea3n h\u1ed3i trong 8 gi\u00e2y \u0111\u1ed1i v\u1edbi m\u00e0ng ti\u00eau chu\u1ea9n<\/li>\n<li>\u0110a ng\u00f4n ng\u1eef bao g\u1ed3m ti\u1ebfng Anh, T\u00e2y Ban Nha, Ph\u00e1p v\u00e0 \u0110\u1ee9c<\/li>\n<li>C\u1ea3m bi\u1ebfn v\u00e0 c\u00e1p m\u00e0 ng\u01b0\u1eddi d\u00f9ng c\u00f3 th\u1ec3 thay th\u1ebf<\/li>\n<li>Thi\u1ebft b\u1ecb b\u1ea3o h\u00e0nh 3 n\u0103m, c\u00e1p b\u1ea3o h\u00e0nh 2 n\u0103m<\/li>\n<\/ul>\n","protected":false},"featured_media":2373,"comment_status":"open","ping_status":"closed","template":"","meta":[],"product_cat":[15],"product_tag":[685,683,673],"acf":[],"lang":"vi","translations":{"vi":2371,"en":2375},"pll_sync_post":[],"_links":{"self":[{"href":"https:\/\/demo9.thuythu.vn\/reeco\/wp-json\/wp\/v2\/product\/2371"}],"collection":[{"href":"https:\/\/demo9.thuythu.vn\/reeco\/wp-json\/wp\/v2\/product"}],"about":[{"href":"https:\/\/demo9.thuythu.vn\/reeco\/wp-json\/wp\/v2\/types\/product"}],"replies":[{"embeddable":true,"href":"https:\/\/demo9.thuythu.vn\/reeco\/wp-json\/wp\/v2\/comments?post=2371"}],"wp:featuredmedia":[{"embeddable":true,"href":"https:\/\/demo9.thuythu.vn\/reeco\/wp-json\/wp\/v2\/media\/2373"}],"wp:attachment":[{"href":"https:\/\/demo9.thuythu.vn\/reeco\/wp-json\/wp\/v2\/media?parent=2371"}],"wp:term":[{"taxonomy":"product_cat","embeddable":true,"href":"https:\/\/demo9.thuythu.vn\/reeco\/wp-json\/wp\/v2\/product_cat?post=2371"},{"taxonomy":"product_tag","embeddable":true,"href":"https:\/\/demo9.thuythu.vn\/reeco\/wp-json\/wp\/v2\/product_tag?post=2371"}],"curies":[{"name":"wp","href":"https:\/\/api.w.org\/{rel}","templated":true}]}}