{"id":2367,"date":"2024-01-11T08:34:08","date_gmt":"2024-01-11T08:34:08","guid":{"rendered":"https:\/\/demo9.thuythu.vn\/reeco\/?post_type=product&#038;p=2367"},"modified":"2024-01-11T08:37:15","modified_gmt":"2024-01-11T08:37:15","slug":"may-do-oxy-hoa-tan-do200a","status":"publish","type":"product","link":"https:\/\/demo9.thuythu.vn\/reeco\/san-pham\/may-do-oxy-hoa-tan-do200a\/","title":{"rendered":"M\u00e1y \u0111o Oxy h\u00f2a tan DO200A"},"content":{"rendered":"","protected":false},"excerpt":{"rendered":"<p><span style=\"font-weight: 400;\">Model: DO200A; H\u00e3ng s\u1ea3n xu\u1ea5t: YSI &#8211; USA.<\/span><\/p>\n<p><span style=\"font-weight: 400;\">Xu\u1ea5t x\u1ee9: Trung Qu\u1ed1c.<\/span><\/p>\n<p><span style=\"font-weight: 400;\">M\u00e1y \u0111o oxy h\u00f2a tan DO200A \u0111\u01b0\u1ee3c s\u1eed d\u1ee5ng r\u1ed9ng r\u00e3i trong gi\u00e1m s\u00e1t, \u0111o \u0111\u1ea1c ch\u1ea5t l\u01b0\u1ee3ng n\u01b0\u1edbc nu\u00f4i tr\u1ed3ng th\u1ee7y s\u1ea3n, n\u01b0\u1edbc m\u1eb7t, n\u01b0\u1edbc ng\u1ea7m,&#8230;<\/span><\/p>\n<ul>\n<li style=\"font-weight: 400;\" aria-level=\"1\"><span style=\"font-weight: 400;\">M\u00e0n h\u00ecnh hi\u1ec3n th\u1ecb: LCD<\/span><\/li>\n<li style=\"font-weight: 400;\" aria-level=\"1\"><span style=\"font-weight: 400;\">B\u1ed9 nh\u1edb d\u1eef li\u1ec7u: 50 g\u00f3i d\u1eef li\u1ec7u<\/span><\/li>\n<li style=\"font-weight: 400;\" aria-level=\"1\"><span style=\"font-weight: 400;\">T\u1ef1 \u0111\u1ed9ng t\u00ednh to\u00e1n b\u00f9 nhi\u1ec7t \u0111\u1ed9<\/span><\/li>\n<li style=\"font-weight: 400;\" aria-level=\"1\"><span style=\"font-weight: 400;\">T\u00ednh to\u00e1n b\u00f9 \u0111\u1ed9 m\u1eb7n v\u00e0 \u00e1p su\u1ea5t t\u1eeb gi\u00e1 tr\u1ecb nh\u1eadp v\u00e0o<\/span><\/li>\n<li style=\"font-weight: 400;\" aria-level=\"1\"><span style=\"font-weight: 400;\">T\u1ef1 \u0111\u1ed9ng t\u1eaft m\u00e0n h\u00ecnh sau 30 ph\u00fat kh\u00f4ng s\u1eed d\u1ee5ng<\/span><\/li>\n<li style=\"font-weight: 400;\" aria-level=\"1\"><span style=\"font-weight: 400;\">C\u1ea5p \u0111\u1ed9 b\u1ea3o v\u1ec7: IP67<\/span><\/li>\n<li style=\"font-weight: 400;\" aria-level=\"1\"><span style=\"font-weight: 400;\">M\u00f4i tr\u01b0\u1eddng ho\u1ea1t \u0111\u1ed9ng: 0 \u0111\u1ebfn 50 <\/span><span style=\"font-weight: 400;\">o<\/span><span style=\"font-weight: 400;\">C, \u0111\u1ed9 \u1ea9m 95%<\/span><\/li>\n<li style=\"font-weight: 400;\" aria-level=\"1\"><span style=\"font-weight: 400;\">Ngu\u1ed3n: Pin 9V k\u00e8m m\u00e1y<\/span><\/li>\n<li style=\"font-weight: 400;\" aria-level=\"1\"><span style=\"font-weight: 400;\">Tu\u1ed5i th\u1ecd pin: 500 gi\u1edd<\/span><\/li>\n<\/ul>\n","protected":false},"featured_media":2368,"comment_status":"open","ping_status":"closed","template":"","meta":[],"product_cat":[15],"product_tag":[685,683,673],"acf":[],"lang":"vi","translations":{"vi":2367,"en":2370},"pll_sync_post":[],"_links":{"self":[{"href":"https:\/\/demo9.thuythu.vn\/reeco\/wp-json\/wp\/v2\/product\/2367"}],"collection":[{"href":"https:\/\/demo9.thuythu.vn\/reeco\/wp-json\/wp\/v2\/product"}],"about":[{"href":"https:\/\/demo9.thuythu.vn\/reeco\/wp-json\/wp\/v2\/types\/product"}],"replies":[{"embeddable":true,"href":"https:\/\/demo9.thuythu.vn\/reeco\/wp-json\/wp\/v2\/comments?post=2367"}],"wp:featuredmedia":[{"embeddable":true,"href":"https:\/\/demo9.thuythu.vn\/reeco\/wp-json\/wp\/v2\/media\/2368"}],"wp:attachment":[{"href":"https:\/\/demo9.thuythu.vn\/reeco\/wp-json\/wp\/v2\/media?parent=2367"}],"wp:term":[{"taxonomy":"product_cat","embeddable":true,"href":"https:\/\/demo9.thuythu.vn\/reeco\/wp-json\/wp\/v2\/product_cat?post=2367"},{"taxonomy":"product_tag","embeddable":true,"href":"https:\/\/demo9.thuythu.vn\/reeco\/wp-json\/wp\/v2\/product_tag?post=2367"}],"curies":[{"name":"wp","href":"https:\/\/api.w.org\/{rel}","templated":true}]}}