{"id":2353,"date":"2024-01-11T07:59:35","date_gmt":"2024-01-11T07:59:35","guid":{"rendered":"https:\/\/demo9.thuythu.vn\/reeco\/?post_type=product&#038;p=2353"},"modified":"2024-01-11T08:07:00","modified_gmt":"2024-01-11T08:07:00","slug":"but-do-do-dan-nhiet-do-tds-ec30a","status":"publish","type":"product","link":"https:\/\/demo9.thuythu.vn\/reeco\/san-pham\/but-do-do-dan-nhiet-do-tds-ec30a\/","title":{"rendered":"B\u00fat \u0111o \u0110\u1ed9 d\u1eabn, Nhi\u1ec7t \u0111\u1ed9, TDS EC30A"},"content":{"rendered":"","protected":false},"excerpt":{"rendered":"<p style=\"text-align: justify;\"><span style=\"font-weight: 400;\">Model: EC30A; H\u00e3ng s\u1ea3n xu\u1ea5t: YSI -USA.<\/span><span style=\"font-weight: 400;\"><br \/>\n<\/span><span style=\"font-weight: 400;\">Xu\u1ea5t x\u1ee9: Trung Qu\u1ed1c.<\/span><\/p>\n<ul>\n<li style=\"font-weight: 400; text-align: justify;\" aria-level=\"1\"><span style=\"font-weight: 400;\">Chu\u00e2\u0309n ba\u0309o v\u00ea\u0323 IP67 ch\u00f4\u0301ng n\u01b0\u01a1\u0301c, b\u00ea\u0300n bi\u0309 ngoa\u0300i hi\u00ea\u0323n tr\u01b0\u01a1\u0300ng<\/span><\/li>\n<li style=\"font-weight: 400; text-align: justify;\" aria-level=\"1\"><span style=\"font-weight: 400;\">T\u01b0\u0323 \u0111\u00f4\u0323ng bu\u0300 nhi\u00ea\u0323t cho k\u00ea\u0301t qua\u0309 chi\u0301nh xa\u0301c<\/span><\/li>\n<li style=\"font-weight: 400; text-align: justify;\" aria-level=\"1\"><span style=\"font-weight: 400;\">Ng\u01b0\u01a1\u0300i du\u0300ng t\u01b0\u0323 do l\u01b0\u0323a cho\u0323n \u0111\u01a1n vi\u0323 hi\u00ea\u0309n thi\u0323 va\u0300 da\u0309i \u0111o cho ca\u0309 3 th\u00f4ng s\u00f4\u0301<\/span><\/li>\n<li style=\"font-weight: 400; text-align: justify;\" aria-level=\"1\"><span style=\"font-weight: 400;\">Ghi d\u01b0\u0303 li\u00ea\u0323u hi\u00ea\u0323u chu\u00e2\u0309n GPL cu\u00f4\u0301i cu\u0300ng<\/span><\/li>\n<\/ul>\n","protected":false},"featured_media":2354,"comment_status":"open","ping_status":"closed","template":"","meta":[],"product_cat":[15],"product_tag":[],"acf":[],"lang":"vi","translations":{"vi":2353,"en":2356},"pll_sync_post":[],"_links":{"self":[{"href":"https:\/\/demo9.thuythu.vn\/reeco\/wp-json\/wp\/v2\/product\/2353"}],"collection":[{"href":"https:\/\/demo9.thuythu.vn\/reeco\/wp-json\/wp\/v2\/product"}],"about":[{"href":"https:\/\/demo9.thuythu.vn\/reeco\/wp-json\/wp\/v2\/types\/product"}],"replies":[{"embeddable":true,"href":"https:\/\/demo9.thuythu.vn\/reeco\/wp-json\/wp\/v2\/comments?post=2353"}],"wp:featuredmedia":[{"embeddable":true,"href":"https:\/\/demo9.thuythu.vn\/reeco\/wp-json\/wp\/v2\/media\/2354"}],"wp:attachment":[{"href":"https:\/\/demo9.thuythu.vn\/reeco\/wp-json\/wp\/v2\/media?parent=2353"}],"wp:term":[{"taxonomy":"product_cat","embeddable":true,"href":"https:\/\/demo9.thuythu.vn\/reeco\/wp-json\/wp\/v2\/product_cat?post=2353"},{"taxonomy":"product_tag","embeddable":true,"href":"https:\/\/demo9.thuythu.vn\/reeco\/wp-json\/wp\/v2\/product_tag?post=2353"}],"curies":[{"name":"wp","href":"https:\/\/api.w.org\/{rel}","templated":true}]}}