{"id":2347,"date":"2024-01-11T07:42:31","date_gmt":"2024-01-11T07:42:31","guid":{"rendered":"https:\/\/demo9.thuythu.vn\/reeco\/?post_type=product&#038;p=2347"},"modified":"2024-01-11T07:50:31","modified_gmt":"2024-01-11T07:50:31","slug":"but-do-da-thong-so-ysi-ph-ec1030a","status":"publish","type":"product","link":"https:\/\/demo9.thuythu.vn\/reeco\/san-pham\/but-do-da-thong-so-ysi-ph-ec1030a\/","title":{"rendered":"B\u00fat \u0111o \u0111a th\u00f4ng s\u1ed1 YSI pH\/EC1030A"},"content":{"rendered":"","protected":false},"excerpt":{"rendered":"<p><span style=\"font-weight: 400;\">Model: pH\/EC1030A; H\u00e3ng s\u1ea3n xu\u1ea5t: YSI &#8211; USA.<\/span><\/p>\n<p><span style=\"font-weight: 400;\">Xu\u1ea5t x\u1ee9: Trung Qu\u1ed1c.<\/span><\/p>\n<ul>\n<li style=\"font-weight: 400;\" aria-level=\"1\"><span style=\"font-weight: 400;\">\u0110o \u0111a\u0323c \u0111a th\u00f4ng s\u00f4\u0301 v\u01a1\u0301i chi phi\u0301 ph\u00e2\u0301p: Nhi\u00ea\u0323t \u0111\u00f4\u0323, pH, \u0110\u00f4\u0323 d\u00e2\u0303n, TDS, \u0110\u00f4\u0323 m\u0103\u0323n<\/span><\/li>\n<li style=\"font-weight: 400;\" aria-level=\"1\"><span style=\"font-weight: 400;\">\u0110a\u0323t ti\u00eau chu\u00e2\u0309n ch\u00e2\u0301t l\u01b0\u01a1\u0323ng CE<\/span><\/li>\n<li style=\"font-weight: 400;\" aria-level=\"1\"><span style=\"font-weight: 400;\">Chu\u00e2\u0309n ba\u0309o v\u00ea\u0323 IP67 ch\u00f4\u0301ng n\u01b0\u01a1\u0301c, b\u00ea\u0300n bi\u0309 ngoa\u0300i hi\u00ea\u0323n tr\u01b0\u01a1\u0300ng<\/span><\/li>\n<li style=\"font-weight: 400;\" aria-level=\"1\"><span style=\"font-weight: 400;\">T\u01b0\u0323 \u0111\u00f4\u0323ng bu\u0300 nhi\u00ea\u0323t cho k\u00ea\u0301t qua\u0309 chi\u0301nh xa\u0301c<\/span><\/li>\n<\/ul>\n","protected":false},"featured_media":2348,"comment_status":"open","ping_status":"closed","template":"","meta":[],"product_cat":[15],"product_tag":[675,677,671,673],"acf":[],"lang":"vi","translations":{"vi":2347,"en":2351},"pll_sync_post":[],"_links":{"self":[{"href":"https:\/\/demo9.thuythu.vn\/reeco\/wp-json\/wp\/v2\/product\/2347"}],"collection":[{"href":"https:\/\/demo9.thuythu.vn\/reeco\/wp-json\/wp\/v2\/product"}],"about":[{"href":"https:\/\/demo9.thuythu.vn\/reeco\/wp-json\/wp\/v2\/types\/product"}],"replies":[{"embeddable":true,"href":"https:\/\/demo9.thuythu.vn\/reeco\/wp-json\/wp\/v2\/comments?post=2347"}],"wp:featuredmedia":[{"embeddable":true,"href":"https:\/\/demo9.thuythu.vn\/reeco\/wp-json\/wp\/v2\/media\/2348"}],"wp:attachment":[{"href":"https:\/\/demo9.thuythu.vn\/reeco\/wp-json\/wp\/v2\/media?parent=2347"}],"wp:term":[{"taxonomy":"product_cat","embeddable":true,"href":"https:\/\/demo9.thuythu.vn\/reeco\/wp-json\/wp\/v2\/product_cat?post=2347"},{"taxonomy":"product_tag","embeddable":true,"href":"https:\/\/demo9.thuythu.vn\/reeco\/wp-json\/wp\/v2\/product_tag?post=2347"}],"curies":[{"name":"wp","href":"https:\/\/api.w.org\/{rel}","templated":true}]}}