{"id":2332,"date":"2024-01-11T06:57:19","date_gmt":"2024-01-11T06:57:19","guid":{"rendered":"https:\/\/demo9.thuythu.vn\/reeco\/?post_type=product&#038;p=2332"},"modified":"2024-01-11T07:26:42","modified_gmt":"2024-01-11T07:26:42","slug":"thiet-bi-lay-mau-tu-dong-ysi-prosample","status":"publish","type":"product","link":"https:\/\/demo9.thuythu.vn\/reeco\/san-pham\/thiet-bi-lay-mau-tu-dong-ysi-prosample\/","title":{"rendered":"Thi\u1ebft b\u1ecb l\u1ea5y m\u1eabu t\u1ef1 \u0111\u1ed9ng YSI ProSample"},"content":{"rendered":"","protected":false},"excerpt":{"rendered":"<p><span style=\"font-weight: 400;\">Model: ProSample; H\u00e3ng s\u1ea3n xu\u1ea5t: YSI &#8211; M\u1ef9<\/span><\/p>\n<ul>\n<li style=\"font-weight: 400;\" aria-level=\"1\"><span style=\"font-weight: 400;\">V\u1eadt li\u1ec7u nh\u1ef1a PE cho \u0111\u1ed9 b\u1ec1n cao, 2 l\u1edbp, c\u00e1ch nhi\u1ec7t \u0111\u1ec3 m\u1edf r\u1ed9ng ki\u1ec3m so\u00e1t nhi\u1ec7t \u0111\u1ed9 v\u00e0 duy tr\u00ec nhi\u1ec7t \u0111\u1ed9 l\u00e0m l\u1ea1nh.<\/span><\/li>\n<li style=\"font-weight: 400;\" aria-level=\"1\"><span style=\"font-weight: 400;\">Tr\u1ecdng l\u01b0\u1ee3ng nh\u1eb9 v\u00e0 nh\u1ecf g\u1ecdn, d\u1ec5 d\u00e0ng di chuy\u1ec3n.<\/span><\/li>\n<li style=\"font-weight: 400;\" aria-level=\"1\"><span style=\"font-weight: 400;\">Thi\u1ebft k\u1ebf k\u00edn ng\u0103n kh\u00f4ng b\u1ecb \u00f4 nhi\u1ec5m, v\u1edbi chi\u1ec1u d\u00e0i \u1ed1ng ng\u1eafn, d\u1ec5 d\u00e0ng thay th\u1ebf, cho th\u1eddi gian ch\u1ebft l\u00e0 t\u1ed1i thi\u1ec3u.<\/span><\/li>\n<li style=\"font-weight: 400;\" aria-level=\"1\"><span style=\"font-weight: 400;\">B\u01a1m nhu \u0111\u1ed9ng \u0111\u1ed9c quy\u1ec1n: cho d\u1eef li\u1ec7u ch\u00ednh x\u00e1c v\u00e0 c\u00f3 th\u1ec3 l\u1eb7p l\u1ea1i, \u0111\u1ed3ng th\u1eddi nh\u1edd \u1ed1ng l\u00f2 xo \u1ed5 bi gi\u00fap\u00a0 t\u0103ng tu\u1ed5i th\u1ecd cho \u1ed1ng, l\u00ean \u0111\u1ebfn 20% so v\u1edbi c\u00e1c s\u1ea3n ph\u1ea9m c\u1ea1nh tranh.<\/span><\/li>\n<li style=\"font-weight: 400;\" aria-level=\"1\"><span style=\"font-weight: 400;\">M\u1ee9c \u0111\u1ed9 b\u1ea3o tr\u00ec th\u1ea5p.<\/span><\/li>\n<\/ul>\n","protected":false},"featured_media":2333,"comment_status":"open","ping_status":"closed","template":"","meta":[],"product_cat":[15],"product_tag":[],"acf":[],"lang":"vi","translations":{"vi":2332,"en":2338},"pll_sync_post":[],"_links":{"self":[{"href":"https:\/\/demo9.thuythu.vn\/reeco\/wp-json\/wp\/v2\/product\/2332"}],"collection":[{"href":"https:\/\/demo9.thuythu.vn\/reeco\/wp-json\/wp\/v2\/product"}],"about":[{"href":"https:\/\/demo9.thuythu.vn\/reeco\/wp-json\/wp\/v2\/types\/product"}],"replies":[{"embeddable":true,"href":"https:\/\/demo9.thuythu.vn\/reeco\/wp-json\/wp\/v2\/comments?post=2332"}],"wp:featuredmedia":[{"embeddable":true,"href":"https:\/\/demo9.thuythu.vn\/reeco\/wp-json\/wp\/v2\/media\/2333"}],"wp:attachment":[{"href":"https:\/\/demo9.thuythu.vn\/reeco\/wp-json\/wp\/v2\/media?parent=2332"}],"wp:term":[{"taxonomy":"product_cat","embeddable":true,"href":"https:\/\/demo9.thuythu.vn\/reeco\/wp-json\/wp\/v2\/product_cat?post=2332"},{"taxonomy":"product_tag","embeddable":true,"href":"https:\/\/demo9.thuythu.vn\/reeco\/wp-json\/wp\/v2\/product_tag?post=2332"}],"curies":[{"name":"wp","href":"https:\/\/api.w.org\/{rel}","templated":true}]}}