{"id":2328,"date":"2024-01-11T06:27:15","date_gmt":"2024-01-11T06:27:15","guid":{"rendered":"https:\/\/demo9.thuythu.vn\/reeco\/?post_type=product&#038;p=2328"},"modified":"2024-01-11T06:29:00","modified_gmt":"2024-01-11T06:29:00","slug":"thiet-bi-lay-mau-day-chuan-lenz","status":"publish","type":"product","link":"https:\/\/demo9.thuythu.vn\/reeco\/san-pham\/thiet-bi-lay-mau-day-chuan-lenz\/","title":{"rendered":"Thi\u1ebft b\u1ecb l\u1ea5y m\u1eabu \u0111\u00e1y chu\u1ea9n Lenz"},"content":{"rendered":"","protected":false},"excerpt":{"rendered":"<p><span style=\"font-weight: 400;\">Thi\u1ebft b\u1ecb l\u1ea5y m\u1eabu \u0111\u00e1y theo chu\u1ea9n Lenz l\u00e0 m\u1ed9t phi\u00ean b\u1ea3n s\u1eeda \u0111\u1ed5i c\u1ee7a Ekman-Birge. Thi\u1ebft b\u1ecb \u0111\u01b0\u1ee3c trang b\u1ecb c\u00e1c ng\u0103n chia m\u1eabu \u0111\u1ec3 ph\u00e2n m\u1eabu ra l\u00e0m 5 l\u1edbp c\u00f3 \u0111\u1ed9 d\u00e0y 20 mm\/l\u1edbp. C\u00e1c l\u1edbp m\u1eabu n\u00e0y c\u00f3 th\u1ec3 g\u1ee1 ra ri\u00eang r\u1ebd \u0111\u1ec3 ki\u1ec3m tra, ph\u00e2n t\u00edch. Thi\u1ebft b\u1ecb l\u1ea5y m\u1eabu \u0111\u00e1y Lenz bao g\u1ed3m th\u00f9ng ch\u1ee9a b\u1eb1ng th\u00e9p kh\u00f4ng g\u1ec9 \u0111\u1eb7c ch\u1ee7ng, ch\u1eafc ch\u1eafn v\u00e0 hai ng\u00e0m g\u00e0u, k\u00edch ho\u1ea1t \u0111\u1ed1ng b\u1eb1ng l\u1ef1c l\u00f2 xo v\u00e0 hai con chuy\u1ec1n (messenger). Hai mi\u1ebfng kim lo\u1ea1i b\u1ec1n, nh\u1eb9 ph\u1ee7 ph\u00eda tr\u00ean th\u00f9ng ch\u1ee9a, ng\u0103n m\u1eabu kh\u00f4ng b\u1ecb r\u1eeda tr\u00f4i trong qu\u00e1 tr\u00ecnh k\u00e9o thi\u1ebft b\u1ecb l\u00ean kh\u1ecfi m\u1eb7t n\u01b0\u1edbc.<\/span><\/p>\n","protected":false},"featured_media":2329,"comment_status":"open","ping_status":"closed","template":"","meta":[],"product_cat":[15],"product_tag":[],"acf":[],"lang":"vi","translations":{"vi":2328,"en":2331},"pll_sync_post":[],"_links":{"self":[{"href":"https:\/\/demo9.thuythu.vn\/reeco\/wp-json\/wp\/v2\/product\/2328"}],"collection":[{"href":"https:\/\/demo9.thuythu.vn\/reeco\/wp-json\/wp\/v2\/product"}],"about":[{"href":"https:\/\/demo9.thuythu.vn\/reeco\/wp-json\/wp\/v2\/types\/product"}],"replies":[{"embeddable":true,"href":"https:\/\/demo9.thuythu.vn\/reeco\/wp-json\/wp\/v2\/comments?post=2328"}],"wp:featuredmedia":[{"embeddable":true,"href":"https:\/\/demo9.thuythu.vn\/reeco\/wp-json\/wp\/v2\/media\/2329"}],"wp:attachment":[{"href":"https:\/\/demo9.thuythu.vn\/reeco\/wp-json\/wp\/v2\/media?parent=2328"}],"wp:term":[{"taxonomy":"product_cat","embeddable":true,"href":"https:\/\/demo9.thuythu.vn\/reeco\/wp-json\/wp\/v2\/product_cat?post=2328"},{"taxonomy":"product_tag","embeddable":true,"href":"https:\/\/demo9.thuythu.vn\/reeco\/wp-json\/wp\/v2\/product_tag?post=2328"}],"curies":[{"name":"wp","href":"https:\/\/api.w.org\/{rel}","templated":true}]}}