{"id":2312,"date":"2024-01-11T04:32:46","date_gmt":"2024-01-11T04:32:46","guid":{"rendered":"https:\/\/demo9.thuythu.vn\/reeco\/?post_type=product&#038;p=2312"},"modified":"2024-01-11T04:34:33","modified_gmt":"2024-01-11T04:34:33","slug":"vot-bat-mau-day-tren-dong-chay-dang-surber","status":"publish","type":"product","link":"https:\/\/demo9.thuythu.vn\/reeco\/san-pham\/vot-bat-mau-day-tren-dong-chay-dang-surber\/","title":{"rendered":"V\u1ee3t b\u1eaft m\u1eabu \u0111\u00e1y tr\u00ean d\u00f2ng ch\u1ea3y d\u1ea1ng Surber"},"content":{"rendered":"","protected":false},"excerpt":{"rendered":"<p><span style=\"font-weight: 400;\">V\u1ee3t b\u1eaft m\u1eabu \u0111\u00e1y Surber \u0111\u01b0\u1ee3c thi\u1ebft k\u1ebf \u0111\u1ec3 b\u1eaft c\u00e1c sinh v\u1eadt nh\u01b0 c\u00f4n tr\u00f9ng, \u1ea5u tr\u00f9ng,\u2026 \u1edf d\u00f2ng n\u01b0\u1edbc n\u00f4ng. Kh\u00e1c v\u1edbi v\u1ee3t b\u1eaft m\u1eabu chu\u1ea9n AQEM, v\u1ee3t Surber c\u00f3 th\u00eam m\u1ed9t khung c\u1ed1 \u0111\u1ecbnh c\u00f3 th\u1ec3 g\u1ea5p l\u1ea1i \u0111\u01b0\u1ee3c. Khung n\u00e0y gi\u00fap x\u00e1c \u0111\u1ecbnh ch\u00ednh x\u00e1c v\u00f9ng n\u01b0\u1edbc b\u1ecb l\u00e0m x\u00e1o tr\u1ed9n. L\u00fd t\u01b0\u1edfng khi b\u1eaft m\u1eabu \u1edf v\u00f9ng n\u01b0\u1edbc c\u00f3 \u0111\u1ed9 s\u00e2u t\u1eeb 30 \u0111\u1ebfn 45 cm.<\/span><span style=\"font-weight: 400;\"><br \/>\n<\/span><span style=\"font-weight: 400;\">V\u1ee3t bao g\u1ed3m l\u01b0\u1edbi b\u1eaft m\u1eabu b\u1eb1ng s\u1ee3i Nylon, g\u1eafn v\u1edbi khung th\u00e9p kh\u00f4ng g\u1ec9 \u0111\u1eb7c ch\u1ee7ng c\u00f3 \u0111\u1ed9 b\u1ec1n cao. Ch\u1ed1t g\u1eafn g\u1eady c\u1ea7m tay c\u00f3 \u0111\u01b0\u1eddng k\u00ednh trong 20 mm. G\u1eady c\u1ea7m tay \u0111i\u1ec1u ch\u1ec9nh \u0111\u01b0\u1ee3c c\u00e1c \u0111\u1ed9 d\u00e0i kh\u00e1c nhau c\u00f3 th\u1ec3 cung c\u1ea5p theo y\u00eau c\u1ea7u c\u1ee5 th\u1ec3 c\u1ee7a kh\u00e1ch h\u00e0ng. V\u1ee3t c\u00f3 k\u00edch th\u01b0\u1edbc mi\u1ec7ng 32 x 32 cm, chi\u1ec1u s\u00e2u 70 cm v\u00e0 l\u1ed7 l\u01b0\u1edbi 500 microns.<\/span><span style=\"font-weight: 400;\"><br \/>\n<\/span><span style=\"font-weight: 400;\">M\u1ed9t kh\u00f3a k\u00e9o d\u1ea1ng ph\u00e9c-m\u01a1-tuya cho ph\u00e9p g\u1ee1 l\u01b0\u1edbi ra trong tr\u01b0\u1eddng h\u1ee3p c\u1ea7n gi\u1eb7t ho\u1eb7c thay l\u01b0\u1edbi.<\/span><\/p>\n","protected":false},"featured_media":2314,"comment_status":"open","ping_status":"closed","template":"","meta":[],"product_cat":[15],"product_tag":[],"acf":[],"lang":"vi","translations":{"vi":2312,"en":2315},"pll_sync_post":[],"_links":{"self":[{"href":"https:\/\/demo9.thuythu.vn\/reeco\/wp-json\/wp\/v2\/product\/2312"}],"collection":[{"href":"https:\/\/demo9.thuythu.vn\/reeco\/wp-json\/wp\/v2\/product"}],"about":[{"href":"https:\/\/demo9.thuythu.vn\/reeco\/wp-json\/wp\/v2\/types\/product"}],"replies":[{"embeddable":true,"href":"https:\/\/demo9.thuythu.vn\/reeco\/wp-json\/wp\/v2\/comments?post=2312"}],"wp:featuredmedia":[{"embeddable":true,"href":"https:\/\/demo9.thuythu.vn\/reeco\/wp-json\/wp\/v2\/media\/2314"}],"wp:attachment":[{"href":"https:\/\/demo9.thuythu.vn\/reeco\/wp-json\/wp\/v2\/media?parent=2312"}],"wp:term":[{"taxonomy":"product_cat","embeddable":true,"href":"https:\/\/demo9.thuythu.vn\/reeco\/wp-json\/wp\/v2\/product_cat?post=2312"},{"taxonomy":"product_tag","embeddable":true,"href":"https:\/\/demo9.thuythu.vn\/reeco\/wp-json\/wp\/v2\/product_tag?post=2312"}],"curies":[{"name":"wp","href":"https:\/\/api.w.org\/{rel}","templated":true}]}}