{"id":2305,"date":"2024-01-11T04:26:25","date_gmt":"2024-01-11T04:26:25","guid":{"rendered":"https:\/\/demo9.thuythu.vn\/reeco\/?post_type=product&#038;p=2305"},"modified":"2024-01-11T04:28:02","modified_gmt":"2024-01-11T04:28:02","slug":"vot-bat-mau-bang-tay-theo-chuan-boettger","status":"publish","type":"product","link":"https:\/\/demo9.thuythu.vn\/reeco\/san-pham\/vot-bat-mau-bang-tay-theo-chuan-boettger\/","title":{"rendered":"V\u1ee3t b\u1eaft m\u1eabu b\u1eb1ng tay theo chu\u1ea9n Boettger"},"content":{"rendered":"","protected":false},"excerpt":{"rendered":"<p><span style=\"font-weight: 400;\">Khung c\u1ee7a V\u1ee3t b\u1eaft m\u1eabu b\u1eb1ng tay theo chu\u1ea9n Boettger \u0111\u01b0\u1ee3c l\u00e0m b\u1eb1ng th\u00e9p kh\u00f4ng g\u1ec9 \u0111\u1eb7c ch\u1ee7ng c\u00f3 \u0111\u1ed9 b\u1ec1n cao. Ch\u1ed1t g\u1eafn g\u1eady c\u1ea7m tay c\u00f3 \u0111\u01b0\u1eddng k\u00ednh trong 20 mm. G\u1eady c\u1ea7m tay \u0111i\u1ec1u ch\u1ec9nh \u0111\u01b0\u1ee3c c\u00e1c \u0111\u1ed9 d\u00e0i kh\u00e1c nhau c\u00f3 th\u1ec3 cung c\u1ea5p theo y\u00eau c\u1ea7u c\u1ee5 th\u1ec3 c\u1ee7a kh\u00e1ch h\u00e0ng. V\u1ee3t b\u1eaft m\u1eabu b\u1eb1ng tay c\u00f3 k\u00edch th\u01b0\u1edbc mi\u1ec7ng 25 x 25 cm, chi\u1ec1u s\u00e2u 35 cm v\u00e0 l\u1ed7 l\u01b0\u1edbi 500 microns l\u00fd t\u01b0\u1edfng cho c\u00e1c \u1ee9ng d\u1ee5ng b\u1eaft m\u1eabu g\u1ea7n \u0111\u00e1y \u1edf v\u00f9ng n\u01b0\u1edbc n\u00f4ng nh\u01b0 s\u00f4ng, h\u1ed3, \u0111\u1eadp. Kh\u00e1ch h\u00e0ng c\u00f3 th\u1ec3 y\u00eau c\u1ea7u s\u1ea3n ph\u1ea9m c\u00f3 k\u00edch th\u01b0\u1edbc l\u1ed7 l\u01b0\u1edbi t\u00f9y ch\u1ecdn.<\/span><\/p>\n","protected":false},"featured_media":2310,"comment_status":"open","ping_status":"closed","template":"","meta":[],"product_cat":[15],"product_tag":[],"acf":[],"lang":"vi","translations":{"vi":2305,"en":2311},"pll_sync_post":[],"_links":{"self":[{"href":"https:\/\/demo9.thuythu.vn\/reeco\/wp-json\/wp\/v2\/product\/2305"}],"collection":[{"href":"https:\/\/demo9.thuythu.vn\/reeco\/wp-json\/wp\/v2\/product"}],"about":[{"href":"https:\/\/demo9.thuythu.vn\/reeco\/wp-json\/wp\/v2\/types\/product"}],"replies":[{"embeddable":true,"href":"https:\/\/demo9.thuythu.vn\/reeco\/wp-json\/wp\/v2\/comments?post=2305"}],"wp:featuredmedia":[{"embeddable":true,"href":"https:\/\/demo9.thuythu.vn\/reeco\/wp-json\/wp\/v2\/media\/2310"}],"wp:attachment":[{"href":"https:\/\/demo9.thuythu.vn\/reeco\/wp-json\/wp\/v2\/media?parent=2305"}],"wp:term":[{"taxonomy":"product_cat","embeddable":true,"href":"https:\/\/demo9.thuythu.vn\/reeco\/wp-json\/wp\/v2\/product_cat?post=2305"},{"taxonomy":"product_tag","embeddable":true,"href":"https:\/\/demo9.thuythu.vn\/reeco\/wp-json\/wp\/v2\/product_tag?post=2305"}],"curies":[{"name":"wp","href":"https:\/\/api.w.org\/{rel}","templated":true}]}}