{"id":2300,"date":"2024-01-11T04:18:10","date_gmt":"2024-01-11T04:18:10","guid":{"rendered":"https:\/\/demo9.thuythu.vn\/reeco\/?post_type=product&#038;p=2300"},"modified":"2024-01-11T04:20:14","modified_gmt":"2024-01-11T04:20:14","slug":"vat-giang-vay-chu-v","status":"publish","type":"product","link":"https:\/\/demo9.thuythu.vn\/reeco\/san-pham\/vat-giang-vay-chu-v\/","title":{"rendered":"V\u1eadt gi\u1eb1ng v\u00e2y ch\u1eef V (V-Fin Depressor)"},"content":{"rendered":"","protected":false},"excerpt":{"rendered":"<p style=\"text-align: justify;\"><span style=\"font-weight: 400;\">V\u1eadt gi\u1eb1ng v\u00e2y ch\u1eef V l\u00e0 c\u00e1nh \u0111\u1ed1i tr\u1ecdng \u0111\u1ec3 v\u1eadn h\u00e0nh c\u00e1c thi\u1ebft b\u1ecb b\u1eaft m\u1eabu phi\u00eau sinh v\u1eadt theo ph\u01b0\u01a1ng k\u00e9o ngang.<\/span><span style=\"font-weight: 400;\"><br \/>\n<\/span><span style=\"font-weight: 400;\">V\u1eadt gi\u1eb1ng v\u00e2y ch\u1eef V \u0111\u01b0\u1ee3c s\u1eed d\u1ee5ng \u0111\u1ec3 t\u1ea1o l\u1ef1c n\u00e2ng \u00e2m cho c\u00e1c<\/span> <span style=\"font-weight: 400;\">thi\u1ebft b\u1ecb b\u1eaft m\u1eabu phi\u00eau sinh v\u1eadt<\/span><span style=\"font-weight: 400;\"> theo ph\u01b0\u01a1ng k\u00e9o ngang v\u00e0 k\u00e9o xi\u00ean. V\u1eadt gi\u1eb1ng n\u00e0y gi\u00fap thi\u1ebft b\u1ecb b\u1eaft m\u1eabu ho\u1ea1t \u0111\u1ed9ng \u1ed5n \u0111\u1ecbnh h\u01a1n trong m\u00f4i tr\u01b0\u1eddng n\u01b0\u1edbc. C\u1ea5u t\u1ea1o bao g\u1ed3m v\u00e2y n\u1eb7ng, d\u00e2y c\u00e1p v\u00e0 c\u00f9m b\u1eb1ng th\u00e9p kh\u00f4ng g\u1ec9.<\/span><\/p>\n","protected":false},"featured_media":2303,"comment_status":"open","ping_status":"closed","template":"","meta":[],"product_cat":[15],"product_tag":[],"acf":[],"lang":"vi","translations":{"vi":2300,"en":2304},"pll_sync_post":[],"_links":{"self":[{"href":"https:\/\/demo9.thuythu.vn\/reeco\/wp-json\/wp\/v2\/product\/2300"}],"collection":[{"href":"https:\/\/demo9.thuythu.vn\/reeco\/wp-json\/wp\/v2\/product"}],"about":[{"href":"https:\/\/demo9.thuythu.vn\/reeco\/wp-json\/wp\/v2\/types\/product"}],"replies":[{"embeddable":true,"href":"https:\/\/demo9.thuythu.vn\/reeco\/wp-json\/wp\/v2\/comments?post=2300"}],"wp:featuredmedia":[{"embeddable":true,"href":"https:\/\/demo9.thuythu.vn\/reeco\/wp-json\/wp\/v2\/media\/2303"}],"wp:attachment":[{"href":"https:\/\/demo9.thuythu.vn\/reeco\/wp-json\/wp\/v2\/media?parent=2300"}],"wp:term":[{"taxonomy":"product_cat","embeddable":true,"href":"https:\/\/demo9.thuythu.vn\/reeco\/wp-json\/wp\/v2\/product_cat?post=2300"},{"taxonomy":"product_tag","embeddable":true,"href":"https:\/\/demo9.thuythu.vn\/reeco\/wp-json\/wp\/v2\/product_tag?post=2300"}],"curies":[{"name":"wp","href":"https:\/\/api.w.org\/{rel}","templated":true}]}}