{"id":2294,"date":"2024-01-11T04:08:50","date_gmt":"2024-01-11T04:08:50","guid":{"rendered":"https:\/\/demo9.thuythu.vn\/reeco\/?post_type=product&#038;p=2294"},"modified":"2024-01-11T04:11:10","modified_gmt":"2024-01-11T04:11:10","slug":"toi-keo-bang-tay","status":"publish","type":"product","link":"https:\/\/demo9.thuythu.vn\/reeco\/san-pham\/toi-keo-bang-tay\/","title":{"rendered":"T\u1eddi k\u00e9o b\u1eb1ng tay"},"content":{"rendered":"","protected":false},"excerpt":{"rendered":"<p><span style=\"font-weight: 400;\">T\u1eddi k\u00e9o tay l\u00e0 d\u1ee5ng c\u1ee5 h\u1ebft s\u1ee9c h\u1eefu d\u1ee5ng trong v\u1eadn h\u00e0nh c\u00e1c thi\u1ebft b\u1ecb kh\u1ea3o s\u00e1t, nghi\u00ean c\u1ee9u th\u1ee7y h\u1ecdc, h\u1ea3i d\u01b0\u01a1ng h\u1ecdc, m\u00f4i tr\u01b0\u1eddng, \u2026<\/span><span style=\"font-weight: 400;\"><br \/>\n<\/span><span style=\"font-weight: 400;\">T\u1eddi \u0111\u01b0\u1ee3c l\u00e0m b\u1eb1ng h\u1ee3p kim nh\u00f4m kh\u00e1ng n\u01b0\u1edbc bi\u1ec3n, v\u00e0 \u0111\u01b0\u1ee3c gia c\u01b0\u1eddng ch\u1ed1ng \u0103n m\u00f2n b\u1eb1ng k\u1ef9 thu\u1eadt ph\u1ee7 tr\u00e1ng men. Gu\u1ed3ng quay \u0111\u1ebfm cho ph\u00e9p \u0111\u1ecdc chi\u1ec1u d\u00e0i d\u00e2y \u0111\u00e3 th\u1ea3 ra. Ch\u1ee9c n\u0103ng c\u00e0i Zero. D\u00e2y t\u1eddi c\u00f3 th\u1ec3 c\u1ed1 \u0111\u1ecbnh l\u1ea1i \u1edf b\u1ea5t c\u1ee9 v\u1ecb tr\u00ed n\u00e0o. Ng\u00e0m c\u1ed1 \u0111\u1ecbnh t\u1eddi b\u1eb1ng th\u00e9p kh\u00f4ng g\u1ec9 cho ph\u00e9p d\u1ec5 d\u00e0ng g\u1eafn v\u00e0 c\u1ed1 \u0111\u1ecbnh t\u1eddi v\u00e0o th\u00e0nh t\u00e0u, thuy\u1ec1n, c\u1ea7u,\u2026 D\u00e2y k\u00e9o c\u00f3 th\u1ec3 \u0111\u1eb7t mua ri\u00eang, v\u1edbi \u0111\u1ed9 d\u00e0i t\u00f9y ch\u1ecdn (t\u1ed1i \u0111a 200m).<\/span><\/p>\n","protected":false},"featured_media":2297,"comment_status":"open","ping_status":"closed","template":"","meta":[],"product_cat":[15],"product_tag":[],"acf":[],"lang":"vi","translations":{"vi":2294,"en":2299},"pll_sync_post":[],"_links":{"self":[{"href":"https:\/\/demo9.thuythu.vn\/reeco\/wp-json\/wp\/v2\/product\/2294"}],"collection":[{"href":"https:\/\/demo9.thuythu.vn\/reeco\/wp-json\/wp\/v2\/product"}],"about":[{"href":"https:\/\/demo9.thuythu.vn\/reeco\/wp-json\/wp\/v2\/types\/product"}],"replies":[{"embeddable":true,"href":"https:\/\/demo9.thuythu.vn\/reeco\/wp-json\/wp\/v2\/comments?post=2294"}],"wp:featuredmedia":[{"embeddable":true,"href":"https:\/\/demo9.thuythu.vn\/reeco\/wp-json\/wp\/v2\/media\/2297"}],"wp:attachment":[{"href":"https:\/\/demo9.thuythu.vn\/reeco\/wp-json\/wp\/v2\/media?parent=2294"}],"wp:term":[{"taxonomy":"product_cat","embeddable":true,"href":"https:\/\/demo9.thuythu.vn\/reeco\/wp-json\/wp\/v2\/product_cat?post=2294"},{"taxonomy":"product_tag","embeddable":true,"href":"https:\/\/demo9.thuythu.vn\/reeco\/wp-json\/wp\/v2\/product_tag?post=2294"}],"curies":[{"name":"wp","href":"https:\/\/api.w.org\/{rel}","templated":true}]}}