{"id":2287,"date":"2024-01-11T03:52:47","date_gmt":"2024-01-11T03:52:47","guid":{"rendered":"https:\/\/demo9.thuythu.vn\/reeco\/?post_type=product&#038;p=2287"},"modified":"2024-01-11T03:56:15","modified_gmt":"2024-01-11T03:56:15","slug":"thiet-bi-thu-nhieu-mau-tram-tich-dong-thoi","status":"publish","type":"product","link":"https:\/\/demo9.thuythu.vn\/reeco\/san-pham\/thiet-bi-thu-nhieu-mau-tram-tich-dong-thoi\/","title":{"rendered":"Thi\u1ebft b\u1ecb thu nhi\u1ec1u m\u1eabu tr\u1ea7m t\u00edch \u0111\u1ed3ng th\u1eddi"},"content":{"rendered":"","protected":false},"excerpt":{"rendered":"<p><span style=\"font-weight: 400;\">Model: 444 101; H\u00e3ng s\u1ea3n xu\u1ea5t: Hydrobios &#8211; \u0110\u1ee9c.<\/span><\/p>\n<ul>\n<li style=\"font-weight: 400;\" aria-level=\"1\"><span style=\"font-weight: 400;\">Tang thu m\u1eabu quay b\u1eb1ng Titanium si\u00eau b\u1ec1n<\/span><\/li>\n<li style=\"font-weight: 400;\" aria-level=\"1\"><span style=\"font-weight: 400;\">K\u1ebft c\u1ea5u ch\u1eafc ch\u1eafn v\u00e0 kh\u1ed1i l\u01b0\u1ee3ng nh\u1eb9<\/span><\/li>\n<li style=\"font-weight: 400;\" aria-level=\"1\"><span style=\"font-weight: 400;\">\u0110\u1ed9 s\u00e2u ho\u1ea1t \u0111\u1ed9ng t\u1ed1i \u0111a ti\u00eau chu\u1ea9n:\u00a0 3000 m<\/span><\/li>\n<li style=\"font-weight: 400;\" aria-level=\"1\"><span style=\"font-weight: 400;\">Ti\u00eau hao n\u0103ng l\u01b0\u1ee3ng th\u1ea5p<\/span><\/li>\n<li style=\"font-weight: 400;\" aria-level=\"1\"><span style=\"font-weight: 400;\">Pin ho\u1ea1t \u0111\u1ed9ng b\u1ec1n b\u1ec9 d\u01b0\u1edbi n\u01b0\u1edbc<\/span><\/li>\n<li style=\"font-weight: 400;\" aria-level=\"1\"><span style=\"font-weight: 400;\">D\u1ea3i nhi\u1ec7t \u0111\u1ed9 ho\u1ea1t \u0111\u1ed9ng: -40\u00b0C \u0111\u1ebfn +85\u00b0C<\/span><\/li>\n<li style=\"font-weight: 400;\" aria-level=\"1\"><span style=\"font-weight: 400;\">Tu\u00e2n theo c\u00e1c ti\u00eau chu\u1ea9n ch\u1ea5t l\u01b0\u1ee3ng CE, EN 50081-1, EN 50082-1<\/span><\/li>\n<\/ul>\n","protected":false},"featured_media":2291,"comment_status":"open","ping_status":"closed","template":"","meta":[],"product_cat":[15],"product_tag":[],"acf":[],"lang":"vi","translations":{"vi":2287,"en":2292},"pll_sync_post":[],"_links":{"self":[{"href":"https:\/\/demo9.thuythu.vn\/reeco\/wp-json\/wp\/v2\/product\/2287"}],"collection":[{"href":"https:\/\/demo9.thuythu.vn\/reeco\/wp-json\/wp\/v2\/product"}],"about":[{"href":"https:\/\/demo9.thuythu.vn\/reeco\/wp-json\/wp\/v2\/types\/product"}],"replies":[{"embeddable":true,"href":"https:\/\/demo9.thuythu.vn\/reeco\/wp-json\/wp\/v2\/comments?post=2287"}],"wp:featuredmedia":[{"embeddable":true,"href":"https:\/\/demo9.thuythu.vn\/reeco\/wp-json\/wp\/v2\/media\/2291"}],"wp:attachment":[{"href":"https:\/\/demo9.thuythu.vn\/reeco\/wp-json\/wp\/v2\/media?parent=2287"}],"wp:term":[{"taxonomy":"product_cat","embeddable":true,"href":"https:\/\/demo9.thuythu.vn\/reeco\/wp-json\/wp\/v2\/product_cat?post=2287"},{"taxonomy":"product_tag","embeddable":true,"href":"https:\/\/demo9.thuythu.vn\/reeco\/wp-json\/wp\/v2\/product_tag?post=2287"}],"curies":[{"name":"wp","href":"https:\/\/api.w.org\/{rel}","templated":true}]}}