{"id":2278,"date":"2024-01-11T03:41:55","date_gmt":"2024-01-11T03:41:55","guid":{"rendered":"https:\/\/demo9.thuythu.vn\/reeco\/?post_type=product&#038;p=2278"},"modified":"2024-01-11T03:44:12","modified_gmt":"2024-01-11T03:44:12","slug":"thiet-bi-thu-bay-mau-tram-tich-saarso","status":"publish","type":"product","link":"https:\/\/demo9.thuythu.vn\/reeco\/san-pham\/thiet-bi-thu-bay-mau-tram-tich-saarso\/","title":{"rendered":"Thi\u1ebft b\u1ecb thu (b\u1eaby) m\u1eabu tr\u1ea7m t\u00edch Saarso"},"content":{"rendered":"","protected":false},"excerpt":{"rendered":"<p><span style=\"font-weight: 400;\">Thi\u1ebft b\u1ecb thu (b\u1eaby) m\u1eabu tr\u1ea7m t\u00edch Saarso cho ph\u00e9p x\u00e1c \u0111\u1ecbnh l\u01b0\u1ee3ng c\u00e1c v\u1eadt ch\u1ea5t l\u01a1 l\u1eedng l\u1eafng xu\u1ed1ng t\u1eeb m\u00f4i tr\u01b0\u1eddng n\u01b0\u1edbc. Thi\u1ebft k\u1ebf h\u00ecnh \u1ed1ng v\u1edbi di\u1ec7n t\u00edch mi\u1ec7ng thu m\u1eabu t\u01b0\u01a1ng \u0111\u1ed1i nh\u1ecf, cho ph\u00e9p c\u00e1c v\u1eadt ch\u1ea5t l\u01a1 l\u1eedng l\u1eafng v\u00e0o, v\u00e0 kh\u00f4ng b\u1ecb r\u1eeda tr\u00f4i b\u1edfi t\u00e1c \u0111\u1ed9ng c\u1ee7a d\u00f2ng n\u01b0\u1edbc (t\u00e1c \u0111\u1ed9ng r\u1eeda tr\u00f4i th\u01b0\u1eddng x\u1ea3y ra \u0111\u1ed1i v\u1edbi c\u00e1c b\u1eaby tr\u1ea7m t\u00edch h\u00ecnh n\u00f3n c\u00f3 di\u1ec7n t\u00edch mi\u1ec7ng l\u1edbn).<\/span><\/p>\n<h5><b>C\u01a1 ch\u1ebf ho\u1ea1t \u0111\u1ed9ng<\/b><\/h5>\n<p><span style=\"font-weight: 400;\">Thi\u1ebft b\u1ecb \u0111\u01b0\u1ee3c thi\u1ebft k\u1ebf ho\u1ea1t \u0111\u1ed9ng \u0111\u1ed9c l\u1eadp trong m\u00f4i tr\u01b0\u1eddng n\u01b0\u1edbc c\u00f3 th\u00f4ng l\u01b0\u1ee3ng c\u00e1c h\u1ea1t tr\u1ea7m t\u00edch l\u1eafng theo ph\u01b0\u01a1ng th\u1eb3ng \u0111\u1ee9ng t\u01b0\u01a1ng \u0111\u1ed1i cao. Thi\u1ebft b\u1ecb kh\u00f4ng c\u1ea7n v\u1eadt neo n\u1eb7ng. C\u00f3 hai ng\u00e0m k\u1eb9p r\u1ed9ng \u0111\u1ec3 c\u1ed1 \u0111\u1ecbnh thi\u1ebft b\u1ecb v\u00e0o d\u00e2y neo theo ph\u01b0\u01a1ng d\u1ecdc. Ng\u01b0\u1eddi d\u00f9ng c\u00f3 th\u1ec3 g\u1eafn n\u1ed1i ti\u1ebfp nhi\u1ec1u b\u1eaby m\u1eabu v\u00e0o 01 d\u00e2y neo. M\u1ed7i thi\u1ebft b\u1ecb \u0111\u01b0\u1ee3c trang b\u1ecb m\u1ed9t l\u01b0\u1edbi b\u00e1p c\u00f3 th\u1ec3 th\u00e1o r\u1eddi t\u1ea1i mi\u1ec7ng l\u1ea5y m\u1eabu \u0111\u1ec3 h\u1ea1n ch\u1ebf \u1ea3nh h\u01b0\u1edfng c\u1ee7a d\u00f2ng n\u01b0\u1edbc nhi\u1ec5u lo\u1ea1n, tr\u00e1nh cu\u1ed1n ng\u01b0\u1ee3c c\u00e1c h\u1ea1t tr\u1ea7m t\u00edch ra kh\u1ecfi b\u1eaby. Ph\u1ea7n n\u01b0\u1edbc ph\u00eda tr\u00ean b\u00ecnh thu m\u1eabu \u0111\u01b0\u1ee3c x\u1ea3 ra theo hai v\u00f2i. B\u00ecnh thu m\u1eabu trong su\u1ed1t cho ph\u00e9p ki\u1ec3m tra m\u1eabu \u0111\u00e3 \u0111\u01b0\u1ee3c l\u1ea5y ra h\u1ebft trong qu\u00e1 tr\u00ecnh thu m\u1eabu.<\/span><\/p>\n","protected":false},"featured_media":2284,"comment_status":"open","ping_status":"closed","template":"","meta":[],"product_cat":[15],"product_tag":[],"acf":[],"lang":"vi","translations":{"vi":2278,"en":2286},"pll_sync_post":[],"_links":{"self":[{"href":"https:\/\/demo9.thuythu.vn\/reeco\/wp-json\/wp\/v2\/product\/2278"}],"collection":[{"href":"https:\/\/demo9.thuythu.vn\/reeco\/wp-json\/wp\/v2\/product"}],"about":[{"href":"https:\/\/demo9.thuythu.vn\/reeco\/wp-json\/wp\/v2\/types\/product"}],"replies":[{"embeddable":true,"href":"https:\/\/demo9.thuythu.vn\/reeco\/wp-json\/wp\/v2\/comments?post=2278"}],"wp:featuredmedia":[{"embeddable":true,"href":"https:\/\/demo9.thuythu.vn\/reeco\/wp-json\/wp\/v2\/media\/2284"}],"wp:attachment":[{"href":"https:\/\/demo9.thuythu.vn\/reeco\/wp-json\/wp\/v2\/media?parent=2278"}],"wp:term":[{"taxonomy":"product_cat","embeddable":true,"href":"https:\/\/demo9.thuythu.vn\/reeco\/wp-json\/wp\/v2\/product_cat?post=2278"},{"taxonomy":"product_tag","embeddable":true,"href":"https:\/\/demo9.thuythu.vn\/reeco\/wp-json\/wp\/v2\/product_tag?post=2278"}],"curies":[{"name":"wp","href":"https:\/\/api.w.org\/{rel}","templated":true}]}}