{"id":2259,"date":"2024-01-11T03:14:30","date_gmt":"2024-01-11T03:14:30","guid":{"rendered":"https:\/\/demo9.thuythu.vn\/reeco\/?post_type=product&#038;p=2259"},"modified":"2024-01-11T03:17:35","modified_gmt":"2024-01-11T03:17:35","slug":"thiet-bi-lay-mau-vi-nhua-neuston","status":"publish","type":"product","link":"https:\/\/demo9.thuythu.vn\/reeco\/san-pham\/thiet-bi-lay-mau-vi-nhua-neuston\/","title":{"rendered":"Thi\u1ebft b\u1ecb l\u1ea5y m\u1eabu vi nh\u1ef1a Neuston chu\u1ea9n David\/Hempel Model 300"},"content":{"rendered":"","protected":false},"excerpt":{"rendered":"<p><span style=\"font-weight: 400;\">Thi\u1ebft b\u1ecb l\u1ea5y m\u1eabu vi nh\u1ef1a (Neuston) chu\u1ea9n David\/Hempel Model 300 \u0111\u01b0\u1ee3c thi\u1ebft k\u1ebf \u0111\u1ec3 b\u1eaft m\u1eabu ch\u00ednh x\u00e1c qu\u1ea7n th\u1ec1 th\u1ee7y sinh trong t\u1ea7ng n\u01b0\u1edbc m\u1eb7t (epineuston) v\u00e0 qu\u1ea7n th\u1ec3 \u0111\u1ed9ng v\u1eadt d\u01b0\u1edbi l\u1edbp m\u1eb7t (hyponeuston). Thi\u1ebft b\u1ecb c\u0169ng c\u00f3 th\u1ec3 \u1ee9ng d\u1ee5ng trong c\u00e1c nghi\u00ean c\u1ee9u nh\u01b0 thu m\u1eabu r\u00e1c nh\u1ef1a nh\u1ecf (microplastic) tr\u00ean m\u1eb7t bi\u1ec3n.<\/span><\/p>\n<p><span style=\"font-weight: 400;\">C\u1ea5u t\u1ea1o bao g\u1ed3m: m\u1ed9t b\u00e8 aluminium kh\u1ea3 n\u0103ng n\u1ed5i v\u00e0 \u0111\u1ed1i x\u1ee9ng cao \u0111\u1ec3 gi\u1eef \u1ed5n \u0111\u1ecbnh thi\u1ebft b\u1ecb trong \u0111i\u1ec1u ki\u1ec7n s\u00f3ng bi\u1ec3n b\u1eadp b\u1ec1nh.<\/span><\/p>\n<p><span style=\"font-weight: 400;\">Khung g\u1eafn t\u00fai l\u01b0\u1edbi \u0111i\u1ec1u ch\u1ec9nh theo chi\u1ec1u d\u1ecdc, g\u1eafn hai t\u00fai l\u01b0\u1edbi b\u1eaft m\u1eabu l\u1edbp m\u1eb7t v\u00e0 d\u01b0\u1edbi l\u1edbp m\u1eb7t, mi\u1ec7ng l\u01b0\u1edbi h\u00ecnh ch\u1eef nh\u1eadt, k\u00edch th\u01b0\u1edbc m\u1eaft l\u01b0\u1edbi ti\u00eau chu\u1ea9n l\u00e0 300 microns (ho\u1eb7c l\u1ef1a ch\u1ecdn 100 hay 500 microns).<\/span><\/p>\n<p><span style=\"font-weight: 400;\">\u0110\u1ec3 d\u1ec5 d\u00e0ng d\u1ed3n m\u1eabu v\u00e0o trong, thi\u1ebft b\u1ecb \u0111\u01b0\u1ee3c g\u1eafn m\u1ed9t g\u1ea7u plastic d\u1ea1ng c\u1eeda h\u00f4ng g\u1eafn s\u00e0ng m\u1ecbn.<\/span><\/p>\n<p><span style=\"font-weight: 400;\">D\u00e2y c\u0103ng c\u00f3 ch\u00e2n \u0111i\u1ec1u ch\u1ec9nh \u0111\u1ec3 v\u1eadn h\u00e0nh thi\u1ebft b\u1ecb t\u1eeb m\u1ea1n t\u00e0u, \u0111u\u00f4i t\u00e0u ho\u1eb7c \u1edf khu v\u1ef1c c\u1ea7u c\u1ea3ng.<\/span><\/p>\n","protected":false},"featured_media":2262,"comment_status":"open","ping_status":"closed","template":"","meta":[],"product_cat":[15],"product_tag":[],"acf":[],"lang":"vi","translations":{"vi":2259,"en":2264},"pll_sync_post":[],"_links":{"self":[{"href":"https:\/\/demo9.thuythu.vn\/reeco\/wp-json\/wp\/v2\/product\/2259"}],"collection":[{"href":"https:\/\/demo9.thuythu.vn\/reeco\/wp-json\/wp\/v2\/product"}],"about":[{"href":"https:\/\/demo9.thuythu.vn\/reeco\/wp-json\/wp\/v2\/types\/product"}],"replies":[{"embeddable":true,"href":"https:\/\/demo9.thuythu.vn\/reeco\/wp-json\/wp\/v2\/comments?post=2259"}],"wp:featuredmedia":[{"embeddable":true,"href":"https:\/\/demo9.thuythu.vn\/reeco\/wp-json\/wp\/v2\/media\/2262"}],"wp:attachment":[{"href":"https:\/\/demo9.thuythu.vn\/reeco\/wp-json\/wp\/v2\/media?parent=2259"}],"wp:term":[{"taxonomy":"product_cat","embeddable":true,"href":"https:\/\/demo9.thuythu.vn\/reeco\/wp-json\/wp\/v2\/product_cat?post=2259"},{"taxonomy":"product_tag","embeddable":true,"href":"https:\/\/demo9.thuythu.vn\/reeco\/wp-json\/wp\/v2\/product_tag?post=2259"}],"curies":[{"name":"wp","href":"https:\/\/api.w.org\/{rel}","templated":true}]}}