{"id":2242,"date":"2024-01-11T02:55:24","date_gmt":"2024-01-11T02:55:24","guid":{"rendered":"https:\/\/demo9.thuythu.vn\/reeco\/?post_type=product&#038;p=2242"},"modified":"2024-01-11T02:59:04","modified_gmt":"2024-01-11T02:59:04","slug":"thiet-bi-lay-mau-nuoc-tich-hop-iws-iii","status":"publish","type":"product","link":"https:\/\/demo9.thuythu.vn\/reeco\/san-pham\/thiet-bi-lay-mau-nuoc-tich-hop-iws-iii\/","title":{"rendered":"Thi\u1ebft b\u1ecb l\u1ea5y m\u1eabu n\u01b0\u1edbc t\u00edch h\u1ee3p IWS III"},"content":{"rendered":"","protected":false},"excerpt":{"rendered":"<p><span style=\"font-weight: 400;\">Model: 436 601; H\u00e3ng s\u1ea3n xu\u1ea5t: Hydrobios &#8211; \u0110\u1ee9c<\/span><\/p>\n<ul>\n<li style=\"font-weight: 400;\" aria-level=\"1\"><span style=\"font-weight: 400;\">L\u1ea5y m\u1eabu theo ch\u01b0\u01a1ng tr\u00ecnh c\u00e0i \u0111\u1eb7t v\u1edbi c\u00e1c kho\u1ea3ng \u0111\u1ed9 s\u00e2u kh\u00e1c nhau.<\/span><\/li>\n<li style=\"font-weight: 400;\" aria-level=\"1\"><span style=\"font-weight: 400;\">\u0110\u1ebfm th\u1eddi gian l\u1ea5y m\u1eabu<\/span><\/li>\n<li style=\"font-weight: 400;\" aria-level=\"1\"><span style=\"font-weight: 400;\">L\u1ea5y m\u1eabu t\u1ea1i ch\u1ed7 \u2013 l\u1ea5y m\u1eabu \u1edf m\u1ed9t \u0111\u1ed9 s\u00e2u x\u00e1c \u0111\u1ecbnh.<\/span><\/li>\n<li style=\"font-weight: 400;\" aria-level=\"1\"><span style=\"font-weight: 400;\">B\u1ed9 pin s\u1ea1c Lithium chuy\u00ean d\u1ee5ng c\u00f3 th\u1ec3 th\u00e1o r\u1eddi.<\/span><\/li>\n<li style=\"font-weight: 400;\" aria-level=\"1\"><span style=\"font-weight: 400;\">Ch\u1ee9c n\u0103ng c\u00e0i \u0111\u1eb7t nhanh (Quick-Start) &#8211; th\u1ef1c hi\u1ec7n theo ch\u01b0\u01a1ng tr\u00ecnh l\u1ea5y m\u1eabu g\u1ea7n nh\u1ea5t m\u00e0 kh\u00f4ng c\u1ea7n ph\u1ea3i l\u1eadp tr\u00ecnh l\u1ea1i ngay t\u1eeb \u0111\u1ea7u.<\/span><\/li>\n<li style=\"font-weight: 400;\" aria-level=\"1\"><span style=\"font-weight: 400;\">Ch\u1ee9c n\u0103ng m\u1edf r\u1ed9ng \u2013 t\u00edch h\u1ee3p \u0111i\u1ec1u khi\u1ec3n, thu nh\u1eadn s\u1ed1 li\u1ec7u b\u1eb1ng ph\u1ea7n m\u1ec1m OceanLab3.<\/span><\/li>\n<li style=\"font-weight: 400;\" aria-level=\"1\"><span style=\"font-weight: 400;\">K\u1ebft n\u1ed1i bluetooth v\u1edbi thi\u1ebft b\u1ecb c\u1ea7m tay v\u00e0 PC.<\/span><\/li>\n<li style=\"font-weight: 400;\" aria-level=\"1\"><span style=\"font-weight: 400;\">Cho ph\u00e9p \u0111i\u1ec1u khi\u1ec3n &#8211; thu nh\u1eadn t\u1eeb xa b\u1eb1ng d\u00e2y c\u00e1p \u0111i\u1ec7n chuy\u00ean d\u1ee5ng.<\/span><\/li>\n<\/ul>\n","protected":false},"featured_media":2250,"comment_status":"open","ping_status":"closed","template":"","meta":[],"product_cat":[15],"product_tag":[646,651,644],"acf":[],"lang":"vi","translations":{"vi":2242,"en":2252},"pll_sync_post":[],"_links":{"self":[{"href":"https:\/\/demo9.thuythu.vn\/reeco\/wp-json\/wp\/v2\/product\/2242"}],"collection":[{"href":"https:\/\/demo9.thuythu.vn\/reeco\/wp-json\/wp\/v2\/product"}],"about":[{"href":"https:\/\/demo9.thuythu.vn\/reeco\/wp-json\/wp\/v2\/types\/product"}],"replies":[{"embeddable":true,"href":"https:\/\/demo9.thuythu.vn\/reeco\/wp-json\/wp\/v2\/comments?post=2242"}],"wp:featuredmedia":[{"embeddable":true,"href":"https:\/\/demo9.thuythu.vn\/reeco\/wp-json\/wp\/v2\/media\/2250"}],"wp:attachment":[{"href":"https:\/\/demo9.thuythu.vn\/reeco\/wp-json\/wp\/v2\/media?parent=2242"}],"wp:term":[{"taxonomy":"product_cat","embeddable":true,"href":"https:\/\/demo9.thuythu.vn\/reeco\/wp-json\/wp\/v2\/product_cat?post=2242"},{"taxonomy":"product_tag","embeddable":true,"href":"https:\/\/demo9.thuythu.vn\/reeco\/wp-json\/wp\/v2\/product_tag?post=2242"}],"curies":[{"name":"wp","href":"https:\/\/api.w.org\/{rel}","templated":true}]}}