{"id":2215,"date":"2024-01-11T02:04:18","date_gmt":"2024-01-11T02:04:18","guid":{"rendered":"https:\/\/demo9.thuythu.vn\/reeco\/?post_type=product&#038;p=2215"},"modified":"2024-01-18T10:10:51","modified_gmt":"2024-01-18T03:10:51","slug":"cam-bien-do-ap-suat","status":"publish","type":"product","link":"https:\/\/demo9.thuythu.vn\/reeco\/san-pham\/cam-bien-do-ap-suat\/","title":{"rendered":"C\u1ea3m bi\u1ebfn \u0111o \u00e1p su\u1ea5t"},"content":{"rendered":"","protected":false},"excerpt":{"rendered":"<p>Model:<\/p>\n<ul>\n<li>4117\/4117R<\/li>\n<li>4425\/4426\/4427<\/li>\n<li>4425R\/4426R\/4427R<\/li>\n<\/ul>\n<div>H\u00e3ng s\u1ea3n xu\u1ea5t: AANDERAA<\/div>\n<div>Xu\u1ea5t x\u1ee9: Nauy<\/div>\n<div><strong>T\u00ednh n\u0103ng<\/strong><\/div>\n<ul>\n<li>C\u00f4ng ngh\u1ec7 C\u1ea3m bi\u1ebfn Th\u00f4ng minh &#8211; cho ph\u00e9p k\u1ebft n\u1ed1i v\u00e0 ho\u1ea1t \u0111\u1ed9ng ngay l\u1eadp t\u1ee9c m\u00e0 kh\u00f4ng c\u1ea7n c\u00e0i \u0111\u1eb7t ph\u1ee9c t\u1ea1p (c\u1eafm v\u00e0 ch\u1ea1y)<\/li>\n<li>H\u1ec7 s\u1ed1 hi\u1ec7u chu\u1ea9n \u0111\u01b0\u1ee3c l\u01b0u tr\u1eef trong c\u1ea3m bi\u1ebfn<\/li>\n<li>Y\u00eau c\u1ea7u b\u1ea3o d\u01b0\u1ee1ng th\u1ea5p<\/li>\n<li>Ti\u00eau th\u1ee5 d\u00f2ng \u0111i\u1ec7n th\u1ea5p<\/li>\n<li>\u0110\u1ed9 s\u00e2u ch\u1ecbu \u0111\u1ef1ng l\u00ean t\u1edbi 6000 m\u00e9t<\/li>\n<li>D\u1eef li\u1ec7u \u0111o l\u01b0\u1eddng c\u00f3 th\u1ec3 \u0111\u01b0\u1ee3c \u0111\u1ecdc tr\u1ef1c ti\u1ebfp t\u1eeb c\u1ea3m bi\u1ebfn, h\u1ed7 tr\u1ee3 ph\u00e2n t\u00edch v\u00e0 x\u1eed l\u00fd d\u1eef li\u1ec7u t\u1ee9c th\u1eddi.<\/li>\n<li>Th\u00f4ng s\u1ed1 \u0111\u1ea7u ra: \u00c1p su\u1ea5t, Nhi\u1ec7t \u0111\u1ed9<\/li>\n<li>Kho\u1ea3ng th\u1eddi gian l\u1ea5y m\u1eabu d\u1eef li\u1ec7u c\u00f3 th\u1ec3 \u0111\u01b0\u1ee3c c\u00e0i \u0111\u1eb7t linh ho\u1ea1t t\u1eeb 1 gi\u00e2y \u0111\u1ebfn 255 ph\u00fat, t\u00f9y thu\u1ed9c v\u00e0o nhu c\u1ea7u \u1ee9ng d\u1ee5ng.<\/li>\n<li>S\u1eed d\u1ee5ng v\u1edbi c\u00e1c b\u1ed9 ghi d\u1eef li\u1ec7u Aanderaa<\/li>\n<li>S\u1eed d\u1ee5ng nh\u01b0 m\u1ed9t c\u1ea3m bi\u1ebfn \u0111\u1ed9c l\u1eadp<\/li>\n<li>\u0110\u1ecbnh d\u1ea1ng \u0111\u1ea7u ra 4117: AiCaP CANbus, RS-232<\/li>\n<li>\u0110\u1ecbnh d\u1ea1ng \u0111\u1ea7u ra 4117R: RS-422<\/li>\n<li>Ph\u1ea1m vi \u0111o l\u00ean \u0111\u1ebfn 60MPa<\/li>\n<\/ul>\n","protected":false},"featured_media":2994,"comment_status":"open","ping_status":"closed","template":"","meta":[],"product_cat":[15],"product_tag":[640,638],"acf":[],"lang":"vi","translations":{"vi":2215,"en":2220},"pll_sync_post":[],"_links":{"self":[{"href":"https:\/\/demo9.thuythu.vn\/reeco\/wp-json\/wp\/v2\/product\/2215"}],"collection":[{"href":"https:\/\/demo9.thuythu.vn\/reeco\/wp-json\/wp\/v2\/product"}],"about":[{"href":"https:\/\/demo9.thuythu.vn\/reeco\/wp-json\/wp\/v2\/types\/product"}],"replies":[{"embeddable":true,"href":"https:\/\/demo9.thuythu.vn\/reeco\/wp-json\/wp\/v2\/comments?post=2215"}],"wp:featuredmedia":[{"embeddable":true,"href":"https:\/\/demo9.thuythu.vn\/reeco\/wp-json\/wp\/v2\/media\/2994"}],"wp:attachment":[{"href":"https:\/\/demo9.thuythu.vn\/reeco\/wp-json\/wp\/v2\/media?parent=2215"}],"wp:term":[{"taxonomy":"product_cat","embeddable":true,"href":"https:\/\/demo9.thuythu.vn\/reeco\/wp-json\/wp\/v2\/product_cat?post=2215"},{"taxonomy":"product_tag","embeddable":true,"href":"https:\/\/demo9.thuythu.vn\/reeco\/wp-json\/wp\/v2\/product_tag?post=2215"}],"curies":[{"name":"wp","href":"https:\/\/api.w.org\/{rel}","templated":true}]}}