{"id":2155,"date":"2024-01-10T09:36:40","date_gmt":"2024-01-10T09:36:40","guid":{"rendered":"https:\/\/demo9.thuythu.vn\/reeco\/?post_type=product&#038;p=2155"},"modified":"2024-01-10T09:39:57","modified_gmt":"2024-01-10T09:39:57","slug":"thiet-bi-lay-mau-nuoc-micros","status":"publish","type":"product","link":"https:\/\/demo9.thuythu.vn\/reeco\/san-pham\/thiet-bi-lay-mau-nuoc-micros\/","title":{"rendered":"Thi\u1ebft bi\u0323 l\u1ea5y m\u1eabu n\u01b0\u1edbc MICROS"},"content":{"rendered":"","protected":false},"excerpt":{"rendered":"<p><span style=\"font-weight: 400;\">Model: 436 160; H\u00e3ng s\u1ea3n xu\u1ea5t: Hydrobios &#8211; \u0110\u1ee9c<\/span><\/p>\n<p><span style=\"font-weight: 400;\">Thi\u1ebft bi\u0323 l\u1ea5y m\u1eabu n\u01b0\u1edbc MICROS\u00a0 l\u00e0 phi\u00ean b\u1ea3n l\u1ea5y m\u1eabu c\u00f3 th\u1ec3 h\u1ea5p kh\u1eed tr\u00f9ng c\u1ee7a<\/span> <span style=\"font-weight: 400;\">thi\u1ebft b\u1ecb l\u1eaby m\u1eabu n\u01b0\u1edbc LIMNOS<\/span><span style=\"font-weight: 400;\">, \u0111\u00e1p \u1ee9ng c\u00e1c y\u00eau c\u1ea7u c\u1ea7n thi\u1ebft c\u1ee7a c\u00e1c nh\u00e0 nghi\u00ean c\u1ee9u h\u1ed3, \u0111\u1eadp:<\/span><\/p>\n<ul>\n<li style=\"font-weight: 400;\" aria-level=\"1\"><span style=\"font-weight: 400;\">Tr\u00e1nh m\u1eabu b\u1ecb nhi\u1ec5m b\u1ea9n b\u1edfi n\u01b0\u1edbc m\u1eb7t.<\/span><\/li>\n<li style=\"font-weight: 400;\" aria-level=\"1\"><span style=\"font-weight: 400;\">Tr\u00e1nh \u0111\u01b0\u1ee3c c\u00e1c l\u1ed7i ph\u00e2n t\u00edch do sai s\u00f3t trong qu\u00e1 tr\u00ecnh l\u1ea5y v\u00e0 thu m\u1eabu.<\/span><\/li>\n<li style=\"font-weight: 400;\" aria-level=\"1\"><span style=\"font-weight: 400;\">T\u00ednh n\u0103ng \u0111\u1eb7c bi\u1ec7t: c\u00f3 th\u1ec3 h\u1ea5p kh\u1eed tr\u00f9ng thi\u1ebft b\u1ecb.<\/span><\/li>\n<\/ul>\n","protected":false},"featured_media":2163,"comment_status":"open","ping_status":"closed","template":"","meta":[],"product_cat":[15],"product_tag":[],"acf":[],"lang":"vi","translations":{"vi":2155,"en":2166},"pll_sync_post":[],"_links":{"self":[{"href":"https:\/\/demo9.thuythu.vn\/reeco\/wp-json\/wp\/v2\/product\/2155"}],"collection":[{"href":"https:\/\/demo9.thuythu.vn\/reeco\/wp-json\/wp\/v2\/product"}],"about":[{"href":"https:\/\/demo9.thuythu.vn\/reeco\/wp-json\/wp\/v2\/types\/product"}],"replies":[{"embeddable":true,"href":"https:\/\/demo9.thuythu.vn\/reeco\/wp-json\/wp\/v2\/comments?post=2155"}],"wp:featuredmedia":[{"embeddable":true,"href":"https:\/\/demo9.thuythu.vn\/reeco\/wp-json\/wp\/v2\/media\/2163"}],"wp:attachment":[{"href":"https:\/\/demo9.thuythu.vn\/reeco\/wp-json\/wp\/v2\/media?parent=2155"}],"wp:term":[{"taxonomy":"product_cat","embeddable":true,"href":"https:\/\/demo9.thuythu.vn\/reeco\/wp-json\/wp\/v2\/product_cat?post=2155"},{"taxonomy":"product_tag","embeddable":true,"href":"https:\/\/demo9.thuythu.vn\/reeco\/wp-json\/wp\/v2\/product_tag?post=2155"}],"curies":[{"name":"wp","href":"https:\/\/api.w.org\/{rel}","templated":true}]}}