{"id":2145,"date":"2024-01-10T09:22:16","date_gmt":"2024-01-10T09:22:16","guid":{"rendered":"https:\/\/demo9.thuythu.vn\/reeco\/?post_type=product&#038;p=2145"},"modified":"2024-01-10T09:24:58","modified_gmt":"2024-01-10T09:24:58","slug":"thiet-bi-lay-mau-nuoc-limnos","status":"publish","type":"product","link":"https:\/\/demo9.thuythu.vn\/reeco\/san-pham\/thiet-bi-lay-mau-nuoc-limnos\/","title":{"rendered":"Thi\u1ebft b\u1ecb l\u1ea5y m\u1eabu n\u01b0\u1edbc LIMNOS"},"content":{"rendered":"","protected":false},"excerpt":{"rendered":"<p><span style=\"font-weight: 400;\">Thi\u1ebft b\u1ecb l\u1ea5y m\u1eabu n\u01b0\u1edbc LIMNOS \u0111\u00e1p \u1ee9ng 2 y\u00eau c\u1ea7u c\u1ea7n thi\u1ebft c\u1ee7a c\u00e1c nh\u00e0 nghi\u00ean c\u1ee9u v\u1ec1 h\u1ed3, \u0111\u1eadp:<\/span><\/p>\n<ul>\n<li style=\"font-weight: 400;\" aria-level=\"1\"><span style=\"font-weight: 400;\">Tr\u00e1nh m\u1eabu b\u1ecb nhi\u1ec5m b\u1ea9n b\u1edfi n\u01b0\u1edbc m\u1eb7t.<\/span><\/li>\n<li style=\"font-weight: 400;\" aria-level=\"1\"><span style=\"font-weight: 400;\">Tr\u00e1nh \u0111\u01b0\u1ee3c c\u00e1c l\u1ed7i ph\u00e2n t\u00edch do sai x\u00f3t trong qu\u00e1 tr\u00ecnh l\u1ea5y v\u00e0 v\u1eadn chuy\u1ec3n m\u1eabu.<\/span><\/li>\n<\/ul>\n<p><span style=\"font-weight: 400;\">Thi\u1ebft b\u1ecb l\u1ea5y m\u1eabu n\u01b0\u1edbc LIMNOS thi\u1ebft k\u1ebf ti\u1ec7n d\u1ee5ng \u0111\u1ec3 l\u1ea5y m\u1eabu n\u01b0\u1edbc v\u1edbi \u0111\u1ed9 s\u00e2u t\u1ed1i \u0111a 30m. Thi\u1ebft b\u1ecb bao g\u1ed3m 2 b\u00ecnh ch\u1ee9a m\u1eabu 1000 ml \u0111\u01b0\u1ee3c gi\u1eef c\u1ed1 \u0111\u1ecbnh 2 b\u00ean, \u0111\u01b0\u1ee3c g\u1eafn v\u1edbi d\u00e2y v\u00e0 th\u1ea3 xu\u1ed1ng n\u01b0\u1edbc trong \u0111i\u1ec1u ki\u1ec7n \u0111\u00f3ng \u0111\u1ec3 ng\u0103n m\u1eabu b\u1ecb nhi\u1ec5m n\u01b0\u1edbc b\u1ec1 m\u1eb7t.<\/span><\/p>\n<h5><b>C\u01a1 ch\u1ebf ho\u1ea1t \u0111\u1ed9ng<\/b><\/h5>\n<p><span style=\"font-weight: 400;\">Hai b\u00ecnh l\u1ea5y m\u1eabu \u0111\u01b0\u1ee3c \u0111\u00f3ng c\u1ed1 \u0111\u1ecbnh trong qu\u00e1 tr\u00ecnh h\u1ea1 xu\u1ed1ng. B\u00ecnh l\u1ea5y m\u1eabu \u0111\u01b0\u1ee3c k\u00edch ho\u1ea1t khi \u0111\u1ea1t t\u1edbi \u0111\u1ed9 s\u00e2u mong mu\u1ed1n. Khi con chuy\u1ec3n \u0111\u1eadp xu\u1ed1ng, \u1ed1ng silicon m\u1edf ra \u0111\u1ec3 cho n\u01b0\u1edbc ch\u1ea3y v\u00e0o b\u00ecnh v\u00e0 kh\u00f4ng kh\u00ed tho\u00e1t ra. \u0110\u1ec3 thu m\u1eabu ng\u01b0\u1eddi d\u00f9ng ch\u1ec9 \u0111\u01a1n gi\u1ea3n th\u00e1o c\u00e1c b\u00ecnh m\u1eabu ra v\u00e0 \u0111\u00f3ng n\u1eafp l\u1ea1i v\u00e0 v\u1eadn chuy\u1ec3n v\u1ec1 ph\u00f2ng th\u00ed nghi\u1ec7m. \u0110i\u1ec1u n\u00e0y gi\u00fap tr\u00e1nh \u0111\u01b0\u1ee3c hi\u1ec7n t\u01b0\u1ee3ng sai l\u1ec7ch m\u1eabu khi \u0111\u1ed5 qua l\u1ea1i c\u00e1c b\u00ecnh ch\u1ee9a kh\u00e1c nhau.<\/span><\/p>\n","protected":false},"featured_media":2150,"comment_status":"open","ping_status":"closed","template":"","meta":[],"product_cat":[15],"product_tag":[],"acf":[],"lang":"vi","translations":{"vi":2145,"en":2153},"pll_sync_post":[],"_links":{"self":[{"href":"https:\/\/demo9.thuythu.vn\/reeco\/wp-json\/wp\/v2\/product\/2145"}],"collection":[{"href":"https:\/\/demo9.thuythu.vn\/reeco\/wp-json\/wp\/v2\/product"}],"about":[{"href":"https:\/\/demo9.thuythu.vn\/reeco\/wp-json\/wp\/v2\/types\/product"}],"replies":[{"embeddable":true,"href":"https:\/\/demo9.thuythu.vn\/reeco\/wp-json\/wp\/v2\/comments?post=2145"}],"wp:featuredmedia":[{"embeddable":true,"href":"https:\/\/demo9.thuythu.vn\/reeco\/wp-json\/wp\/v2\/media\/2150"}],"wp:attachment":[{"href":"https:\/\/demo9.thuythu.vn\/reeco\/wp-json\/wp\/v2\/media?parent=2145"}],"wp:term":[{"taxonomy":"product_cat","embeddable":true,"href":"https:\/\/demo9.thuythu.vn\/reeco\/wp-json\/wp\/v2\/product_cat?post=2145"},{"taxonomy":"product_tag","embeddable":true,"href":"https:\/\/demo9.thuythu.vn\/reeco\/wp-json\/wp\/v2\/product_tag?post=2145"}],"curies":[{"name":"wp","href":"https:\/\/api.w.org\/{rel}","templated":true}]}}