{"id":2126,"date":"2024-01-10T09:09:30","date_gmt":"2024-01-10T09:09:30","guid":{"rendered":"https:\/\/demo9.thuythu.vn\/reeco\/?post_type=product&#038;p=2126"},"modified":"2024-01-10T09:11:48","modified_gmt":"2024-01-10T09:11:48","slug":"thiet-bi-lay-mau-nuoc-dang-dong-tran-tu-do","status":"publish","type":"product","link":"https:\/\/demo9.thuythu.vn\/reeco\/san-pham\/thiet-bi-lay-mau-nuoc-dang-dong-tran-tu-do\/","title":{"rendered":"Thi\u1ebft b\u1ecb l\u1ea5y m\u1eabu n\u01b0\u1edbc d\u1ea1ng d\u00f2ng tr\u00e0n t\u1ef1 do"},"content":{"rendered":"","protected":false},"excerpt":{"rendered":"<p><span style=\"font-weight: 400;\">Model: 436 340; H\u00e3ng s\u1ea3n xu\u1ea5t: Hydrobios &#8211; \u0110\u1ee9c<\/span><\/p>\n<ul>\n<li style=\"font-weight: 400;\" aria-level=\"1\"><span style=\"font-weight: 400;\">Thi\u1ebft b\u1ecb l\u1ea5y m\u1eabu d\u1ea1ng d\u00f2ng tr\u00e0n t\u1ef1 do l\u00e0 s\u1ea3n ph\u1ea9m c\u1ee7a thi\u1ebft k\u1ebf c\u1ea3i ti\u1ebfn nh\u1eb1m kh\u1eafc ph\u1ee5c c\u00e1c h\u1ea1n ch\u1ebf c\u1ee7a thi\u1ebft b\u1ecb l\u1ea5y m\u1eabu PWS d\u1ea1ng Niskin (\u0111\u01b0\u1eddng k\u00ednh v\u00e0o v\u00e0 ra c\u1ee7a \u1ed1ng l\u1ea5y m\u1eabu b\u1ecb th\u1eaft l\u1ea1i).<\/span><\/li>\n<li style=\"font-weight: 400;\" aria-level=\"1\"><span style=\"font-weight: 400;\">\u0110\u1eb7c \u0111i\u1ec3m n\u1ed5i b\u1eadt c\u1ee7a thi\u1ebft b\u1ecb l\u1ea5y m\u1eabu d\u1ea1ng tr\u00e0n t\u1ef1 do l\u00e0 d\u00f2ng n\u01b0\u1edbc tr\u00e0n qua \u1ed1ng l\u1ea5y m\u1eabu ho\u00e0n to\u00e0n t\u1ef1 do, kh\u00f4ng b\u1ecb \u1ea3nh h\u01b0\u1edfng b\u1edfi van c\u1ea7u hay ch\u00f3p n\u00f3n (cone).<\/span><\/li>\n<\/ul>\n","protected":false},"featured_media":2138,"comment_status":"open","ping_status":"closed","template":"","meta":[],"product_cat":[15],"product_tag":[],"acf":[],"lang":"vi","translations":{"vi":2126,"en":2142},"pll_sync_post":[],"_links":{"self":[{"href":"https:\/\/demo9.thuythu.vn\/reeco\/wp-json\/wp\/v2\/product\/2126"}],"collection":[{"href":"https:\/\/demo9.thuythu.vn\/reeco\/wp-json\/wp\/v2\/product"}],"about":[{"href":"https:\/\/demo9.thuythu.vn\/reeco\/wp-json\/wp\/v2\/types\/product"}],"replies":[{"embeddable":true,"href":"https:\/\/demo9.thuythu.vn\/reeco\/wp-json\/wp\/v2\/comments?post=2126"}],"wp:featuredmedia":[{"embeddable":true,"href":"https:\/\/demo9.thuythu.vn\/reeco\/wp-json\/wp\/v2\/media\/2138"}],"wp:attachment":[{"href":"https:\/\/demo9.thuythu.vn\/reeco\/wp-json\/wp\/v2\/media?parent=2126"}],"wp:term":[{"taxonomy":"product_cat","embeddable":true,"href":"https:\/\/demo9.thuythu.vn\/reeco\/wp-json\/wp\/v2\/product_cat?post=2126"},{"taxonomy":"product_tag","embeddable":true,"href":"https:\/\/demo9.thuythu.vn\/reeco\/wp-json\/wp\/v2\/product_tag?post=2126"}],"curies":[{"name":"wp","href":"https:\/\/api.w.org\/{rel}","templated":true}]}}