{"id":2118,"date":"2024-01-10T08:53:15","date_gmt":"2024-01-10T08:53:15","guid":{"rendered":"https:\/\/demo9.thuythu.vn\/reeco\/?post_type=product&#038;p=2118"},"modified":"2024-01-10T08:55:33","modified_gmt":"2024-01-10T08:55:33","slug":"thiet-bi-lay-mau-nuoc-cong-nghiep","status":"publish","type":"product","link":"https:\/\/demo9.thuythu.vn\/reeco\/san-pham\/thiet-bi-lay-mau-nuoc-cong-nghiep\/","title":{"rendered":"Thi\u1ebft b\u1ecb l\u1ea5y m\u1eabu n\u01b0\u1edbc c\u00f4ng nghi\u1ec7p"},"content":{"rendered":"","protected":false},"excerpt":{"rendered":"<p><span style=\"font-weight: 400;\">Thi\u1ebft b\u1ecb l\u1ea5y m\u1eabu n\u01b0\u1edbc c\u00f4ng nghi\u1ec7p \u0111\u01b0\u1ee3c ph\u00e1t tri\u1ec3n \u0111\u1ec3 \u0111\u00e1p \u1ee9ng y\u00eau c\u1ea7u ph\u00e2n t\u00edch m\u1eabu n\u01b0\u1edbc ch\u00ednh x\u00e1c h\u01a1n. M\u1eb7t trong ti\u1ebfp x\u00fac v\u1edbi m\u1eabu c\u1ee7a \u1ed1ng l\u1ea5y m\u1eabu ho\u00e0n to\u00e0n kh\u00f4ng c\u00f3 kim lo\u1ea1i, do \u0111\u00f3 kh\u00f4ng \u1ea3nh h\u01b0\u1edfng \u0111\u1ebfn c\u00e1c ph\u00e2n t\u00edch v\u1ebft nguy\u00ean t\u1ed1.<\/span><\/p>\n<h5><b>C\u01a1 ch\u1ebf ho\u1ea1t \u0111\u1ed9ng c\u1ee7a thi\u1ebft b\u1ecb<\/b><\/h5>\n<p><span style=\"font-weight: 400;\">Thi\u1ebft b\u1ecb l\u1ea5y m\u1eabu (tr\u1ea1ng th\u00e1i m\u1edf) \u0111\u01b0\u1ee3c h\u1ea1 xu\u1ed1ng b\u1eb1ng d\u00e2y. Khi \u0111\u1ea1t \u0111\u1ed9 s\u00e2u mong mu\u1ed1n, con chuy\u1ec3n (messenger) s\u1ebd \u0111\u01b0\u1ee3c th\u1ea3 \u0111\u1ec3 k\u00edch ho\u1ea1t c\u01a1 ch\u1ebf \u0111\u00f3ng c\u00e1c n\u1eafp \u1edf hai \u0111\u1ea7u \u1ed1ng l\u1ea5y m\u1eabu. Ng\u01b0\u1eddi d\u00f9ng l\u1ea5y m\u1eabu n\u01b0\u1edbc d\u1ec5 d\u00e0ng b\u1eb1ng c\u00e1ch m\u1edf v\u00f2i \u1edf n\u1eafp d\u01b0\u1edbi. Kh\u00e1c v\u1edbi thi\u1ebft b\u1ecb l\u1ea5y m\u1eabu Ruttner chu\u1ea9n, thi\u1ebft b\u1ecb l\u1ea5y m\u1eabu n\u01b0\u1edbc c\u00f4ng nghi\u1ec7p kh\u00f4ng trang b\u1ecb t\u00edch h\u1ee3p nhi\u1ec7t \u0111\u1ed9 k\u1ebf.<\/span><\/p>\n","protected":false},"featured_media":2122,"comment_status":"open","ping_status":"closed","template":"","meta":[],"product_cat":[15],"product_tag":[],"acf":[],"lang":"vi","translations":{"vi":2118,"en":2124},"pll_sync_post":[],"_links":{"self":[{"href":"https:\/\/demo9.thuythu.vn\/reeco\/wp-json\/wp\/v2\/product\/2118"}],"collection":[{"href":"https:\/\/demo9.thuythu.vn\/reeco\/wp-json\/wp\/v2\/product"}],"about":[{"href":"https:\/\/demo9.thuythu.vn\/reeco\/wp-json\/wp\/v2\/types\/product"}],"replies":[{"embeddable":true,"href":"https:\/\/demo9.thuythu.vn\/reeco\/wp-json\/wp\/v2\/comments?post=2118"}],"wp:featuredmedia":[{"embeddable":true,"href":"https:\/\/demo9.thuythu.vn\/reeco\/wp-json\/wp\/v2\/media\/2122"}],"wp:attachment":[{"href":"https:\/\/demo9.thuythu.vn\/reeco\/wp-json\/wp\/v2\/media?parent=2118"}],"wp:term":[{"taxonomy":"product_cat","embeddable":true,"href":"https:\/\/demo9.thuythu.vn\/reeco\/wp-json\/wp\/v2\/product_cat?post=2118"},{"taxonomy":"product_tag","embeddable":true,"href":"https:\/\/demo9.thuythu.vn\/reeco\/wp-json\/wp\/v2\/product_tag?post=2118"}],"curies":[{"name":"wp","href":"https:\/\/api.w.org\/{rel}","templated":true}]}}