{"id":2090,"date":"2024-01-10T08:36:44","date_gmt":"2024-01-10T08:36:44","guid":{"rendered":"https:\/\/demo9.thuythu.vn\/reeco\/?post_type=product&#038;p=2090"},"modified":"2024-01-10T08:39:49","modified_gmt":"2024-01-10T08:39:49","slug":"thiet-bi-lay-mau-nuoc-bien-dang-niskin","status":"publish","type":"product","link":"https:\/\/demo9.thuythu.vn\/reeco\/san-pham\/thiet-bi-lay-mau-nuoc-bien-dang-niskin\/","title":{"rendered":"Thi\u1ebft b\u1ecb l\u1ea5y m\u1eabu n\u01b0\u1edbc bi\u1ec3n d\u1ea1ng Niskin"},"content":{"rendered":"","protected":false},"excerpt":{"rendered":"<p><span style=\"font-weight: 400;\">Model: 436 300; H\u00e3ng s\u1ea3n xu\u1ea5t: Hydrobios &#8211; \u0110\u1ee9c<\/span><\/p>\n<p><span style=\"font-weight: 400;\">Thi\u1ebft b\u1ecb l\u1ea5y m\u1eabu n\u01b0\u1edbc bi\u1ec3n d\u1ea1ng Niskin (PWS) c\u00f3 \u0111\u1eb7c \u0111i\u1ec3m thi\u1ebft k\u1ebf t\u1ea5t c\u1ea3 ph\u1ea7n ti\u1ebfp x\u00fac m\u1eabu n\u01b0\u1edbc \u0111\u1ec1u b\u1eb1ng nh\u1ef1a chuy\u00ean d\u1ee5ng (kh\u00f4ng c\u00f3 kim lo\u1ea1i), g\u1ed3m: m\u1ed9t \u1ed1ng ch\u1ee9a m\u1eabu c\u00f3 hai n\u1eafp k\u1ebft n\u1ed1i nhau b\u1eb1ng \u1ed1ng cao su latex.<\/span><\/p>\n<p><span style=\"font-weight: 400;\">Thi\u1ebft b\u1ecb l\u1ea5y m\u1eabu n\u01b0\u1edbc bi\u1ec3n d\u1ea1ng Niskin m\u1ed9t m\u1eb7t l\u00e0 thi\u1ebft b\u1ecb l\u1ea5y m\u1eabu n\u01b0\u1edbc h\u1ea3i d\u01b0\u01a1ng ti\u00eau chu\u1ea9n s\u1eed d\u1ee5ng c\u00f9ng v\u1edbi c\u00e1c b\u1ed9 l\u1ea5y nhi\u1ec1u m\u1eabu \u0111\u1ed3ng th\u1eddi, Rosette ho\u1eb7c Carousel, m\u1eb7t kh\u00e1c c\u00f3 th\u1ec3 s\u1eed d\u1ee5ng \u0111\u1ec3 l\u1ea5y m\u1eabu \u0111\u01a1n l\u1ebb ho\u1eb7c k\u1ebft n\u1ed1i n\u1ed1i ti\u1ebfp l\u1ea5y nhi\u1ec1u m\u1eabu b\u1eb1ng d\u00e2y th\u1ee7y v\u0103n.<\/span><\/p>\n<h3><b>C\u01a1 ch\u1ebf ho\u1ea1t \u0111\u1ed9ng<\/b><\/h3>\n<p><span style=\"font-weight: 400;\">Hai n\u1eafp \u0111\u01b0\u1ee3c gi\u1eef \u1edf tr\u1ea1ng th\u00e1i m\u1edf trong qu\u00e1 tr\u00ecnh h\u1ea1 thi\u1ebft b\u1ecb xu\u1ed1ng cho m\u1eabu n\u01b0\u1edbc tr\u00e0n v\u00e0o \u1ed1ng.<\/span><\/p>\n<p><span style=\"font-weight: 400;\">Khi s\u1eed d\u1ee5ng v\u1edbi d\u00e2y th\u1ee7y v\u0103n, con chuy\u1ec3n \u0111\u01b0\u1ee3c th\u1ea3 xu\u1ed1ng s\u1ebd k\u00edch ho\u1ea1t \u0111\u00f3ng n\u1eafp \u1ed1ng l\u1ea5y m\u1eabu. Trong tr\u01b0\u1eddng h\u1ee3p l\u1ea5y nhi\u1ec1u m\u1eabu v\u1edbi c\u00e1c thi\u1ebft b\u1ecb n\u1ed1i ti\u1ebfp, con chuy\u1ec3n \u0111\u1ea7u ti\u00ean \u0111\u1ed3ng th\u1eddi s\u1ebd k\u00edch ho\u1ea1t con chuy\u1ec3n th\u1ee9 hai, v.v\u2026, v\u00e0 c\u1ee9 nh\u01b0 v\u1eady k\u00edch ho\u1ea1t \u0111\u00f3ng n\u1eafp to\u00e0n b\u1ed9 c\u00e1c \u1ed1ng l\u1ea5y m\u1eabu.<\/span><\/p>\n<p><span style=\"font-weight: 400;\">L\u01b0u \u00fd: Do kh\u00f4ng c\u00f3 tr\u1ecdng l\u01b0\u1ee3ng \u0111\u00e1y n\u00ean ch\u00fang t\u00f4i \u0111\u1ec1 ngh\u1ecb kh\u00e1ch h\u00e0ng g\u1eafn th\u00eam<\/span> <span style=\"font-weight: 400;\">b\u1ed9 g\u00e1 tr\u1ecdng t\u00e2m<\/span><span style=\"font-weight: 400;\"> (m\u00e3 s\u1ea3n ph\u1ea9m: 436 380 \u2026 436 395) cho PWS trong tr\u01b0\u1eddng h\u1ee3p s\u1eed d\u1ee5ng \u0111\u1ec3 l\u1ea5y m\u1eabu \u0111\u01a1n l\u1ebb. B\u1ed9 ph\u1eadn n\u00e0y ch\u00ecm xu\u1ed1ng bi\u1ec3n theo chi\u1ec1u d\u1ecdc. Ng\u01b0\u1eddi d\u00f9ng c\u00f3 th\u1ec3 l\u1ea5y m\u1eabu n\u01b0\u1edbc d\u1ec5 d\u00e0ng b\u1eb1ng c\u00e1ch m\u1edf v\u00f2i \u1edf ph\u00eda d\u01b0\u1edbi thi\u1ebft b\u1ecb.<\/span><\/p>\n","protected":false},"featured_media":2109,"comment_status":"open","ping_status":"closed","template":"","meta":[],"product_cat":[15],"product_tag":[],"acf":[],"lang":"vi","translations":{"vi":2090,"en":2114},"pll_sync_post":[],"_links":{"self":[{"href":"https:\/\/demo9.thuythu.vn\/reeco\/wp-json\/wp\/v2\/product\/2090"}],"collection":[{"href":"https:\/\/demo9.thuythu.vn\/reeco\/wp-json\/wp\/v2\/product"}],"about":[{"href":"https:\/\/demo9.thuythu.vn\/reeco\/wp-json\/wp\/v2\/types\/product"}],"replies":[{"embeddable":true,"href":"https:\/\/demo9.thuythu.vn\/reeco\/wp-json\/wp\/v2\/comments?post=2090"}],"wp:featuredmedia":[{"embeddable":true,"href":"https:\/\/demo9.thuythu.vn\/reeco\/wp-json\/wp\/v2\/media\/2109"}],"wp:attachment":[{"href":"https:\/\/demo9.thuythu.vn\/reeco\/wp-json\/wp\/v2\/media?parent=2090"}],"wp:term":[{"taxonomy":"product_cat","embeddable":true,"href":"https:\/\/demo9.thuythu.vn\/reeco\/wp-json\/wp\/v2\/product_cat?post=2090"},{"taxonomy":"product_tag","embeddable":true,"href":"https:\/\/demo9.thuythu.vn\/reeco\/wp-json\/wp\/v2\/product_tag?post=2090"}],"curies":[{"name":"wp","href":"https:\/\/api.w.org\/{rel}","templated":true}]}}