{"id":2065,"date":"2024-01-10T07:55:36","date_gmt":"2024-01-10T07:55:36","guid":{"rendered":"https:\/\/demo9.thuythu.vn\/reeco\/?post_type=product&#038;p=2065"},"modified":"2024-01-10T07:59:11","modified_gmt":"2024-01-10T07:59:11","slug":"thiet-bi-lay-nhieu-mau-nuoc-tu-dong-multi-limnos","status":"publish","type":"product","link":"https:\/\/demo9.thuythu.vn\/reeco\/san-pham\/thiet-bi-lay-nhieu-mau-nuoc-tu-dong-multi-limnos\/","title":{"rendered":"Thi\u1ebft b\u1ecb l\u1ea5y nhi\u1ec1u m\u1eabu n\u01b0\u1edbc t\u1ef1 \u0111\u1ed9ng MULTI-LIMNOS"},"content":{"rendered":"","protected":false},"excerpt":{"rendered":"<p><span style=\"font-weight: 400;\">Model: 436985; H\u00e3ng s\u1ea3n xu\u1ea5t: Hydrobios &#8211; \u0110\u1ee9c<\/span><\/p>\n<p><span style=\"font-weight: 400;\">MULTI-LIMNOS \u0111\u01b0\u1ee3c l\u1eadp tr\u00ecnh l\u1ea5y m\u1eabu t\u1ef1 \u0111\u1ed9ng theo qu\u00e3ng th\u1eddi gian mong mu\u1ed1n cho t\u1ed1i \u0111a 10 m\u1eabu \u0111\u1ed3ng th\u1eddi, v\u1edbi \u0111\u1ed9 s\u00e2u l\u00ean t\u1edbi 30 m.<\/span><\/p>\n<p><span style=\"font-weight: 400;\">Thi\u1ebft b\u1ecb \u0111\u00e1p \u1ee9ng 2 y\u00eau c\u1ea7u c\u1ea7n thi\u1ebft c\u1ee7a c\u00e1c nh\u00e0 nghi\u00ean c\u1ee9u v\u1ec1 h\u1ed3, \u0111\u1eadp:<\/span><\/p>\n<ul>\n<li style=\"font-weight: 400;\" aria-level=\"1\"><span style=\"font-weight: 400;\">Tr\u00e1nh m\u1eabu b\u1ecb nhi\u1ec5m b\u1ea9n b\u1edfi n\u01b0\u1edbc m\u1eb7t.<\/span><\/li>\n<li style=\"font-weight: 400;\" aria-level=\"1\"><span style=\"font-weight: 400;\">Tr\u00e1nh \u0111\u01b0\u1ee3c c\u00e1c l\u1ed7i ph\u00e2n t\u00edch do sai s\u00f3t trong qu\u00e1 tr\u00ecnh l\u1ea5y v\u00e0 v\u1eadn chuy\u1ec3n m\u1eabu.<\/span><\/li>\n<\/ul>\n","protected":false},"featured_media":2075,"comment_status":"open","ping_status":"closed","template":"","meta":[],"product_cat":[15],"product_tag":[],"acf":[],"lang":"vi","translations":{"vi":2065,"en":2077},"pll_sync_post":[],"_links":{"self":[{"href":"https:\/\/demo9.thuythu.vn\/reeco\/wp-json\/wp\/v2\/product\/2065"}],"collection":[{"href":"https:\/\/demo9.thuythu.vn\/reeco\/wp-json\/wp\/v2\/product"}],"about":[{"href":"https:\/\/demo9.thuythu.vn\/reeco\/wp-json\/wp\/v2\/types\/product"}],"replies":[{"embeddable":true,"href":"https:\/\/demo9.thuythu.vn\/reeco\/wp-json\/wp\/v2\/comments?post=2065"}],"wp:featuredmedia":[{"embeddable":true,"href":"https:\/\/demo9.thuythu.vn\/reeco\/wp-json\/wp\/v2\/media\/2075"}],"wp:attachment":[{"href":"https:\/\/demo9.thuythu.vn\/reeco\/wp-json\/wp\/v2\/media?parent=2065"}],"wp:term":[{"taxonomy":"product_cat","embeddable":true,"href":"https:\/\/demo9.thuythu.vn\/reeco\/wp-json\/wp\/v2\/product_cat?post=2065"},{"taxonomy":"product_tag","embeddable":true,"href":"https:\/\/demo9.thuythu.vn\/reeco\/wp-json\/wp\/v2\/product_tag?post=2065"}],"curies":[{"name":"wp","href":"https:\/\/api.w.org\/{rel}","templated":true}]}}