{"id":2045,"date":"2024-01-10T07:32:58","date_gmt":"2024-01-10T07:32:58","guid":{"rendered":"https:\/\/demo9.thuythu.vn\/reeco\/?post_type=product&#038;p=2045"},"modified":"2024-01-12T04:03:37","modified_gmt":"2024-01-12T04:03:37","slug":"thiet-bi-do-toc-do-dong-chay-cam-tay-rhcm","status":"publish","type":"product","link":"https:\/\/demo9.thuythu.vn\/reeco\/product\/thiet-bi-do-toc-do-dong-chay-cam-tay-rhcm\/","title":{"rendered":"Thi\u1ebft b\u1ecb \u0111o t\u1ed1c \u0111\u1ed9 d\u00f2ng ch\u1ea3y c\u1ea7m tay RHCM"},"content":{"rendered":"","protected":false},"excerpt":{"rendered":"<p><span style=\"font-weight: 400;\">Thi\u1ebft b\u1ecb \u0111o l\u01b0u t\u1ed1c d\u00f2ng c\u1ea7m tay RHCM l\u00e0 d\u1ea1ng \u0111o t\u1eebng \u0111i\u1ec3m b\u1ea5t k\u1ef3 \u0111\u1ec3 \u0111\u00e1nh gi\u00e1 l\u01b0u t\u1ed1c hi\u1ec7n t\u1ea1i c\u1ee7a d\u00f2ng n\u01b0\u1edbc. Thi\u1ebft b\u1ecb \u0111o l\u01b0u t\u1ed1c d\u00f2ng RHCM bao g\u1ed3m m\u1ed9t c\u00e1nh qu\u1ea1t 03 c\u00e1nh chuy\u00ean d\u1ee5ng, g\u1eafn \u1edf ph\u00eda d\u01b0\u1edbi g\u1eady c\u00f3 th\u1ec3 k\u00e9o d\u00e0i ho\u1eb7c thu ng\u1eafn (Telescopic Rod), v\u00e0 k\u1ebft n\u1ed1i t\u00edn hi\u1ec7u v\u1edbi b\u1ed9 hi\u1ec3n th\u1ecb s\u1ed1 li\u1ec7u \u0111i\u1ec7n t\u1eed c\u1ea7m tay. \u0110\u1ea7u \u0111o c\u00f3 th\u1ec3 \u0111i\u1ec1u ch\u1ec9nh g\u00f3c nghi\u00eang t\u1ed1i \u0111a \u00b190\u00b0.<\/span><\/p>\n<p><span style=\"font-weight: 400;\">Gi\u00e1 tr\u1ecb \u0111o \u0111\u01b0\u1ee3c hi\u1ec3n th\u1ecb c\u00f9ng v\u1edbi d\u1eef li\u1ec7u ng\u00e0y v\u00e0 th\u1eddi gian \u0111o tr\u00ean b\u1ed9 hi\u1ec3n th\u1ecb s\u1ed1 li\u1ec7u \u0111i\u1ec7n t\u1eed c\u1ea7m tay. D\u1eef li\u1ec7u c\u00f3 th\u1ec3 \u0111\u01b0\u1ee3c l\u01b0u tr\u1eef hay chuy\u1ec3n qua m\u00e1y t\u00ednh th\u00f4ng qua ph\u1ea7n m\u1ec1m<\/span><a href=\"https:\/\/www.hydrobios.de\/en\/software-en\"> <span style=\"font-weight: 400;\">OceanLab 3<\/span><\/a><span style=\"font-weight: 400;\">.<\/span><\/p>\n<p><span style=\"font-weight: 400;\">File d\u1eef li\u1ec7u \u0111o \u0111\u01b0\u1ee3c l\u01b0u tr\u1eef v\u1edbi \u0111\u1ecbnh d\u1ea1ng ASCII, r\u1ea5t thu\u1eadn ti\u1ec7n cho qu\u00e1 tr\u00ecnh x\u1eed l\u00fd, l\u1eadp b\u00e1o c\u00e1o b\u1eb1ng MS Word, Excel hay ph\u1ea7n m\u1ec1m c\u01a1 s\u1edf d\u1eef li\u1ec7u.<\/span><\/p>\n<p><b>T\u00f9y ch\u1ecdn<\/b><\/p>\n<ul>\n<li style=\"font-weight: 400;\" aria-level=\"1\"><span style=\"font-weight: 400;\">Th\u1ebb nh\u1edb 4 MByte<\/span><\/li>\n<li style=\"font-weight: 400;\" aria-level=\"1\"><span style=\"font-weight: 400;\">M\u1ea1ch d\u00f9ng v\u1edbi ngu\u1ed3n c\u1ea5p \u0111i\u1ec7n b\u00ean ngo\u00e0i (mains supply circuit)<\/span><\/li>\n<li style=\"font-weight: 400;\" aria-level=\"1\"><span style=\"font-weight: 400;\">N\u00e2ng c\u1ea5p \u0111\u1ed9 s\u00e2u ho\u1ea1t \u0111\u1ed9ng l\u00ean t\u1ed1i \u0111a 100m v\u1edbi phi\u00ean b\u1ea3n thi\u1ebft b\u1ecb s\u1eed d\u1ee5ng d\u00e2y c\u00e1p.<\/span><\/li>\n<\/ul>\n","protected":false},"featured_media":2047,"comment_status":"open","ping_status":"closed","template":"","meta":[],"product_cat":[15],"product_tag":[],"acf":[],"lang":"vi","translations":{"vi":2045,"en":2419},"pll_sync_post":[],"_links":{"self":[{"href":"https:\/\/demo9.thuythu.vn\/reeco\/wp-json\/wp\/v2\/product\/2045"}],"collection":[{"href":"https:\/\/demo9.thuythu.vn\/reeco\/wp-json\/wp\/v2\/product"}],"about":[{"href":"https:\/\/demo9.thuythu.vn\/reeco\/wp-json\/wp\/v2\/types\/product"}],"replies":[{"embeddable":true,"href":"https:\/\/demo9.thuythu.vn\/reeco\/wp-json\/wp\/v2\/comments?post=2045"}],"wp:featuredmedia":[{"embeddable":true,"href":"https:\/\/demo9.thuythu.vn\/reeco\/wp-json\/wp\/v2\/media\/2047"}],"wp:attachment":[{"href":"https:\/\/demo9.thuythu.vn\/reeco\/wp-json\/wp\/v2\/media?parent=2045"}],"wp:term":[{"taxonomy":"product_cat","embeddable":true,"href":"https:\/\/demo9.thuythu.vn\/reeco\/wp-json\/wp\/v2\/product_cat?post=2045"},{"taxonomy":"product_tag","embeddable":true,"href":"https:\/\/demo9.thuythu.vn\/reeco\/wp-json\/wp\/v2\/product_tag?post=2045"}],"curies":[{"name":"wp","href":"https:\/\/api.w.org\/{rel}","templated":true}]}}