{"id":2019,"date":"2024-01-10T07:08:26","date_gmt":"2024-01-10T07:08:26","guid":{"rendered":"https:\/\/demo9.thuythu.vn\/reeco\/?post_type=product&#038;p=2019"},"modified":"2024-01-10T07:10:36","modified_gmt":"2024-01-10T07:10:36","slug":"thiet-bi-bat-mau-phieu-sinh-vat-tang-giua-ikmt-isaacs-kidd","status":"publish","type":"product","link":"https:\/\/demo9.thuythu.vn\/reeco\/san-pham\/thiet-bi-bat-mau-phieu-sinh-vat-tang-giua-ikmt-isaacs-kidd\/","title":{"rendered":"Thi\u1ebft b\u1ecb b\u1eaft m\u1eabu phi\u00eau sinh v\u1eadt t\u1ea7ng gi\u1eefa IKMT Isaacs-Kidd"},"content":{"rendered":"","protected":false},"excerpt":{"rendered":"<p><span style=\"font-weight: 400;\">Thi\u1ebft b\u1ecb b\u1eaft m\u1eabu phi\u00eau sinh v\u1eadt t\u1ea7ng gi\u1eefa IKMT Isaacs-Kidd (hay HPN Hamburg Plankton Net) l\u00e0 thi\u1ebft b\u1ecb b\u1eaft m\u1eabu ti\u00eau chu\u1ea9n d\u00f9ng \u0111\u1ec3 thu l\u01b0\u1ee3ng l\u1edbn m\u1eabu phi\u00eau sinh v\u1eadt l\u1edbn (Macrozoplankton) v\u00e0 sinh v\u1eadt t\u01b0 b\u01a1i nh\u1ecf (Micronekton).<\/span><span style=\"font-weight: 400;\"><br \/>\n<\/span><span style=\"font-weight: 400;\">Thi\u1ebft b\u1ecb g\u1ed3m c\u00f3 m\u1ed9t c\u00e1nh l\u1eb7n (depressor) h\u00ecnh ch\u1eef U gi\u1eef cho mi\u1ec7ng l\u01b0\u1edbi m\u1edf v\u00e0 t\u1ea1o l\u1ef1c d\u1eb1n, gi\u00fap h\u1ea1 l\u01b0\u1edbi xu\u1ed1ng \u0111\u1ed9 s\u00e2u mong mu\u1ed1n trong th\u1eddi gian d\u1ef1 \u0111\u1ecbnh v\u1edbi t\u1ed1c \u0111\u1ed9 k\u00e9o t\u1eeb 0.5 \u0111\u1ebfn 4 h\u1ea3i l\u00fd\/gi\u1edd. Thi\u1ebft k\u1ebf d\u00e2y c\u0103ng v\u00e0 v\u1ecb tr\u00ed thanh gi\u1eb1ng gi\u00fap cho mi\u1ec7ng l\u01b0\u1edbi m\u1edf v\u00e0 kh\u00f4ng b\u1ecb c\u1ea3n tr\u1edf b\u1edfi s\u1ee9c k\u00e9o c\u1ee7a d\u00e2y c\u00e1p.<\/span><span style=\"font-weight: 400;\"><br \/>\n<\/span><span style=\"font-weight: 400;\">\u0110\u1ec3 \u0111\u1ea3m b\u1ea3o an to\u00e0n cho thi\u1ebft b\u1ecb, m\u1ed9t \u0111i\u1ec3m g\u1eadp \u0111\u01b0\u1ee3c thi\u1ebft k\u1ebf s\u1eb5n tr\u00ean h\u1ec7 d\u00e2y c\u0103ng, k\u1ef9 thu\u1eadt n\u00e0y gi\u00fap thi\u1ebft b\u1ecb g\u1eadp l\u1ea1i trong tr\u01b0\u1eddng h\u1ee3p \u00e1p su\u1ea5t \u0111\u1ed9ng l\u1ef1c qu\u00e1 l\u1edbn.<\/span><span style=\"font-weight: 400;\"><br \/>\n<\/span><span style=\"font-weight: 400;\">IKMT \u0111\u01b0\u1ee3c trang b\u1ecb t\u00fai l\u01b0\u1edbi b\u1eb1ng MOnyl, k\u00edch th\u01b0\u1edbc m\u1eaft 500 micron. Di\u1ec7n t\u00edch mi\u1ec7ng l\u01b0\u1edbi m\u1edf l\u00ean \u0111\u1ebfn 7 m\u00b2, chi\u1ec1u d\u00e0i t\u1ed5ng th\u1ec3 l\u00e0 10 m.<\/span><span style=\"font-weight: 400;\"><br \/>\n<\/span><span style=\"font-weight: 400;\">M\u1eaft l\u01b0\u1edbi m\u1ecbn \u0111\u01b0\u1ee3c b\u1ea3o v\u1ec7 b\u1edfi 1 l\u1edbp l\u01b0\u1edbi th\u00f4 b\u00ean ngo\u00e0i v\u00e0 5 \u0111ai l\u01b0\u1edbi theo su\u1ed1t chi\u1ec1u d\u00e0i c\u1ee7a l\u01b0\u1edbi.<\/span><\/p>\n","protected":false},"featured_media":2023,"comment_status":"open","ping_status":"closed","template":"","meta":[],"product_cat":[15],"product_tag":[621,600],"acf":[],"lang":"vi","translations":{"vi":2019,"en":2026},"pll_sync_post":[],"_links":{"self":[{"href":"https:\/\/demo9.thuythu.vn\/reeco\/wp-json\/wp\/v2\/product\/2019"}],"collection":[{"href":"https:\/\/demo9.thuythu.vn\/reeco\/wp-json\/wp\/v2\/product"}],"about":[{"href":"https:\/\/demo9.thuythu.vn\/reeco\/wp-json\/wp\/v2\/types\/product"}],"replies":[{"embeddable":true,"href":"https:\/\/demo9.thuythu.vn\/reeco\/wp-json\/wp\/v2\/comments?post=2019"}],"wp:featuredmedia":[{"embeddable":true,"href":"https:\/\/demo9.thuythu.vn\/reeco\/wp-json\/wp\/v2\/media\/2023"}],"wp:attachment":[{"href":"https:\/\/demo9.thuythu.vn\/reeco\/wp-json\/wp\/v2\/media?parent=2019"}],"wp:term":[{"taxonomy":"product_cat","embeddable":true,"href":"https:\/\/demo9.thuythu.vn\/reeco\/wp-json\/wp\/v2\/product_cat?post=2019"},{"taxonomy":"product_tag","embeddable":true,"href":"https:\/\/demo9.thuythu.vn\/reeco\/wp-json\/wp\/v2\/product_tag?post=2019"}],"curies":[{"name":"wp","href":"https:\/\/api.w.org\/{rel}","templated":true}]}}