{"id":1996,"date":"2024-01-10T06:25:34","date_gmt":"2024-01-10T06:25:34","guid":{"rendered":"https:\/\/demo9.thuythu.vn\/reeco\/?post_type=product&#038;p=1996"},"modified":"2024-01-11T06:33:10","modified_gmt":"2024-01-11T06:33:10","slug":"ong-phong-lay-mau-loi-tram-tich","status":"publish","type":"product","link":"https:\/\/demo9.thuythu.vn\/reeco\/san-pham\/ong-phong-lay-mau-loi-tram-tich\/","title":{"rendered":"\u1ed0ng ph\u00f3ng l\u1ea5y m\u1eabu l\u00f5i tr\u1ea7m t\u00edch"},"content":{"rendered":"","protected":false},"excerpt":{"rendered":"<p><span style=\"font-weight: 400;\">\u1ed0ng ph\u00f3ng l\u1ea5y m\u1eabu l\u00f5i tr\u1ea7m t\u00edch s\u1eed d\u1ee5ng d\u1ec5 d\u00e0ng v\u1edbi l\u1ef1c \u1ea5n t\u1eeb g\u1eady c\u1ea7m tay \u0111\u1ec3 l\u1ea5y m\u1eabu \u1edf v\u00f9ng n\u01b0\u1edbc n\u00f4ng, ho\u1eb7c t\u1eadn d\u1ee5ng tr\u1ecdng l\u1ef1c k\u1ebft h\u1ee3p v\u1edbi d\u00e2y k\u00e9o \u1edf v\u00f9ng n\u01b0\u1edbc s\u00e2u.<\/span><\/p>\n<p><span style=\"font-weight: 400;\">Trong qu\u00e1 tr\u00ecnh th\u1ea3 xu\u1ed1ng, n\u1eafp van \u1edf ph\u00eda tr\u00ean c\u1ee7a \u1ed1ng ph\u00f3ng b\u1eb1ng th\u1ee7y tinh plexi trong su\u1ed1t \u0111\u01b0\u1ee3c gi\u1eef m\u1edf \u0111\u1ec3 cho n\u01b0\u1edbc tr\u00e0n t\u1ef1 do qua \u1ed1ng. Khi k\u00e9o \u1ed1ng ph\u00f3ng l\u00ean \u00e1p l\u1ef1c c\u1ee7a n\u01b0\u1edbc s\u1ebd gi\u00fap \u0111\u00f3ng n\u1eafp van tr\u00ean \u1ed1ng l\u1ea1i. L\u1ef1c ch\u00e2n kh\u00f4ng s\u1ebd gi\u1eef m\u1eabu tr\u1ea7m t\u00edch trong \u1ed1ng v\u00e0 ng\u0103n ch\u1eb7n m\u1eabu b\u1ecb r\u1eeda tr\u00f4i. Khi \u0111\u01b0a thi\u1ebft b\u1ecb ra kh\u1ecfi m\u00f4i tr\u01b0\u1eddng n\u01b0\u1edbc, \u1ed1ng ch\u1ee9a m\u1eabu \u0111\u01b0\u1ee3c th\u00e1o ra kh\u1ecfi hoder b\u1eb1ng c\u00e1ch k\u00e9o d\u00e2y treo. Sau \u0111\u00f3, m\u1ed9t piston \u0111\u01b0\u1ee3c \u0111\u1eb7t v\u00e0o ph\u00eda d\u01b0\u1edbi \u1ed1ng \u0111\u1ec3 n\u00e9n \u0111\u1ea9y m\u1eabu trong \u1ed1ng ph\u00f3ng ra ngo\u00e0i.<\/span><\/p>\n","protected":false},"featured_media":2001,"comment_status":"open","ping_status":"closed","template":"","meta":[],"product_cat":[15],"product_tag":[],"acf":[],"lang":"vi","translations":{"vi":1996,"en":2003},"pll_sync_post":[],"_links":{"self":[{"href":"https:\/\/demo9.thuythu.vn\/reeco\/wp-json\/wp\/v2\/product\/1996"}],"collection":[{"href":"https:\/\/demo9.thuythu.vn\/reeco\/wp-json\/wp\/v2\/product"}],"about":[{"href":"https:\/\/demo9.thuythu.vn\/reeco\/wp-json\/wp\/v2\/types\/product"}],"replies":[{"embeddable":true,"href":"https:\/\/demo9.thuythu.vn\/reeco\/wp-json\/wp\/v2\/comments?post=1996"}],"wp:featuredmedia":[{"embeddable":true,"href":"https:\/\/demo9.thuythu.vn\/reeco\/wp-json\/wp\/v2\/media\/2001"}],"wp:attachment":[{"href":"https:\/\/demo9.thuythu.vn\/reeco\/wp-json\/wp\/v2\/media?parent=1996"}],"wp:term":[{"taxonomy":"product_cat","embeddable":true,"href":"https:\/\/demo9.thuythu.vn\/reeco\/wp-json\/wp\/v2\/product_cat?post=1996"},{"taxonomy":"product_tag","embeddable":true,"href":"https:\/\/demo9.thuythu.vn\/reeco\/wp-json\/wp\/v2\/product_tag?post=1996"}],"curies":[{"name":"wp","href":"https:\/\/api.w.org\/{rel}","templated":true}]}}