{"id":1991,"date":"2024-01-10T04:53:33","date_gmt":"2024-01-10T04:53:33","guid":{"rendered":"https:\/\/demo9.thuythu.vn\/reeco\/?post_type=product&#038;p=1991"},"modified":"2024-01-10T04:55:24","modified_gmt":"2024-01-10T04:55:24","slug":"ong-lang-phieu-sinh-vat","status":"publish","type":"product","link":"https:\/\/demo9.thuythu.vn\/reeco\/san-pham\/ong-lang-phieu-sinh-vat\/","title":{"rendered":"\u1ed0ng l\u1eafng phi\u00eau sinh v\u1eadt"},"content":{"rendered":"","protected":false},"excerpt":{"rendered":"<p><span style=\"font-weight: 400;\">\u1ed0ng l\u1eafng phi\u00eau sinh v\u1eadt (Tubular Plankton Chambers) d\u00f9ng trong ph\u00e2n t\u00edch hi\u1ec3n vi m\u1eabu tr\u1ea7m t\u00edch phi\u00eau sinh th\u1ef1c v\u1eadt. Qu\u00e1 tr\u00ecnh l\u1eafng m\u1eabu \u0111\u01b0\u1ee3c th\u1ef1c hi\u1ec7n ho\u00e0n to\u00e0n b\u00ean trong \u1ed1ng, do \u0111\u00f3, tr\u00e1nh \u0111\u01b0\u1ee3c c\u00e1c nhi\u1ec5m b\u1ea9n, sai l\u1ec7ch \u1ea3nh h\u01b0\u1edfng \u0111\u1ebfn k\u1ebft qu\u1ea3 ph\u00e2n t\u00edch.<\/span><\/p>\n<p><span style=\"font-weight: 400;\">\u1ed0ng l\u1eafng phi\u00eau sinh v\u1eadt bao g\u1ed3m m\u1ed9t \u1ed1ng b\u1eb1ng th\u1ee7y tinh plexi v\u1edbi \u0111\u1ebf v\u00f2ng kim lo\u1ea1i \u00f4m gi\u1eef t\u1ea5m lam k\u00ednh m\u1ecfng ch\u1ec9 0.2 mm. M\u1eabu l\u1eafng sau \u0111\u00f3 \u0111\u01b0\u1ee3c ph\u00e2n t\u00edch b\u1eb1ng k\u00ednh hi\u1ec3n vi \u0111\u1ea3o ng\u01b0\u1ee3c (inverted microscopes).\u00a0 Thi\u1ebft b\u1ecb \u0111\u01b0\u1ee3c cung c\u1ea5p k\u00e8m theo m\u1ed9t n\u1eafp \u0111\u1eady v\u00e0 h\u1ed9p 50 lam k\u00ednh tr\u00f2n b\u1eb1ng th\u1ee7y tinh.<\/span><\/p>\n","protected":false},"featured_media":1993,"comment_status":"open","ping_status":"closed","template":"","meta":[],"product_cat":[15],"product_tag":[],"acf":[],"lang":"vi","translations":{"vi":1991,"en":1994},"pll_sync_post":[],"_links":{"self":[{"href":"https:\/\/demo9.thuythu.vn\/reeco\/wp-json\/wp\/v2\/product\/1991"}],"collection":[{"href":"https:\/\/demo9.thuythu.vn\/reeco\/wp-json\/wp\/v2\/product"}],"about":[{"href":"https:\/\/demo9.thuythu.vn\/reeco\/wp-json\/wp\/v2\/types\/product"}],"replies":[{"embeddable":true,"href":"https:\/\/demo9.thuythu.vn\/reeco\/wp-json\/wp\/v2\/comments?post=1991"}],"wp:featuredmedia":[{"embeddable":true,"href":"https:\/\/demo9.thuythu.vn\/reeco\/wp-json\/wp\/v2\/media\/1993"}],"wp:attachment":[{"href":"https:\/\/demo9.thuythu.vn\/reeco\/wp-json\/wp\/v2\/media?parent=1991"}],"wp:term":[{"taxonomy":"product_cat","embeddable":true,"href":"https:\/\/demo9.thuythu.vn\/reeco\/wp-json\/wp\/v2\/product_cat?post=1991"},{"taxonomy":"product_tag","embeddable":true,"href":"https:\/\/demo9.thuythu.vn\/reeco\/wp-json\/wp\/v2\/product_tag?post=1991"}],"curies":[{"name":"wp","href":"https:\/\/api.w.org\/{rel}","templated":true}]}}