{"id":1986,"date":"2024-01-10T04:45:11","date_gmt":"2024-01-10T04:45:11","guid":{"rendered":"https:\/\/demo9.thuythu.vn\/reeco\/?post_type=product&#038;p=1986"},"modified":"2024-01-10T04:47:59","modified_gmt":"2024-01-10T04:47:59","slug":"luoi-vet-mau-day","status":"publish","type":"product","link":"https:\/\/demo9.thuythu.vn\/reeco\/san-pham\/luoi-vet-mau-day\/","title":{"rendered":"L\u01b0\u1edbi v\u00e9t m\u1eabu \u0111\u00e1y"},"content":{"rendered":"","protected":false},"excerpt":{"rendered":"<p><span style=\"font-weight: 400;\">L\u01b0\u1edbi v\u00e9t m\u1eabu \u0111\u00e1y d\u00f9ng \u0111\u1ec3 thu c\u00e1c m\u1eabu v\u1eadt \u1edf \u0111\u00e1y s\u00f4ng, h\u1ed3.<\/span><span style=\"font-weight: 400;\"><br \/>\n<\/span><span style=\"font-weight: 400;\">Thi\u1ebft b\u1ecb \u0111\u01b0\u1ee3c thi\u1ebft k\u1ebf ch\u1eafc ch\u1eafn, b\u1ec1n v\u1edbi khung mi\u1ec7ng b\u1eb1ng th\u00e9p kh\u00f4ng g\u1ec9 \u0111\u1eb7c ch\u1ee7ng k\u00edch th\u01b0\u1edbc 50 x 20 cm, \u0111\u01b0\u1ee3c k\u00e9o d\u1ecdc theo \u0111\u00e1y \u0111\u1ec3 thu th\u1eadp m\u1eabu v\u1eadt sinh h\u1ecdc ho\u1eb7c kho\u00e1ng v\u1eadt.<\/span><span style=\"font-weight: 400;\"><br \/>\n<\/span><span style=\"font-weight: 400;\">Thi\u1ebft b\u1ecb c\u00f3 hai tai c\u1ea5u tr\u00fac h\u00ecnh ch\u1eef V v\u00e0 m\u00f3c \u0111\u1ec3 g\u1eafn d\u00e2y lai<\/span><span style=\"font-weight: 400;\"><br \/>\n<\/span><span style=\"font-weight: 400;\">L\u01b0\u1edbi b\u1eaft m\u1eabu ch\u1eafc ch\u1eafn d\u00e0i 60 cm, k\u00edch th\u01b0\u1edbc l\u1ed7 6 mm \u0111\u01b0\u1ee3c b\u1ea3o v\u1ec7 b\u1eb1ng m\u1ed9t l\u1edbp v\u1ea3i chuy\u00ean d\u1ee5ng b\u00ean ngo\u00e0i<\/span><span style=\"font-weight: 400;\"><br \/>\n<\/span><span style=\"font-weight: 400;\">Kh\u1ed1i l\u01b0\u1ee3ng c\u1ee7a to\u00e1n b\u1ed9 l\u01b0\u1edbi v\u00e9t kho\u1ea3ng 9.5 kg.<\/span><\/p>\n","protected":false},"featured_media":1987,"comment_status":"open","ping_status":"closed","template":"","meta":[],"product_cat":[15],"product_tag":[],"acf":[],"lang":"vi","translations":{"vi":1986,"en":1989},"pll_sync_post":[],"_links":{"self":[{"href":"https:\/\/demo9.thuythu.vn\/reeco\/wp-json\/wp\/v2\/product\/1986"}],"collection":[{"href":"https:\/\/demo9.thuythu.vn\/reeco\/wp-json\/wp\/v2\/product"}],"about":[{"href":"https:\/\/demo9.thuythu.vn\/reeco\/wp-json\/wp\/v2\/types\/product"}],"replies":[{"embeddable":true,"href":"https:\/\/demo9.thuythu.vn\/reeco\/wp-json\/wp\/v2\/comments?post=1986"}],"wp:featuredmedia":[{"embeddable":true,"href":"https:\/\/demo9.thuythu.vn\/reeco\/wp-json\/wp\/v2\/media\/1987"}],"wp:attachment":[{"href":"https:\/\/demo9.thuythu.vn\/reeco\/wp-json\/wp\/v2\/media?parent=1986"}],"wp:term":[{"taxonomy":"product_cat","embeddable":true,"href":"https:\/\/demo9.thuythu.vn\/reeco\/wp-json\/wp\/v2\/product_cat?post=1986"},{"taxonomy":"product_tag","embeddable":true,"href":"https:\/\/demo9.thuythu.vn\/reeco\/wp-json\/wp\/v2\/product_tag?post=1986"}],"curies":[{"name":"wp","href":"https:\/\/api.w.org\/{rel}","templated":true}]}}