{"id":1977,"date":"2024-01-10T04:38:34","date_gmt":"2024-01-10T04:38:34","guid":{"rendered":"https:\/\/demo9.thuythu.vn\/reeco\/?post_type=product&#038;p=1977"},"modified":"2024-01-10T04:41:04","modified_gmt":"2024-01-10T04:41:04","slug":"luoi-thu-mau-thuy-sinh-toc-do-cao-nackthai","status":"publish","type":"product","link":"https:\/\/demo9.thuythu.vn\/reeco\/san-pham\/luoi-thu-mau-thuy-sinh-toc-do-cao-nackthai\/","title":{"rendered":"L\u01b0\u1edbi thu m\u1eabu th\u1ee7y sinh t\u1ed1c \u0111\u1ed9 cao \u201cNackthai\u201d"},"content":{"rendered":"","protected":false},"excerpt":{"rendered":"<p><span style=\"font-weight: 400;\">L\u01b0\u1edbi thu m\u1eabu th\u1ee7y sinh t\u1ed1c \u0111\u1ed9 cao \u201dNackthai\u201d \u0111\u01b0\u1ee3c ph\u00e1t tri\u1ec3n \u0111\u1ec3 b\u1eaft c\u00e1c sinh v\u1eadt di \u0111\u1ed9ng v\u1edbi hi\u1ec7u su\u1ea5t cao.<\/span><span style=\"font-weight: 400;\"><br \/>\n<\/span><span style=\"font-weight: 400;\">Thi\u1ebft b\u1ecb bao g\u1ed3m t\u00fai l\u01b0\u1edbi d\u00e0i 150 cm, \u0111\u01b0\u1ee3c b\u1ea3o v\u1ec7 b\u1eb1ng m\u1ed9t khung \u1ed1ng ch\u1eafc ch\u1eafn \u2013 nh\u1eb9 c\u00f3 m\u0169i h\u00ecnh n\u00f3n \u0111\u01b0\u1eddng k\u00ednh \u0111\u1ea7u v\u00e0o 20 cm. 3 v\u00e2y plastic gi\u00fap thi\u1ebft b\u1ecb \u1ed5n \u0111\u1ecbnh trong su\u1ed1t th\u1eddi gian ho\u1ea1t \u0111\u1ed9ng. 1<\/span> <span style=\"font-weight: 400;\">v\u1eadt gi\u1eb1ng v\u00e2y ch\u1eef V<\/span><span style=\"font-weight: 400;\"> n\u1eb7ng 22 kg \u0111\u01b0\u1ee3c s\u1eed d\u1ee5ng \u0111\u1ec3 t\u1ea1o l\u1ef1c n\u00e2ng \u00e2m cho thi\u1ebft b\u1ecb.<\/span><span style=\"font-weight: 400;\"><br \/>\n<\/span><span style=\"font-weight: 400;\">\u0110\u1ec3 d\u1ec5 d\u00e0ng d\u1ed3n m\u1eabu v\u00e0o trong, thi\u1ebft b\u1ecb \u0111\u01b0\u1ee3c g\u1eafn m\u1ed9t g\u1ea7u plastic d\u1ea1ng c\u1eeda h\u00f4ng g\u1eafn s\u00e0ng m\u1ecbn. Thi\u1ebft b\u1ecb Nackthai c\u00f3 th\u1ec3 d\u00f9ng k\u1ebft h\u1ee3p v\u1edbi<\/span> <span style=\"font-weight: 400;\">thi\u1ebft b\u1ecb \u0111o l\u01b0u l\u01b0\u1ee3ng<\/span><span style=\"font-weight: 400;\"> \u0111\u1ec3 \u0111o th\u1ec3 t\u00edch n\u01b0\u1edbc l\u1ecdc qua trong qu\u00e1 tr\u00ecnh b\u1eaft m\u1eabu.<\/span><span style=\"font-weight: 400;\"><br \/>\n<\/span><span style=\"font-weight: 400;\">Kh\u00f4ng c\u00f3 d\u00e2y c\u0103ng ho\u1eb7c d\u00e2y k\u00e9o g\u1eafn \u1edf ph\u00eda tr\u01b0\u1edbc mi\u1ec7ng l\u01b0\u1edbi n\u00ean c\u00e1c sinh v\u1eadt kh\u00f4ng \u0111\u01b0\u1ee3c \u201cc\u1ea3nh b\u00e1o tr\u01b0\u1edbc\u201d. \u0110\u1ed9 m\u1edf c\u1ee7a mi\u1ec7ng l\u01b0\u1edbi kh\u00f4ng b\u1ecb c\u1ea3n tr\u1edf khi v\u1eadn h\u00e0nh. Do c\u00f3 kh\u1ed1i l\u01b0\u1ee3ng nh\u1ecf thi\u1ebft b\u1ecb \u201cNackthai\u201d c\u00f3 th\u1ec3 v\u1eadn h\u00e0nh d\u1ec5 d\u00e0ng ngay c\u1ea3 trong \u0111i\u1ec1u ki\u1ec7n th\u1eddi ti\u1ebft x\u1ea5u<\/span><\/p>\n","protected":false},"featured_media":1982,"comment_status":"open","ping_status":"closed","template":"","meta":[],"product_cat":[15],"product_tag":[],"acf":[],"lang":"vi","translations":{"vi":1977,"en":1984},"pll_sync_post":[],"_links":{"self":[{"href":"https:\/\/demo9.thuythu.vn\/reeco\/wp-json\/wp\/v2\/product\/1977"}],"collection":[{"href":"https:\/\/demo9.thuythu.vn\/reeco\/wp-json\/wp\/v2\/product"}],"about":[{"href":"https:\/\/demo9.thuythu.vn\/reeco\/wp-json\/wp\/v2\/types\/product"}],"replies":[{"embeddable":true,"href":"https:\/\/demo9.thuythu.vn\/reeco\/wp-json\/wp\/v2\/comments?post=1977"}],"wp:featuredmedia":[{"embeddable":true,"href":"https:\/\/demo9.thuythu.vn\/reeco\/wp-json\/wp\/v2\/media\/1982"}],"wp:attachment":[{"href":"https:\/\/demo9.thuythu.vn\/reeco\/wp-json\/wp\/v2\/media?parent=1977"}],"wp:term":[{"taxonomy":"product_cat","embeddable":true,"href":"https:\/\/demo9.thuythu.vn\/reeco\/wp-json\/wp\/v2\/product_cat?post=1977"},{"taxonomy":"product_tag","embeddable":true,"href":"https:\/\/demo9.thuythu.vn\/reeco\/wp-json\/wp\/v2\/product_tag?post=1977"}],"curies":[{"name":"wp","href":"https:\/\/api.w.org\/{rel}","templated":true}]}}