{"id":1973,"date":"2024-01-10T04:24:52","date_gmt":"2024-01-10T04:24:52","guid":{"rendered":"https:\/\/demo9.thuythu.vn\/reeco\/?post_type=product&#038;p=1973"},"modified":"2024-01-10T04:28:36","modified_gmt":"2024-01-10T04:28:36","slug":"luoi-re-tron-calcofi","status":"publish","type":"product","link":"https:\/\/demo9.thuythu.vn\/reeco\/san-pham\/luoi-re-tron-calcofi\/","title":{"rendered":"L\u01b0\u1edbi r\u00ea tr\u00f2n CalCOFI"},"content":{"rendered":"","protected":false},"excerpt":{"rendered":"<p><span style=\"font-weight: 400;\">Thi\u1ebft b\u1ecb \u0111\u01b0\u1ee3c ch\u1ebf t\u1ea1o d\u1ef1a theo thi\u1ebft k\u1ebf c\u1ee7a t\u1ed5 ch\u1ee9c<\/span><a href=\"https:\/\/en.wikipedia.org\/wiki\/CalCOFI\" rel=\"nofollow\"> <span style=\"font-weight: 400;\">CalCOFI<\/span><\/a><span style=\"font-weight: 400;\"> (California Cooperative Oceanic Fisheries Investigations). L\u01b0\u1edbi r\u00ea tr\u00f2n CalCOFI l\u00e0 thi\u1ebft b\u1ecb b\u1eaft m\u1eabu th\u1ee7y sinh ti\u00eau chu\u1ea9n kh\u00f4ng c\u00f3 ch\u1ee9c n\u0103ng \u0111\u00f3ng ho\u1eb7c m\u1edf trong khi v\u1eadn h\u00e0nh.<\/span><span style=\"font-weight: 400;\"><br \/>\n<\/span><span style=\"font-weight: 400;\">L\u01b0\u1edbi r\u00ea tr\u00f2n CalCOFI b\u1eaft m\u1eabu \u0111\u1ecbnh l\u01b0\u1ee3ng, l\u1ecdc qua l\u01b0\u1ee3ng l\u1edbn n\u01b0\u1edbc b\u1eb1ng c\u00e1ch k\u00e9o theo ph\u01b0\u01a1ng ngang ho\u1eb7c xi\u00ean.<\/span><span style=\"font-weight: 400;\"><br \/>\n<\/span><span style=\"font-weight: 400;\">C\u1ea5u t\u1ea1o ch\u00ednh g\u1ed3m v\u00f2ng th\u00e9p kh\u00f4ng g\u1ec9 chuy\u00ean d\u1ee5ng, \u0111\u01b0\u1eddng k\u00ednh 100 cm g\u1eafn v\u1edbi t\u00fai l\u01b0\u1edbi d\u00e0i 4.0 m. 1<\/span> <span style=\"font-weight: 400;\">v\u1eadt gi\u1eb1ng v\u00e2y ch\u1eef V<\/span><span style=\"font-weight: 400;\"> n\u1eb7ng 22 kg \u0111\u01b0\u1ee3c s\u1eed d\u1ee5ng \u0111\u1ec3 t\u1ea1o l\u1ef1c n\u00e2ng \u00e2m cho thi\u1ebft b\u1ecb khi v\u1eadn h\u00e0nh. \u0110\u1ec3 d\u1ec5 d\u00e0ng d\u1ed3n m\u1eabu v\u00e0o trong, thi\u1ebft b\u1ecb \u0111\u01b0\u1ee3c g\u1eafn m\u1ed9t g\u1ea7u plastic d\u1ea1ng c\u1eeda h\u00f4ng g\u1eafn s\u00e0ng m\u1ecbn. Thi\u1ebft b\u1ecb c\u00f3 th\u1ec3 d\u00f9ng k\u1ebft h\u1ee3p v\u1edbi<\/span> <span style=\"font-weight: 400;\">thi\u1ebft b\u1ecb \u0111o l\u01b0u l\u01b0\u1ee3ng<\/span><span style=\"font-weight: 400;\"> \u0111\u1ec3 \u0111o th\u1ec3 t\u00edch n\u01b0\u1edbc l\u1ecdc qua.<\/span><\/p>\n","protected":false},"featured_media":1974,"comment_status":"open","ping_status":"closed","template":"","meta":[],"product_cat":[15],"product_tag":[],"acf":[],"lang":"vi","translations":{"vi":1973,"en":1976},"pll_sync_post":[],"_links":{"self":[{"href":"https:\/\/demo9.thuythu.vn\/reeco\/wp-json\/wp\/v2\/product\/1973"}],"collection":[{"href":"https:\/\/demo9.thuythu.vn\/reeco\/wp-json\/wp\/v2\/product"}],"about":[{"href":"https:\/\/demo9.thuythu.vn\/reeco\/wp-json\/wp\/v2\/types\/product"}],"replies":[{"embeddable":true,"href":"https:\/\/demo9.thuythu.vn\/reeco\/wp-json\/wp\/v2\/comments?post=1973"}],"wp:featuredmedia":[{"embeddable":true,"href":"https:\/\/demo9.thuythu.vn\/reeco\/wp-json\/wp\/v2\/media\/1974"}],"wp:attachment":[{"href":"https:\/\/demo9.thuythu.vn\/reeco\/wp-json\/wp\/v2\/media?parent=1973"}],"wp:term":[{"taxonomy":"product_cat","embeddable":true,"href":"https:\/\/demo9.thuythu.vn\/reeco\/wp-json\/wp\/v2\/product_cat?post=1973"},{"taxonomy":"product_tag","embeddable":true,"href":"https:\/\/demo9.thuythu.vn\/reeco\/wp-json\/wp\/v2\/product_tag?post=1973"}],"curies":[{"name":"wp","href":"https:\/\/api.w.org\/{rel}","templated":true}]}}