{"id":1963,"date":"2024-01-10T04:15:19","date_gmt":"2024-01-10T04:15:19","guid":{"rendered":"https:\/\/demo9.thuythu.vn\/reeco\/?post_type=product&#038;p=1963"},"modified":"2024-01-10T04:19:12","modified_gmt":"2024-01-10T04:19:12","slug":"luoi-bat-mau-sinh-vat-phu-du-wp2","status":"publish","type":"product","link":"https:\/\/demo9.thuythu.vn\/reeco\/san-pham\/luoi-bat-mau-sinh-vat-phu-du-wp2\/","title":{"rendered":"L\u01b0\u1edbi b\u1eaft m\u1eabu sinh v\u1eadt phu du WP2"},"content":{"rendered":"","protected":false},"excerpt":{"rendered":"<p><span style=\"font-weight: 400;\">L\u01b0\u1edbi b\u1eaft m\u1eabu sinh v\u1eadt ph\u00f9 du WP2 \u0111\u01b0\u1ee3c ch\u1ebf t\u1ea1o theo thi\u1ebft k\u1ebf c\u1ee7a nh\u00f3m c\u00f4ng t\u00e1c 2 \u2013<\/span><a href=\"https:\/\/vi.wikipedia.org\/wiki\/T%E1%BB%95_ch%E1%BB%A9c_Gi%C3%A1o_d%E1%BB%A5c,_Khoa_h%E1%BB%8Dc_v%C3%A0_V%C4%83n_h%C3%B3a_Li%C3%AAn_H%E1%BB%A3p_Qu%E1%BB%91c\" rel=\"nofollow\"> <span style=\"font-weight: 400;\">UNESCO<\/span><\/a><span style=\"font-weight: 400;\"> (UNESCO Working Party 2). Thi\u1ebft b\u1ecb v\u1eadn h\u00e0nh theo ph\u01b0\u01a1ng th\u1eb3ng \u0111\u1ee9ng, \u0111\u00f3ng \u0111\u01b0\u1ee3c qua c\u01a1 ch\u1ebf k\u00edch ho\u1ea1t \u0111\u00f3ng b\u1eb1ng con chuy\u1ec3n (messenger). C\u1ea5u t\u1ea1o ch\u00ednh g\u1ed3m v\u00f2ng th\u00e9p kh\u00f4ng g\u1ec9 chuy\u00ean d\u1ee5ng, \u0111\u01b0\u1eddng k\u00ednh 57 cm g\u1eafn v\u1edbi t\u00fai l\u01b0\u1edbi d\u00e0i 2.6 m.<\/span><span style=\"font-weight: 400;\"><br \/>\n<\/span><span style=\"font-weight: 400;\">\u0110\u00e1y t\u00fai g\u1eafn v\u1edbi khung g\u1ea7u (bucket) n\u1eb7ng \u0111\u1ec3 h\u1ea1 thi\u1ebft b\u1ecb xu\u1ed1ng nhanh v\u00e0 d\u1ec5 d\u00e0ng.<\/span><span style=\"font-weight: 400;\"><br \/>\n<\/span><span style=\"font-weight: 400;\">\u0110\u1ec3 d\u1ec5 d\u00e0ng d\u1ed3n m\u1eabu v\u00e0o trong, thi\u1ebft b\u1ecb \u0111\u01b0\u1ee3c g\u1eafn m\u1ed9t g\u1ea7u plastic d\u1ea1ng c\u1eeda h\u00f4ng g\u1eafn s\u00e0ng m\u1ecbn. Trong qu\u00e1 tr\u00ecnh k\u00e9o l\u00ean, c\u00f3 th\u1ec3 \u0111\u00f3ng thi\u1ebft b\u1ecb \u1edf m\u1ed9t \u0111\u1ed9 s\u00e2u d\u1ef1 ki\u1ebfn n\u00e0o \u0111\u00f3 b\u1eb1ng c\u00e1ch k\u00edch ho\u1ea1t th\u1eaft mi\u1ec7ng l\u01b0\u1edbi l\u1ea1i. K\u1ef9 thu\u1eadt n\u00e0y cho ph\u00e9p b\u1eaft m\u1eabu \u1edf nhi\u1ec1u t\u1ea7ng \u0111\u1ed9 s\u00e2u kh\u00e1c nhau.<\/span><span style=\"font-weight: 400;\"><br \/>\n<\/span><span style=\"font-weight: 400;\">Thi\u1ebft b\u1ecb b\u1eaft m\u1eabu WP2 c\u00f3 th\u1ec3 d\u00f9ng k\u1ebft h\u1ee3p v\u1edbi<\/span> <span style=\"font-weight: 400;\">thi\u1ebft b\u1ecb \u0111o l\u01b0u l\u01b0\u1ee3ng c\u00f3 c\u1eef ch\u1eb7n l\u00f9i<\/span><span style=\"font-weight: 400;\"> (back-run stop) \u0111\u1ec3 \u0111o th\u1ec3 t\u00edch n\u01b0\u1edbc l\u1ecdc qua trong qu\u00e1 tr\u00ecnh b\u1eaft m\u1eabu.<\/span><\/p>\n","protected":false},"featured_media":1969,"comment_status":"open","ping_status":"closed","template":"","meta":[],"product_cat":[15],"product_tag":[600,612],"acf":[],"lang":"vi","translations":{"vi":1963,"en":1971},"pll_sync_post":[],"_links":{"self":[{"href":"https:\/\/demo9.thuythu.vn\/reeco\/wp-json\/wp\/v2\/product\/1963"}],"collection":[{"href":"https:\/\/demo9.thuythu.vn\/reeco\/wp-json\/wp\/v2\/product"}],"about":[{"href":"https:\/\/demo9.thuythu.vn\/reeco\/wp-json\/wp\/v2\/types\/product"}],"replies":[{"embeddable":true,"href":"https:\/\/demo9.thuythu.vn\/reeco\/wp-json\/wp\/v2\/comments?post=1963"}],"wp:featuredmedia":[{"embeddable":true,"href":"https:\/\/demo9.thuythu.vn\/reeco\/wp-json\/wp\/v2\/media\/1969"}],"wp:attachment":[{"href":"https:\/\/demo9.thuythu.vn\/reeco\/wp-json\/wp\/v2\/media?parent=1963"}],"wp:term":[{"taxonomy":"product_cat","embeddable":true,"href":"https:\/\/demo9.thuythu.vn\/reeco\/wp-json\/wp\/v2\/product_cat?post=1963"},{"taxonomy":"product_tag","embeddable":true,"href":"https:\/\/demo9.thuythu.vn\/reeco\/wp-json\/wp\/v2\/product_tag?post=1963"}],"curies":[{"name":"wp","href":"https:\/\/api.w.org\/{rel}","templated":true}]}}