{"id":1956,"date":"2024-01-10T03:37:00","date_gmt":"2024-01-10T03:37:00","guid":{"rendered":"https:\/\/demo9.thuythu.vn\/reeco\/?post_type=product&#038;p=1956"},"modified":"2024-01-10T04:05:37","modified_gmt":"2024-01-10T04:05:37","slug":"luoi-bat-mau-sinh-vat-phu-du-theo-chuan-apstein","status":"publish","type":"product","link":"https:\/\/demo9.thuythu.vn\/reeco\/san-pham\/luoi-bat-mau-sinh-vat-phu-du-theo-chuan-apstein\/","title":{"rendered":"L\u01b0\u1edbi b\u1eaft m\u1eabu sinh v\u1eadt ph\u00f9 du theo chu\u1ea9n Apstein"},"content":{"rendered":"","protected":false},"excerpt":{"rendered":"<p><span style=\"font-weight: 400;\">L\u01b0\u1edbi b\u1eaft m\u1eabu sinh v\u1eadt ph\u00f9 du theo chu\u1ea9n Apstein \u0111\u01b0\u1ee3c s\u1eed d\u1ee5ng ch\u1ee7 y\u1ebfu trong kh\u1ea3o s\u00e1t, nghi\u00ean c\u1ee9u h\u1ed3 \u2013 \u0111\u1eadp. Thi\u1ebft b\u1ecb \u0111\u01b0\u1ee3c ch\u1ebf t\u1ea1o v\u1edbi nhi\u1ec1u h\u00ecnh d\u1ea1ng v\u00e0 k\u00edch th\u01b0\u1edbc m\u1eaft l\u01b0\u1edbi kh\u00e1c nhau.<\/span><\/p>\n<p><span style=\"font-weight: 400;\">Phi\u00ean b\u1ea3n c\u01a1 b\u1ea3n, d\u00f9ng thu m\u1eabu \u0111\u1ecbnh t\u00ednh, c\u1ea5u t\u1ea1o g\u1ed3m v\u00f2ng th\u00e9p kh\u00f4ng g\u1ec9 g\u1eafn v\u1edbi l\u01b0\u1edbi b\u1eaft m\u1eabu h\u00ecnh n\u00f3n. \u0110\u1ec3 d\u1ec5 d\u00e0ng d\u1ed3n m\u1eabu v\u00e0o trong, thi\u1ebft b\u1ecb \u0111\u01b0\u1ee3c g\u1eafn m\u1ed9t b\u1ed9 ph\u1eadn g\u1ea7u c\u00f3 th\u1ec3 th\u00e1o r\u1eddi v\u00e0 c\u00f3 s\u00e0ng m\u1ecbn \u1edf \u0111\u00e1y ho\u1eb7c b\u00ean h\u00f4ng.<\/span><\/p>\n<p><span style=\"font-weight: 400;\">Phi\u00ean b\u1ea3n \u0111\u1ecbnh l\u01b0\u1ee3ng trang b\u1ecb th\u00eam n\u1eafp b\u1eb1ng plastic l\u00e0m gi\u1ea3m k\u00edch th\u01b0\u1edbc mi\u1ec7ng l\u01b0\u1edbi, v\u00e0 cho hi\u1ec7u su\u1ea5t l\u1ecdc cao h\u01a1n.<\/span><\/p>\n<p><span style=\"font-weight: 400;\">Phi\u00ean b\u1ea3n \u0111\u00f3ng c\u00f3 c\u1ea5u t\u1ea1o t\u01b0\u01a1ng t\u1ef1 phi\u00ean b\u1ea3n \u0111\u1ecbnh l\u01b0\u1ee3ng nh\u01b0ng \u0111\u01b0\u1ee3c trang b\u1ecb th\u00eam messenger \u0111\u1ec3 k\u00edch ho\u1ea1t c\u01a1 ch\u1ebf \u0111\u00f3ng thi\u1ebft b\u1ecb, ho\u1ea1t \u0111\u1ed9ng ki\u1ec3u nh\u01b0\u00a0 m\u1ed9t van b\u01b0\u1edbm. Van n\u00e0y cho ph\u00e9p b\u1eaft m\u1eabu \u1edf nh\u1eefng t\u1ea7ng c\u00f3 \u0111\u1ed9 s\u00e2u x\u00e1c \u0111\u1ecbnh.<\/span><\/p>\n<p><span style=\"font-weight: 400;\">V\u1eadt li\u1ec7u l\u01b0\u1edbi l\u00e0 s\u1ee3i Monyl t\u1ed5ng h\u1ee3p. K\u00edch th\u01b0\u1edbc m\u1eaft l\u01b0\u1edbi chu\u1ea9n c\u1ee7a thi\u1ebft b\u1ecb l\u1ea5y m\u1eabu Apstein l\u00e0 55 microns, th\u01b0\u1eddng \u0111\u01b0\u1ee3c d\u00f9ng \u0111\u1ec3 thu c\u00e1c m\u1eabu th\u1ef1c v\u1eadt ph\u00f9 du.<\/span><\/p>\n<p><span style=\"font-weight: 400;\">V\u1edbi \u1ee9ng d\u1ee5ng b\u1eaft m\u1eabu \u0111\u1ed9ng v\u1eadt ph\u00f9 du, m\u1eaft l\u01b0\u1edbi c\u1ee1 335 microns s\u1ebd \u0111\u01b0\u1ee3c d\u00f9ng l\u01b0\u1edbi.<\/span><\/p>\n<p><span style=\"font-weight: 400;\">B\u00ean c\u1ea1nh \u0111\u00f3, kh\u00e1ch h\u00e0ng c\u00f3 th\u1ec3 y\u00eau c\u1ea7u k\u00edch th\u01b0\u1edbc m\u1eaft l\u01b0\u1edbi x\u00e1c \u0111\u1ecbnh n\u1eb1m trong kho\u1ea3ng 55 \u0111\u1ebfn 780 microns t\u00f9y theo \u1ee9ng d\u1ee5ng c\u1ee5 th\u1ec3. Ch\u00fang t\u00f4i s\u1ebd t\u00ednh th\u00eam ph\u00ed \u0111\u1ed1i v\u1edbi c\u00e1c model L\u01b0\u1edbi b\u1eaft m\u1eabu sinh v\u1eadt ph\u00f9 du c\u00f3 g\u1eafn l\u01b0\u1edbi k\u00edch th\u01b0\u1edbc m\u1eaft &lt; 55 microns.<\/span><\/p>\n","protected":false},"featured_media":1959,"comment_status":"open","ping_status":"closed","template":"","meta":[],"product_cat":[15],"product_tag":[],"acf":[],"lang":"vi","translations":{"vi":1956,"en":1961},"pll_sync_post":[],"_links":{"self":[{"href":"https:\/\/demo9.thuythu.vn\/reeco\/wp-json\/wp\/v2\/product\/1956"}],"collection":[{"href":"https:\/\/demo9.thuythu.vn\/reeco\/wp-json\/wp\/v2\/product"}],"about":[{"href":"https:\/\/demo9.thuythu.vn\/reeco\/wp-json\/wp\/v2\/types\/product"}],"replies":[{"embeddable":true,"href":"https:\/\/demo9.thuythu.vn\/reeco\/wp-json\/wp\/v2\/comments?post=1956"}],"wp:featuredmedia":[{"embeddable":true,"href":"https:\/\/demo9.thuythu.vn\/reeco\/wp-json\/wp\/v2\/media\/1959"}],"wp:attachment":[{"href":"https:\/\/demo9.thuythu.vn\/reeco\/wp-json\/wp\/v2\/media?parent=1956"}],"wp:term":[{"taxonomy":"product_cat","embeddable":true,"href":"https:\/\/demo9.thuythu.vn\/reeco\/wp-json\/wp\/v2\/product_cat?post=1956"},{"taxonomy":"product_tag","embeddable":true,"href":"https:\/\/demo9.thuythu.vn\/reeco\/wp-json\/wp\/v2\/product_tag?post=1956"}],"curies":[{"name":"wp","href":"https:\/\/api.w.org\/{rel}","templated":true}]}}