{"id":1945,"date":"2024-01-10T03:16:08","date_gmt":"2024-01-10T03:16:08","guid":{"rendered":"https:\/\/demo9.thuythu.vn\/reeco\/?post_type=product&#038;p=1945"},"modified":"2024-01-10T03:19:30","modified_gmt":"2024-01-10T03:19:30","slug":"luoi-bat-mau-hai-duong-theo-phuong-ngang-hoac-xien-bongo","status":"publish","type":"product","link":"https:\/\/demo9.thuythu.vn\/reeco\/san-pham\/luoi-bat-mau-hai-duong-theo-phuong-ngang-hoac-xien-bongo\/","title":{"rendered":"L\u01b0\u1edbi b\u1eaft m\u1eabu h\u1ea3i d\u01b0\u01a1ng theo ph\u01b0\u01a1ng ngang ho\u1eb7c xi\u00ean Bongo"},"content":{"rendered":"","protected":false},"excerpt":{"rendered":"<p><span style=\"font-weight: 400;\">C\u1ea5u tr\u00fac v\u00f2ng k\u00e9p c\u1ee7a L\u01b0\u1edbi b\u1eaft m\u1eabu h\u1ea3i d\u01b0\u01a1ng theo ph\u01b0\u01a1ng ngang ho\u1eb7c xi\u00ean (Bongo) gi\u00fap tr\u00e1nh \u0111\u01b0\u1ee3c s\u1ef1 x\u00e1o tr\u1ed9n g\u00e2y ra do d\u00e2y c\u0103ng g\u1eafn ngay ph\u00eda tr\u01b0\u1edbc mi\u1ec7ng l\u01b0\u1edbi, \u0111\u1ed3ng th\u1eddi cho ph\u00e9p c\u00e1c nh\u00e0 nghi\u00ean c\u1ee9u l\u1ea5y m\u1eabu \u0111\u1ed3ng th\u1eddi v\u1edbi hai l\u01b0\u1edbi c\u00f3 k\u00edch th\u01b0\u1edbc m\u1eaft l\u01b0\u1edbi kh\u00e1c nhau.<\/span><\/p>\n<p><span style=\"font-weight: 400;\">Hai v\u00f2ng l\u01b0\u1edbi b\u1eb1ng th\u00e9p kh\u00f4ng g\u1ec9 \u0111\u01b0\u1eddng k\u00ednh 60 cm g\u1eafn v\u1edbi nhau b\u1eb1ng b\u1ed9 k\u1ebft n\u1ed1i c\u00f3 kh\u1edbp n\u1ed1i c\u00f3 th\u1ec3 xoay quanh tr\u1ee5c \u0111\u1ec3 g\u1eafn d\u00e2y k\u00e9o, thi\u1ebft b\u1ecb \u0111\u01b0\u1ee3c trang b\u1ecb hai t\u00fai l\u01b0\u1edbi d\u00e0i 2.5 m.<\/span><\/p>\n<p><span style=\"font-weight: 400;\">L\u01b0\u1edbi b\u1eaft m\u1eabu h\u1ea3i d\u01b0\u01a1ng theo ph\u01b0\u01a1ng ngang khi ho\u1ea1t \u0111\u1ed9ng \u0111\u01b0\u1ee3c k\u1ebft n\u1ed1i v\u1edbi 1<\/span> <span style=\"font-weight: 400;\">v\u1eadt gi\u1eb1ng v\u00e2y ch\u1eef V<\/span><span style=\"font-weight: 400;\"> n\u1eb7ng 22 kg \u0111\u1ec3 t\u1ea1o l\u1ef1c n\u00e2ng \u00e2m cho thi\u1ebft b\u1ecb. \u0110\u1ec3 d\u1ed3n m\u1eabu v\u00e0o trong, thi\u1ebft b\u1ecb \u0111\u01b0\u1ee3c g\u1eafn hai g\u1ea7u plastic d\u1ea1ng c\u1eeda h\u00f4ng g\u1eafn s\u00e0ng m\u1ecbn. Thi\u1ebft b\u1ecb c\u00f3 th\u1ec3 d\u00f9ng k\u1ebft h\u1ee3p v\u1edbi<\/span><span style=\"font-weight: 400;\"> thi\u1ebft b\u1ecb \u0111o l\u01b0u l\u01b0\u1ee3ng<\/span><span style=\"font-weight: 400;\"> \u0111\u1ec3 \u0111o.<\/span><\/p>\n","protected":false},"featured_media":1949,"comment_status":"open","ping_status":"closed","template":"","meta":[],"product_cat":[15],"product_tag":[600,607],"acf":[],"lang":"vi","translations":{"vi":1945,"en":1951},"pll_sync_post":[],"_links":{"self":[{"href":"https:\/\/demo9.thuythu.vn\/reeco\/wp-json\/wp\/v2\/product\/1945"}],"collection":[{"href":"https:\/\/demo9.thuythu.vn\/reeco\/wp-json\/wp\/v2\/product"}],"about":[{"href":"https:\/\/demo9.thuythu.vn\/reeco\/wp-json\/wp\/v2\/types\/product"}],"replies":[{"embeddable":true,"href":"https:\/\/demo9.thuythu.vn\/reeco\/wp-json\/wp\/v2\/comments?post=1945"}],"wp:featuredmedia":[{"embeddable":true,"href":"https:\/\/demo9.thuythu.vn\/reeco\/wp-json\/wp\/v2\/media\/1949"}],"wp:attachment":[{"href":"https:\/\/demo9.thuythu.vn\/reeco\/wp-json\/wp\/v2\/media?parent=1945"}],"wp:term":[{"taxonomy":"product_cat","embeddable":true,"href":"https:\/\/demo9.thuythu.vn\/reeco\/wp-json\/wp\/v2\/product_cat?post=1945"},{"taxonomy":"product_tag","embeddable":true,"href":"https:\/\/demo9.thuythu.vn\/reeco\/wp-json\/wp\/v2\/product_tag?post=1945"}],"curies":[{"name":"wp","href":"https:\/\/api.w.org\/{rel}","templated":true}]}}