{"id":1920,"date":"2024-01-10T02:42:24","date_gmt":"2024-01-10T02:42:24","guid":{"rendered":"https:\/\/demo9.thuythu.vn\/reeco\/?post_type=product&#038;p=1920"},"modified":"2024-01-10T02:45:01","modified_gmt":"2024-01-10T02:45:01","slug":"luoi-bat-mau-chuan-an-do-duong","status":"publish","type":"product","link":"https:\/\/demo9.thuythu.vn\/reeco\/san-pham\/luoi-bat-mau-chuan-an-do-duong\/","title":{"rendered":"L\u01b0\u1edbi b\u1eaft m\u1eabu chu\u1ea9n \u1ea4n \u0110\u1ed9 D\u01b0\u01a1ng"},"content":{"rendered":"","protected":false},"excerpt":{"rendered":"<p><span style=\"font-weight: 400;\">L\u01b0\u1edbi b\u1eaft m\u1eabu h\u1ea3i d\u01b0\u01a1ng chu\u1ea9n \u1ea4n \u0110\u1ed9 D\u01b0\u01a1ng l\u00e0 l\u01b0\u1edbi b\u1eaft m\u1eabu kh\u00f4ng c\u00f3 ch\u1ee9c n\u0103ng \u0111\u00f3ng ho\u1eb7c m\u1edf trong qu\u00e1 tr\u00ecnh v\u1eadn h\u00e0nh, thu m\u1eabu \u0111\u1ecbnh l\u01b0\u1ee3ng khi l\u1ecdc qua m\u1ed9t th\u1ec3 t\u00edch l\u1edbn n\u01b0\u1edbc theo ph\u01b0\u01a1ng th\u1eb3ng \u0111\u1ee9ng.<\/span><span style=\"font-weight: 400;\"><br \/>\n<\/span><span style=\"font-weight: 400;\">C\u1ea5u t\u1ea1o ch\u00ednh g\u1ed3m v\u00f2ng th\u00e9p kh\u00f4ng g\u1ec9 chuy\u00ean d\u1ee5ng, \u0111\u01b0\u1eddng k\u00ednh 113 cm g\u1eafn v\u1edbi t\u00fai l\u01b0\u1edbi d\u00e0i 4.7 m. \u0110\u00e1y t\u00fai g\u1eafn v\u1edbi khung g\u1ea7u (bucket) n\u1eb7ng \u0111\u1ec3 h\u1ea1 thi\u1ebft b\u1ecb xu\u1ed1ng nhanh v\u00e0 d\u1ec5 d\u00e0ng.<\/span><span style=\"font-weight: 400;\"><br \/>\n<\/span><span style=\"font-weight: 400;\">\u0110\u1ec3 d\u1ec5 d\u00e0ng d\u1ed3n m\u1eabu v\u00e0o trong, thi\u1ebft b\u1ecb \u0111\u01b0\u1ee3c g\u1eafn m\u1ed9t g\u1ea7u plastic d\u1ea1ng c\u1eeda h\u00f4ng g\u1eafn s\u00e0ng m\u1ecbn.<\/span><span style=\"font-weight: 400;\"><br \/>\n<\/span><span style=\"font-weight: 400;\">L\u01b0\u1edbi b\u1eaft m\u1eabu h\u1ea3i d\u01b0\u01a1ng c\u00f3 th\u1ec3 d\u00f9ng k\u1ebft h\u1ee3p v\u1edbi<\/span> <span style=\"font-weight: 400;\">thi\u1ebft b\u1ecb \u0111o l\u01b0u l\u01b0\u1ee3ng<\/span><span style=\"font-weight: 400;\"> c\u00f3 c\u1eef ch\u1eb7n l\u00f9i (back-run stop) \u0111\u1ec3 \u0111o th\u1ec3 t\u00edch n\u01b0\u1edbc l\u1ecdc qua trong qu\u00e1 tr\u00ecnh b\u1eaft m\u1eabu.<\/span><\/p>\n","protected":false},"featured_media":1929,"comment_status":"open","ping_status":"closed","template":"","meta":[],"product_cat":[15],"product_tag":[602,600,604],"acf":[],"lang":"vi","translations":{"vi":1920,"en":1931},"pll_sync_post":[],"_links":{"self":[{"href":"https:\/\/demo9.thuythu.vn\/reeco\/wp-json\/wp\/v2\/product\/1920"}],"collection":[{"href":"https:\/\/demo9.thuythu.vn\/reeco\/wp-json\/wp\/v2\/product"}],"about":[{"href":"https:\/\/demo9.thuythu.vn\/reeco\/wp-json\/wp\/v2\/types\/product"}],"replies":[{"embeddable":true,"href":"https:\/\/demo9.thuythu.vn\/reeco\/wp-json\/wp\/v2\/comments?post=1920"}],"wp:featuredmedia":[{"embeddable":true,"href":"https:\/\/demo9.thuythu.vn\/reeco\/wp-json\/wp\/v2\/media\/1929"}],"wp:attachment":[{"href":"https:\/\/demo9.thuythu.vn\/reeco\/wp-json\/wp\/v2\/media?parent=1920"}],"wp:term":[{"taxonomy":"product_cat","embeddable":true,"href":"https:\/\/demo9.thuythu.vn\/reeco\/wp-json\/wp\/v2\/product_cat?post=1920"},{"taxonomy":"product_tag","embeddable":true,"href":"https:\/\/demo9.thuythu.vn\/reeco\/wp-json\/wp\/v2\/product_tag?post=1920"}],"curies":[{"name":"wp","href":"https:\/\/api.w.org\/{rel}","templated":true}]}}