{"id":1908,"date":"2024-01-10T02:19:48","date_gmt":"2024-01-10T02:19:48","guid":{"rendered":"https:\/\/demo9.thuythu.vn\/reeco\/?post_type=product&#038;p=1908"},"modified":"2024-01-10T02:36:28","modified_gmt":"2024-01-10T02:36:28","slug":"khay-dem-dong-vat-phu-du","status":"publish","type":"product","link":"https:\/\/demo9.thuythu.vn\/reeco\/san-pham\/khay-dem-dong-vat-phu-du\/","title":{"rendered":"Khay \u0111\u1ebfm \u0111\u1ed9ng v\u1eadt ph\u00f9 du"},"content":{"rendered":"","protected":false},"excerpt":{"rendered":"<p><span style=\"font-weight: 400;\">Khay \u0111\u1ebfm \u0111\u1ed9ng v\u1eadt ph\u00f9 du \u0111\u01b0\u1ee3c ch\u1ebf t\u1ea1o theo thi\u1ebft k\u1ebf c\u1ee7a Bogorov, d\u1ec5 d\u00e0ng \u0111\u1ebfm s\u1ed1 l\u01b0\u1ee3ng l\u1edbn c\u00e1c \u0111\u1ed9ng v\u1eadt ph\u00f9 du.\u00a0 Khay c\u1ea5u t\u1ea1o t\u1eeb th\u1ee7y tinh plexi nguy\u00ean kh\u1ed1i, x\u1ebb c\u00e1c \u0111\u01b0\u1eddng r\u00e3nh ch\u00ednh x\u00e1c. \u0110\u00e1y \u0111\u01b0\u1eddng r\u00e3nh \u0111\u01b0\u1ee3c \u0111\u00e1nh b\u00f3ng \u0111\u1ec3 c\u00f3 \u0111\u1ed9 trong su\u1ed1t t\u1ed1t nh\u1ea5t. K\u00edch th\u01b0\u1edbc khay \u0111\u1ebfm nh\u1ecf n\u00ean d\u1ec5 d\u00e0ng s\u1eed d\u1ee5ng v\u1edbi c\u00e1c lo\u1ea1i k\u00ednh hi\u1ec3n vi soi n\u1ed5i.<\/span><\/p>\n<p><span style=\"font-weight: 400;\">Khay \u0111\u1ebfm \u0111\u1ed9ng v\u1eadt ph\u00f9 du ti\u00eau chu\u1ea9n c\u00f3 c\u00e1c \u0111\u01b0\u1eddng r\u00e3nh d\u1ea1ng u\u1ed1n kh\u00fac.\u00a0 Model \u201cBallast Water\u201d, \u0111\u01b0\u1ee3c c\u1ea3i bi\u1ebfn b\u1edfi Gollasch, c\u00f3 c\u00e1c \u0111\u01b0\u1eddng r\u00e3nh ch\u1ec9 g\u1ed3m c\u00e1c \u0111\u01b0\u1eddng th\u1eb3ng, ki\u1ec3u m\u1eabu \u0111\u01b0\u1eddng \u0111\u00f4i (bisect line) v\u00e0 ki\u1ec3u m\u1ea1ng l\u01b0\u1edbi. C\u00e1c model n\u00e0y t\u1ea1o nhi\u1ec1u thu\u1eadn l\u1ee3i khi s\u1eed d\u1ee5ng tr\u00ean c\u00e1c ph\u01b0\u01a1ng ti\u1ec7n di chuy\u1ec3n ho\u1eb7c trong \u0111i\u1ec1u ki\u1ec7n b\u1eadp b\u1ec1nh tr\u00ean bi\u1ec3n.<\/span><\/p>\n","protected":false},"featured_media":1909,"comment_status":"open","ping_status":"closed","template":"","meta":[],"product_cat":[15],"product_tag":[],"acf":[],"lang":"vi","translations":{"vi":1908,"en":1912},"pll_sync_post":[],"_links":{"self":[{"href":"https:\/\/demo9.thuythu.vn\/reeco\/wp-json\/wp\/v2\/product\/1908"}],"collection":[{"href":"https:\/\/demo9.thuythu.vn\/reeco\/wp-json\/wp\/v2\/product"}],"about":[{"href":"https:\/\/demo9.thuythu.vn\/reeco\/wp-json\/wp\/v2\/types\/product"}],"replies":[{"embeddable":true,"href":"https:\/\/demo9.thuythu.vn\/reeco\/wp-json\/wp\/v2\/comments?post=1908"}],"wp:featuredmedia":[{"embeddable":true,"href":"https:\/\/demo9.thuythu.vn\/reeco\/wp-json\/wp\/v2\/media\/1909"}],"wp:attachment":[{"href":"https:\/\/demo9.thuythu.vn\/reeco\/wp-json\/wp\/v2\/media?parent=1908"}],"wp:term":[{"taxonomy":"product_cat","embeddable":true,"href":"https:\/\/demo9.thuythu.vn\/reeco\/wp-json\/wp\/v2\/product_cat?post=1908"},{"taxonomy":"product_tag","embeddable":true,"href":"https:\/\/demo9.thuythu.vn\/reeco\/wp-json\/wp\/v2\/product_tag?post=1908"}],"curies":[{"name":"wp","href":"https:\/\/api.w.org\/{rel}","templated":true}]}}