{"id":1889,"date":"2024-01-10T01:56:27","date_gmt":"2024-01-10T01:56:27","guid":{"rendered":"https:\/\/demo9.thuythu.vn\/reeco\/?post_type=product&#038;p=1889"},"modified":"2024-01-11T06:32:09","modified_gmt":"2024-01-11T06:32:09","slug":"gau-lay-mau-day-theo-chuan-van-veen","status":"publish","type":"product","link":"https:\/\/demo9.thuythu.vn\/reeco\/san-pham\/gau-lay-mau-day-theo-chuan-van-veen\/","title":{"rendered":"G\u00e0u l\u1ea5y m\u1eabu \u0111\u00e1y theo chu\u1ea9n Van Veen"},"content":{"rendered":"","protected":false},"excerpt":{"rendered":"<p><span style=\"font-weight: 400;\">G\u00e0u l\u1ea5y m\u1eabu \u0111\u00e1y theo chu\u1ea9n Van Veen l\u00e0 thi\u1ebft b\u1ecb l\u1ea5y m\u1eabu \u0111\u1ecbnh l\u01b0\u1ee3ng tr\u00ean n\u1ec1n \u0111\u00e1y m\u1ec1m \u0111\u1ebfn trung b\u00ecnh c\u1ee9ng \u1edf \u0111\u1ed9 s\u00e2u b\u1ea5t k\u1ef3 v\u00e0 h\u1ea7u nh\u01b0 kh\u00f4ng l\u00e0m x\u00e1o tr\u1ed9n m\u1eabu thu \u0111\u01b0\u1ee3c. Thi\u1ebft b\u1ecb bao g\u1ed3m hai ng\u00e0m h\u00ecnh v\u1ecf s\u00f2 g\u1eafn v\u1edbi nhau b\u1eb1ng kh\u1edbp n\u1ed1i b\u1ea3n l\u1ec1.<\/span><\/p>\n<p><span style=\"font-weight: 400;\">Trong su\u1ed1t qu\u00e1 tr\u00ecnh th\u1ea3 thi\u1ebft b\u1ecb xu\u1ed1ng c\u1ea3 2 ng\u00e0m \u0111\u01b0\u1ee3c c\u1ed1 \u0111\u1ecbnh, m\u1edf r\u1ed9ng sang hai b\u00ean. Khi thi\u1ebft b\u1ecb ch\u1ea1m v\u00e0o l\u1edbp m\u1eabu \u0111\u00e1y, c\u01a1 ch\u1ebf \u0111\u00f3ng \u0111\u01b0\u1ee3c k\u00edch ho\u1ea1t \u0111\u1ec3 l\u1ea5y m\u1eabu. Thi\u1ebft b\u1ecb \u1edf tr\u1ea1ng th\u00e1i \u0111\u00f3ng k\u00edn trong qu\u00e1 tr\u00ecnh k\u00e9o l\u00ean \u0111\u1ec3 tr\u00e1nh m\u1eabu b\u1ecb n\u01b0\u1edbc r\u1eeda tr\u00f4i.<\/span><\/p>\n","protected":false},"featured_media":1893,"comment_status":"open","ping_status":"closed","template":"","meta":[],"product_cat":[15],"product_tag":[],"acf":[],"lang":"vi","translations":{"vi":1889,"en":1896},"pll_sync_post":[],"_links":{"self":[{"href":"https:\/\/demo9.thuythu.vn\/reeco\/wp-json\/wp\/v2\/product\/1889"}],"collection":[{"href":"https:\/\/demo9.thuythu.vn\/reeco\/wp-json\/wp\/v2\/product"}],"about":[{"href":"https:\/\/demo9.thuythu.vn\/reeco\/wp-json\/wp\/v2\/types\/product"}],"replies":[{"embeddable":true,"href":"https:\/\/demo9.thuythu.vn\/reeco\/wp-json\/wp\/v2\/comments?post=1889"}],"wp:featuredmedia":[{"embeddable":true,"href":"https:\/\/demo9.thuythu.vn\/reeco\/wp-json\/wp\/v2\/media\/1893"}],"wp:attachment":[{"href":"https:\/\/demo9.thuythu.vn\/reeco\/wp-json\/wp\/v2\/media?parent=1889"}],"wp:term":[{"taxonomy":"product_cat","embeddable":true,"href":"https:\/\/demo9.thuythu.vn\/reeco\/wp-json\/wp\/v2\/product_cat?post=1889"},{"taxonomy":"product_tag","embeddable":true,"href":"https:\/\/demo9.thuythu.vn\/reeco\/wp-json\/wp\/v2\/product_tag?post=1889"}],"curies":[{"name":"wp","href":"https:\/\/api.w.org\/{rel}","templated":true}]}}