{"id":1849,"date":"2024-01-09T08:18:04","date_gmt":"2024-01-09T08:18:04","guid":{"rendered":"https:\/\/demo9.thuythu.vn\/reeco\/?post_type=product&#038;p=1849"},"modified":"2024-01-09T09:58:52","modified_gmt":"2024-01-09T09:58:52","slug":"dung-cu-do-goc-nghieng","status":"publish","type":"product","link":"https:\/\/demo9.thuythu.vn\/reeco\/san-pham\/dung-cu-do-goc-nghieng\/","title":{"rendered":"D\u1ee5ng c\u1ee5 \u0111o g\u00f3c nghi\u00eang"},"content":{"rendered":"","protected":false},"excerpt":{"rendered":"<p><span style=\"font-weight: 400;\">D\u1ee5ng c\u1ee5 \u0111o g\u00f3c nghi\u00eang l\u00e0 d\u1ee5ng c\u1ee5 c\u01a1 kh\u00ed ch\u1eafc ch\u1eafn \u0111\u1ec3 x\u00e1c \u0111\u1ecbnh \u0111\u1ed9 d\u00e0i c\u1ea7n thi\u1ebft c\u1ee7a d\u00e2y lai khi mu\u1ed1n \u0111\u01b0a thi\u1ebft b\u1ecb l\u1ea5y m\u1eabu xu\u1ed1ng m\u1ed9t \u0111\u1ed9 s\u00e2u mong mu\u1ed1n nh\u1ea5t \u0111\u1ecbnh.<\/span><span style=\"font-weight: 400;\"><br \/>\n<\/span><span style=\"font-weight: 400;\">G\u00f3c nghi\u00eang c\u1ee7a d\u00e2y lai \u0111\u01b0\u1ee3c x\u00e1c \u0111\u1ecbnh b\u1eb1ng th\u01b0\u1edbc chia \u0111\u1ed9 tr\u00ean d\u1ee5ng c\u1ee5.<\/span><span style=\"font-weight: 400;\"><br \/>\n<\/span><strong>\u0110\u1ed9 s\u00e2u hi\u1ec7n t\u1ea1i (X) c\u1ee7a thi\u1ebft b\u1ecb \u0111\u01b0\u1ee3c t\u00ednh b\u1eb1ng c\u00f4ng th\u1ee9c:<br \/>\n<\/strong><span style=\"font-weight: 400;\">X = \u0111\u1ed9 d\u00e0i d\u00e2y lai (m) x cos a<\/span><span style=\"font-weight: 400;\"><br \/>\n<\/span><span style=\"font-weight: 400;\">(a l\u00e0 g\u00f3c nghi\u00ean x\u00e1c \u0111\u1ecbnh b\u1eb1ng d\u1ee5ng c\u1ee5)<\/span><\/p>\n","protected":false},"featured_media":1850,"comment_status":"open","ping_status":"closed","template":"","meta":[],"product_cat":[15],"product_tag":[],"acf":[],"lang":"vi","translations":{"vi":1849,"en":1853},"pll_sync_post":[],"_links":{"self":[{"href":"https:\/\/demo9.thuythu.vn\/reeco\/wp-json\/wp\/v2\/product\/1849"}],"collection":[{"href":"https:\/\/demo9.thuythu.vn\/reeco\/wp-json\/wp\/v2\/product"}],"about":[{"href":"https:\/\/demo9.thuythu.vn\/reeco\/wp-json\/wp\/v2\/types\/product"}],"replies":[{"embeddable":true,"href":"https:\/\/demo9.thuythu.vn\/reeco\/wp-json\/wp\/v2\/comments?post=1849"}],"wp:featuredmedia":[{"embeddable":true,"href":"https:\/\/demo9.thuythu.vn\/reeco\/wp-json\/wp\/v2\/media\/1850"}],"wp:attachment":[{"href":"https:\/\/demo9.thuythu.vn\/reeco\/wp-json\/wp\/v2\/media?parent=1849"}],"wp:term":[{"taxonomy":"product_cat","embeddable":true,"href":"https:\/\/demo9.thuythu.vn\/reeco\/wp-json\/wp\/v2\/product_cat?post=1849"},{"taxonomy":"product_tag","embeddable":true,"href":"https:\/\/demo9.thuythu.vn\/reeco\/wp-json\/wp\/v2\/product_tag?post=1849"}],"curies":[{"name":"wp","href":"https:\/\/api.w.org\/{rel}","templated":true}]}}