{"id":1841,"date":"2024-01-09T08:07:42","date_gmt":"2024-01-09T08:07:42","guid":{"rendered":"https:\/\/demo9.thuythu.vn\/reeco\/?post_type=product&#038;p=1841"},"modified":"2024-01-09T09:59:30","modified_gmt":"2024-01-09T09:59:30","slug":"dia-secchi-do-do-trong-cua-nuoc","status":"publish","type":"product","link":"https:\/\/demo9.thuythu.vn\/reeco\/san-pham\/dia-secchi-do-do-trong-cua-nuoc\/","title":{"rendered":"\u0110\u0129a Secchi \u0111o \u0111\u1ed9 trong c\u1ee7a n\u01b0\u1edbc"},"content":{"rendered":"","protected":false},"excerpt":{"rendered":"<p><span style=\"font-weight: 400;\">\u0110\u0129a Secchi l\u00e0 m\u1ed9t \u0111\u0129a h\u1ee3p kim \u0111\u1ed3ng s\u01a1n tr\u1eafng c\u00f3 \u0111\u01b0\u1eddng k\u00ednh 200 mm v\u00e0 n\u1eb7ng 1.7 kg. \u0110\u00e2y l\u00e0 m\u1ed9t thi\u1ebft b\u1ecb d\u1ec5 s\u1eed d\u1ee5ng, \u0111\u01b0\u1ee3c chu\u1ea9n h\u00f3a \u0111\u1ec3 x\u00e1c \u0111\u1ecbnh \u0111\u1ed9 trong c\u1ee7a n\u01b0\u1edbc s\u00f4ng, h\u1ed3 v\u00e0 \u0111\u1ea1i d\u01b0\u01a1ng.<\/span><\/p>\n<p><span style=\"font-weight: 400;\">\u0110\u0129a \u0111o \u0111\u1ed9 trong chu\u1ea9n l\u00e0 \u0111\u01b0\u1ee3c trang b\u1ecb v\u1edbi m\u1ed9t d\u00e2y d\u00e0i 3 m. \u1ede 2 m \u0111\u1ea7u ti\u00ean c\u1ee7a s\u1ee3i d\u00e2y \u1edf ph\u00eda tr\u00ean \u0111\u0129a c\u00f3 10 \u0111i\u1ec3m \u0111\u00e1nh d\u1ea5u c\u00e1ch nhau 20 cm \u0111\u1ec3 \u0111o l\u01b0\u1eddng. \u0110\u1ec3 c\u00f3 \u0111\u1ed9 ch\u00ednh x\u00e1c cao h\u01a1n, ch\u00fang t\u00f4i c\u0169ng cung c\u1ea5p model d\u00f9ng v\u1edbi th\u01b0\u1edbc d\u00e2y chuy\u00ean d\u1ee5ng 10 m.<\/span><\/p>\n<p><strong>C\u01a1 ch\u1ebf ho\u1ea1t \u0111\u1ed9ng<\/strong><\/p>\n<p><span style=\"font-weight: 400;\">\u0110\u0129a Secchi \u0111\u01b0\u1ee3c h\u1ea1 t\u1eeb t\u1eeb xu\u1ed1ng n\u01b0\u1edbc v\u00e0 \u0111\u1ecdc gi\u00e1 tr\u1ecb \u0111\u1ed9 s\u00e2u l\u1ea7n 1 ngay t\u1ea1i th\u1eddi \u0111i\u1ec3m kh\u00f4ng c\u00f2n nh\u00ecn th\u1ea5y \u0111\u0129a. \u0110\u0129a sau \u0111\u00f3 \u0111\u01b0\u1ee3c h\u1ea1 xu\u1ed1ng s\u00e2u th\u00eam 0.5 m n\u1eefa, sau \u0111\u00f3 nh\u1ea5c l\u00ean t\u1eeb t\u1eeb v\u00e0 \u0111\u1ed9c gi\u00e1 tr\u1ecb \u0111\u1ed9 s\u00e2u l\u1ea7n 2 ngay th\u1eddi \u0111i\u1ec3m nh\u00ecn th\u1ea5y \u0111\u0129a. Trung b\u00ecnh c\u1ed9ng gi\u00e1 tr\u1ecb \u0111\u1ed9 s\u00e2u c\u1ee7a 2 l\u1ea7n \u0111\u1ecdc l\u00e0 t\u1ea7m nh\u00ecn tr\u1ecdng n\u01b0\u1edbc hay \u0111\u1ed9 trong c\u1ee7a n\u01b0\u1edbc.<\/span><\/p>\n","protected":false},"featured_media":1842,"comment_status":"open","ping_status":"closed","template":"","meta":[],"product_cat":[15],"product_tag":[585,587],"acf":[],"lang":"vi","translations":{"vi":1841,"en":1848},"pll_sync_post":[],"_links":{"self":[{"href":"https:\/\/demo9.thuythu.vn\/reeco\/wp-json\/wp\/v2\/product\/1841"}],"collection":[{"href":"https:\/\/demo9.thuythu.vn\/reeco\/wp-json\/wp\/v2\/product"}],"about":[{"href":"https:\/\/demo9.thuythu.vn\/reeco\/wp-json\/wp\/v2\/types\/product"}],"replies":[{"embeddable":true,"href":"https:\/\/demo9.thuythu.vn\/reeco\/wp-json\/wp\/v2\/comments?post=1841"}],"wp:featuredmedia":[{"embeddable":true,"href":"https:\/\/demo9.thuythu.vn\/reeco\/wp-json\/wp\/v2\/media\/1842"}],"wp:attachment":[{"href":"https:\/\/demo9.thuythu.vn\/reeco\/wp-json\/wp\/v2\/media?parent=1841"}],"wp:term":[{"taxonomy":"product_cat","embeddable":true,"href":"https:\/\/demo9.thuythu.vn\/reeco\/wp-json\/wp\/v2\/product_cat?post=1841"},{"taxonomy":"product_tag","embeddable":true,"href":"https:\/\/demo9.thuythu.vn\/reeco\/wp-json\/wp\/v2\/product_tag?post=1841"}],"curies":[{"name":"wp","href":"https:\/\/api.w.org\/{rel}","templated":true}]}}