{"id":1836,"date":"2024-01-09T07:57:19","date_gmt":"2024-01-09T07:57:19","guid":{"rendered":"https:\/\/demo9.thuythu.vn\/reeco\/?post_type=product&#038;p=1836"},"modified":"2024-01-12T03:59:34","modified_gmt":"2024-01-12T03:59:34","slug":"bo-sang-sinh-vat-day","status":"publish","type":"product","link":"https:\/\/demo9.thuythu.vn\/reeco\/san-pham\/bo-sang-sinh-vat-day\/","title":{"rendered":"B\u1ed9 s\u00e0ng sinh v\u1eadt \u0111\u00e1y"},"content":{"rendered":"","protected":false},"excerpt":{"rendered":"<p><span style=\"font-weight: 400;\">B\u1ed9 s\u00e0ng sinh v\u1eadt \u0111\u00e1y d\u00f9ng \u0111\u1ec3 ph\u00e2n lo\u1ea1i k\u00edch th\u01b0\u1edbc c\u1ee7a macrozoobenthos, \u0111\u01b0\u1ee3c s\u1eed d\u1ee5ng \u0111\u1ec3 t\u00e1ch c\u00e1c m\u1eabu \u0111\u00e1y th\u00e0nh 4 m\u1eabu nh\u1ecf h\u01a1n. Thi\u1ebft b\u1ecb \u0111\u01b0\u1ee3c trang b\u1ecb b\u1ed9 s\u00e0ng c\u00f3 k\u00edch c\u1ee1 m\u1eaft l\u01b0\u1edbi kh\u00e1c nhau: 2000\/1000\/780\/500 microns.<\/span><span style=\"font-weight: 400;\"><br \/>\n<\/span><span style=\"font-weight: 400;\">M\u1ed9t ch\u00e9n k\u00edn \u0111\u1eb7t d\u01b0\u1edbi c\u00f9ng b\u1ed9 s\u00e0ng \u0111\u1ec3 thu m\u1eabu x\u1ea3. \u0110\u01b0\u1eddng k\u00ednh mi\u1ec7ng c\u1ee7a c\u00e1c ch\u00e9n s\u00e0ng kho\u1ea3ng 38 cm.<\/span><\/p>\n","protected":false},"featured_media":1838,"comment_status":"open","ping_status":"closed","template":"","meta":[],"product_cat":[15],"product_tag":[],"acf":[],"lang":"vi","translations":{"vi":1836,"en":2418},"pll_sync_post":[],"_links":{"self":[{"href":"https:\/\/demo9.thuythu.vn\/reeco\/wp-json\/wp\/v2\/product\/1836"}],"collection":[{"href":"https:\/\/demo9.thuythu.vn\/reeco\/wp-json\/wp\/v2\/product"}],"about":[{"href":"https:\/\/demo9.thuythu.vn\/reeco\/wp-json\/wp\/v2\/types\/product"}],"replies":[{"embeddable":true,"href":"https:\/\/demo9.thuythu.vn\/reeco\/wp-json\/wp\/v2\/comments?post=1836"}],"wp:featuredmedia":[{"embeddable":true,"href":"https:\/\/demo9.thuythu.vn\/reeco\/wp-json\/wp\/v2\/media\/1838"}],"wp:attachment":[{"href":"https:\/\/demo9.thuythu.vn\/reeco\/wp-json\/wp\/v2\/media?parent=1836"}],"wp:term":[{"taxonomy":"product_cat","embeddable":true,"href":"https:\/\/demo9.thuythu.vn\/reeco\/wp-json\/wp\/v2\/product_cat?post=1836"},{"taxonomy":"product_tag","embeddable":true,"href":"https:\/\/demo9.thuythu.vn\/reeco\/wp-json\/wp\/v2\/product_tag?post=1836"}],"curies":[{"name":"wp","href":"https:\/\/api.w.org\/{rel}","templated":true}]}}