{"id":1813,"date":"2024-01-09T07:23:38","date_gmt":"2024-01-09T07:23:38","guid":{"rendered":"https:\/\/demo9.thuythu.vn\/reeco\/?post_type=product&#038;p=1813"},"modified":"2024-01-09T10:00:20","modified_gmt":"2024-01-09T10:00:20","slug":"bo-dung-cu-khay-va-ong-lang-ket-hop","status":"publish","type":"product","link":"https:\/\/demo9.thuythu.vn\/reeco\/san-pham\/bo-dung-cu-khay-va-ong-lang-ket-hop\/","title":{"rendered":"B\u1ed9 d\u1ee5ng c\u1ee5 khay v\u00e0 \u1ed1ng l\u1eafng k\u1ebft h\u1ee3p"},"content":{"rendered":"","protected":false},"excerpt":{"rendered":"<p><span style=\"font-weight: 400;\">B\u1ed9 d\u1ee5ng c\u1ee5 khay v\u00e0 \u1ed1ng l\u1eafng k\u1ebft h\u1ee3p cho ph\u00e9p ng\u01b0\u1eddi d\u00f9ng xem x\u00e9t m\u1eabu l\u1eafng \u1edf kho\u1ea3ng c\u00e1ch r\u1ea5t g\u1ea7n. Ng\u01b0\u1eddi d\u00f9ng cho m\u1eabu c\u00f3 h\u00e0m l\u01b0\u1ee3ng phi\u00eau sinh th\u1ef1c v\u1eadt nh\u1ea5t \u0111\u1ecbnh v\u00e0o \u1ed1ng l\u1eafng \u0111\u1eb7t tr\u00ean khay th\u1ee7y tinh plexi h\u00ecnh ch\u1eef nh\u1eadt c\u00f3 lam k\u00ednh m\u1ecfng, sau khi \u0111\u1ec3 l\u1eafng, ch\u1ec9 c\u1ea7n \u0111\u1ea9y \u1ed1ng l\u1eafng sang m\u1ed9t b\u00ean.<\/span><\/p>\n<p><span style=\"font-weight: 400;\">Ph\u1ea7n n\u01b0\u1edbc trong \u1ed1ng l\u1eafng s\u1ebd ch\u1ea3y xu\u1ed1ng \u0111\u0129a thu h\u1ed3i b\u00ean d\u01b0\u1edbi. Ph\u1ea7n l\u1eafng c\u00f2n l\u1ea1i tr\u00ean khay s\u1ebd \u0111\u01b0\u1ee3c mang \u0111i kh\u1ea3o s\u00e1t b\u1eb1ng<\/span><a href=\"https:\/\/vi.wikiqube.net\/wiki\/Inverted_microscope\"> <span style=\"font-weight: 400;\">k\u00ednh hi\u1ec3n vi \u0111\u1ea3o ng\u01b0\u1ee3c<\/span><\/a><span style=\"font-weight: 400;\"> (inverted microscope). \u1ed0ng l\u1eafng c\u00f3 03 k\u00edch c\u1ee1 chu\u1ea9n h\u00f3a kh\u00e1c nhau \u0111\u01b0\u1ee3c cung c\u1ea5p k\u00e8m theo g\u00f3i d\u1ee5ng c\u1ee5 cho ph\u00e9p th\u1ef1c hi\u1ec7n th\u00ed nghi\u1ec7m v\u1edbi c\u00e1c th\u1ec3 t\u00edch m\u1eabu kh\u00e1c nhau.<\/span><\/p>\n","protected":false},"featured_media":1820,"comment_status":"open","ping_status":"closed","template":"","meta":[],"product_cat":[15],"product_tag":[578,576,580],"acf":[],"lang":"vi","translations":{"vi":1813,"en":1823},"pll_sync_post":[],"_links":{"self":[{"href":"https:\/\/demo9.thuythu.vn\/reeco\/wp-json\/wp\/v2\/product\/1813"}],"collection":[{"href":"https:\/\/demo9.thuythu.vn\/reeco\/wp-json\/wp\/v2\/product"}],"about":[{"href":"https:\/\/demo9.thuythu.vn\/reeco\/wp-json\/wp\/v2\/types\/product"}],"replies":[{"embeddable":true,"href":"https:\/\/demo9.thuythu.vn\/reeco\/wp-json\/wp\/v2\/comments?post=1813"}],"wp:featuredmedia":[{"embeddable":true,"href":"https:\/\/demo9.thuythu.vn\/reeco\/wp-json\/wp\/v2\/media\/1820"}],"wp:attachment":[{"href":"https:\/\/demo9.thuythu.vn\/reeco\/wp-json\/wp\/v2\/media?parent=1813"}],"wp:term":[{"taxonomy":"product_cat","embeddable":true,"href":"https:\/\/demo9.thuythu.vn\/reeco\/wp-json\/wp\/v2\/product_cat?post=1813"},{"taxonomy":"product_tag","embeddable":true,"href":"https:\/\/demo9.thuythu.vn\/reeco\/wp-json\/wp\/v2\/product_tag?post=1813"}],"curies":[{"name":"wp","href":"https:\/\/api.w.org\/{rel}","templated":true}]}}