{"id":1806,"date":"2024-01-09T07:04:42","date_gmt":"2024-01-09T07:04:42","guid":{"rendered":"https:\/\/demo9.thuythu.vn\/reeco\/?post_type=product&#038;p=1806"},"modified":"2024-01-09T10:00:28","modified_gmt":"2024-01-09T10:00:28","slug":"bo-dau-do-ctd-ket-noi-may-do-luu-luong-dong","status":"publish","type":"product","link":"https:\/\/demo9.thuythu.vn\/reeco\/san-pham\/bo-dau-do-ctd-ket-noi-may-do-luu-luong-dong\/","title":{"rendered":"B\u1ed9 \u0111\u1ea7u d\u00f2 CTD k\u1ebft n\u1ed1i m\u00e1y \u0111o l\u01b0u l\u01b0\u1ee3ng d\u00f2ng"},"content":{"rendered":"","protected":false},"excerpt":{"rendered":"<p><span style=\"font-weight: 400;\">Model: 450 100; H\u00e3ng s\u1ea3n xu\u1ea5t: Hydrobios &#8211; \u0110\u1ee9c.<\/span><\/p>\n<ul>\n<li style=\"font-weight: 400;\" aria-level=\"1\"><span style=\"font-weight: 400;\">Ch\u1ebf \u0111\u1ed9 v\u1eadn h\u00e0nh online\/offline k\u1ebft h\u1ee3p<\/span><\/li>\n<li style=\"font-weight: 400;\" aria-level=\"1\"><span style=\"font-weight: 400;\">Th\u00f4ng tin truy\u1ec1n t\u1ea3i, \u0111i\u1ec1u khi\u1ec3n hai chi\u1ec1u<\/span><\/li>\n<li style=\"font-weight: 400;\" aria-level=\"1\"><span style=\"font-weight: 400;\">\u0110\u1ed9 s\u00e2u t\u1ed1i \u0111a ti\u00eau chu\u1ea9n:\u00a0 3000 m<\/span><\/li>\n<li style=\"font-weight: 400;\" aria-level=\"1\"><span style=\"font-weight: 400;\">B\u1ed9 thu ph\u00e1t t\u00edn hi\u1ec7u t\u1eeb xa (long-distance FSK-telemetry (&gt; 10000m)<\/span><\/li>\n<li style=\"font-weight: 400;\" aria-level=\"1\"><span style=\"font-weight: 400;\">Ti\u00eau hao n\u0103ng l\u01b0\u1ee3ng th\u1ea5p<\/span><\/li>\n<li style=\"font-weight: 400;\" aria-level=\"1\"><span style=\"font-weight: 400;\">Pin ho\u1ea1t \u0111\u1ed9ng b\u1ec1n b\u1ec9 d\u01b0\u1edbi n\u01b0\u1edbc<\/span><\/li>\n<li style=\"font-weight: 400;\" aria-level=\"1\"><span style=\"font-weight: 400;\">D\u1ea3i nhi\u1ec7t \u0111\u1ed9 ho\u1ea1t \u0111\u1ed9ng: -40\u00b0C \u0111\u1ebfn +85\u00b0C<\/span><\/li>\n<li style=\"font-weight: 400;\" aria-level=\"1\"><span style=\"font-weight: 400;\">Tu\u00e2n theo c\u00e1c ti\u00eau chu\u1ea9n ch\u1ea5t l\u01b0\u1ee3ng CE, EN 50081-1, EN 50082-1<\/span><\/li>\n<li style=\"font-weight: 400;\" aria-level=\"1\"><span style=\"font-weight: 400;\">Kh\u1ea3 n\u0103ng m\u1edf r\u1ed9ng, g\u1eafn th\u00eam c\u00e1c sensor<\/span><\/li>\n<\/ul>\n","protected":false},"featured_media":1810,"comment_status":"open","ping_status":"closed","template":"","meta":[],"product_cat":[15],"product_tag":[],"acf":[],"lang":"vi","translations":{"vi":1806,"en":1812},"pll_sync_post":[],"_links":{"self":[{"href":"https:\/\/demo9.thuythu.vn\/reeco\/wp-json\/wp\/v2\/product\/1806"}],"collection":[{"href":"https:\/\/demo9.thuythu.vn\/reeco\/wp-json\/wp\/v2\/product"}],"about":[{"href":"https:\/\/demo9.thuythu.vn\/reeco\/wp-json\/wp\/v2\/types\/product"}],"replies":[{"embeddable":true,"href":"https:\/\/demo9.thuythu.vn\/reeco\/wp-json\/wp\/v2\/comments?post=1806"}],"wp:featuredmedia":[{"embeddable":true,"href":"https:\/\/demo9.thuythu.vn\/reeco\/wp-json\/wp\/v2\/media\/1810"}],"wp:attachment":[{"href":"https:\/\/demo9.thuythu.vn\/reeco\/wp-json\/wp\/v2\/media?parent=1806"}],"wp:term":[{"taxonomy":"product_cat","embeddable":true,"href":"https:\/\/demo9.thuythu.vn\/reeco\/wp-json\/wp\/v2\/product_cat?post=1806"},{"taxonomy":"product_tag","embeddable":true,"href":"https:\/\/demo9.thuythu.vn\/reeco\/wp-json\/wp\/v2\/product_tag?post=1806"}],"curies":[{"name":"wp","href":"https:\/\/api.w.org\/{rel}","templated":true}]}}