{"id":1783,"date":"2024-01-09T04:43:58","date_gmt":"2024-01-09T04:43:58","guid":{"rendered":"https:\/\/demo9.thuythu.vn\/reeco\/?post_type=product&#038;p=1783"},"modified":"2024-01-13T02:27:32","modified_gmt":"2024-01-13T02:27:32","slug":"algaetorch","status":"publish","type":"product","link":"https:\/\/demo9.thuythu.vn\/reeco\/san-pham\/algaetorch\/","title":{"rendered":"AlgaeTorch"},"content":{"rendered":"","protected":false},"excerpt":{"rendered":"<p><span style=\"font-weight: 400;\">Model: BG0036.0000<\/span><\/p>\n<p><i><span style=\"font-weight: 400;\">Manufacturer: bbe Moldaenke GmbH<\/span><\/i><\/p>\n<p><i><span style=\"font-weight: 400;\">Made in Germany<\/span><\/i><\/p>\n<ul>\n<li style=\"font-weight: 400;\" aria-level=\"1\"><span style=\"font-weight: 400;\">Ph\u00e2n t\u00edch, theo d\u00f5i ch\u1ea5t l\u01b0\u1ee3ng n\u01b0\u1edbc s\u00f4ng, h\u1ed3, \u0111\u1eadp, m\u00f4i tr\u01b0\u1eddng nu\u00f4i tr\u1ed3ng th\u1ee7y s\u1ea3n<\/span><\/li>\n<li style=\"font-weight: 400;\" aria-level=\"1\"><span style=\"font-weight: 400;\">D\u00f9ng trong quan tr\u1eafc, ki\u1ec3m so\u00e1t hi\u1ec7n t\u01b0\u1ee3ng t\u1ea3o n\u1edf hoa, t\u1ea3o lam,\u2026<\/span><\/li>\n<li style=\"font-weight: 400;\" aria-level=\"1\"><span style=\"font-weight: 400;\">Cranh b\u00e1o kh\u1ea3 n\u0103ng c\u00f3 \u0111\u1ed9c c\u1ee7a n\u01b0\u1edbc ao h\u1ed3, s\u00f4ng, \u0111\u1eadp<\/span><\/li>\n<li style=\"font-weight: 400;\" aria-level=\"1\"><span style=\"font-weight: 400;\">D\u00f9ng trong qu\u1ea3n l\u00fd h\u1ed3 ch\u1ee9a v\u00e0 \u0111\u1eadp<\/span><\/li>\n<li style=\"font-weight: 400;\" aria-level=\"1\"><span style=\"font-weight: 400;\">Quan tr\u1eafc m\u00f4i tr\u01b0\u1eddng<\/span><\/li>\n<li style=\"font-weight: 400;\" aria-level=\"1\"><span style=\"font-weight: 400;\">Nghi\u00ean c\u1ee9u khoa h\u1ecdc v\u00e0 gi\u00e1o d\u1ee5c<\/span><\/li>\n<\/ul>\n","protected":false},"featured_media":1785,"comment_status":"open","ping_status":"closed","template":"","meta":[],"product_cat":[15],"product_tag":[],"acf":[],"lang":"vi","translations":{"vi":1783,"en":1788},"pll_sync_post":[],"_links":{"self":[{"href":"https:\/\/demo9.thuythu.vn\/reeco\/wp-json\/wp\/v2\/product\/1783"}],"collection":[{"href":"https:\/\/demo9.thuythu.vn\/reeco\/wp-json\/wp\/v2\/product"}],"about":[{"href":"https:\/\/demo9.thuythu.vn\/reeco\/wp-json\/wp\/v2\/types\/product"}],"replies":[{"embeddable":true,"href":"https:\/\/demo9.thuythu.vn\/reeco\/wp-json\/wp\/v2\/comments?post=1783"}],"wp:featuredmedia":[{"embeddable":true,"href":"https:\/\/demo9.thuythu.vn\/reeco\/wp-json\/wp\/v2\/media\/1785"}],"wp:attachment":[{"href":"https:\/\/demo9.thuythu.vn\/reeco\/wp-json\/wp\/v2\/media?parent=1783"}],"wp:term":[{"taxonomy":"product_cat","embeddable":true,"href":"https:\/\/demo9.thuythu.vn\/reeco\/wp-json\/wp\/v2\/product_cat?post=1783"},{"taxonomy":"product_tag","embeddable":true,"href":"https:\/\/demo9.thuythu.vn\/reeco\/wp-json\/wp\/v2\/product_tag?post=1783"}],"curies":[{"name":"wp","href":"https:\/\/api.w.org\/{rel}","templated":true}]}}