{"id":1778,"date":"2024-01-09T04:27:52","date_gmt":"2024-01-09T04:27:52","guid":{"rendered":"https:\/\/demo9.thuythu.vn\/reeco\/?post_type=product&#038;p=1778"},"modified":"2024-01-10T10:52:11","modified_gmt":"2024-01-10T10:52:11","slug":"cho-thue-thiet-bi-lay-mau-nuoc-da-tang-mws-slimline-6","status":"publish","type":"product","link":"https:\/\/demo9.thuythu.vn\/reeco\/san-pham\/cho-thue-thiet-bi-lay-mau-nuoc-da-tang-mws-slimline-6\/","title":{"rendered":"Thi\u1ebft b\u1ecb l\u1ea5y m\u1eabu n\u01b0\u1edbc \u0111a t\u1ea7ng MWS SlimLine 6"},"content":{"rendered":"","protected":false},"excerpt":{"rendered":"<p><span style=\"font-weight: 400;\">Model: 436 975; H\u00e3ng s\u1ea3n xu\u1ea5t: Hydrobios &#8211; \u0110\u1ee9c<\/span><\/p>\n<ul>\n<li style=\"font-weight: 400;\" aria-level=\"1\"><span style=\"font-weight: 400;\">Ch\u1ebf \u0111\u1ed9 v\u1eadn h\u00e0nh online\/offline k\u1ebft h\u1ee3p.<\/span><\/li>\n<li style=\"font-weight: 400;\" aria-level=\"1\"><span style=\"font-weight: 400;\">\u0110i\u1ec1u khi\u1ec3n, k\u1ebft n\u1ed1i 2 chi\u1ec1u<\/span><\/li>\n<li style=\"font-weight: 400;\" aria-level=\"1\"><span style=\"font-weight: 400;\">D\u1ea3i \u0111\u1ed9 s\u00e2u ho\u1ea1t \u0111\u1ed9ng ti\u00eau chu\u1ea9n 3000m (t\u00f9y ch\u1ecdn 6000m)<\/span><\/li>\n<li style=\"font-weight: 400;\" aria-level=\"1\"><span style=\"font-weight: 400;\">B\u1ed9 thu ph\u00e1t t\u00edn hi\u1ec7u t\u1eeb xa (long-distance FSK-telemetry (&gt; 10000m)<\/span><\/li>\n<li style=\"font-weight: 400;\" aria-level=\"1\"><span style=\"font-weight: 400;\">Ti\u00eau th\u1ee5 \u0111i\u1ec7n n\u0103ng th\u1ea5p<\/span><\/li>\n<li style=\"font-weight: 400;\" aria-level=\"1\"><span style=\"font-weight: 400;\">Pin ho\u1ea1t \u0111\u1ed9ng d\u01b0\u1edbi n\u01b0\u1edbc chuy\u00ean d\u1ee5ng. \u0110i\u1ec7n \u00e1p t\u1ed1i \u0111a 5V t\u1ea1i c\u00e1p d\u1eabn.<\/span><\/li>\n<li style=\"font-weight: 400;\" aria-level=\"1\"><span style=\"font-weight: 400;\">Nhi\u1ec7t \u0111\u1ed9 ho\u1ea1t \u0111\u1ed9ng: -40\u00b0C \u0111\u1ebfn +85\u00b0C.<\/span><\/li>\n<li style=\"font-weight: 400;\" aria-level=\"1\"><span style=\"font-weight: 400;\">Tu\u00e2n theo c\u00e1c ti\u00eau chu\u1ea9n ch\u1ea5t l\u01b0\u1ee3ng CE, EN 50081-1, EN 50082-1<\/span><\/li>\n<\/ul>\n<p><b>T\u00d9Y CH\u1eccN<\/b><\/p>\n<ul>\n<li style=\"font-weight: 400;\" aria-level=\"1\"><span style=\"font-weight: 400;\">Sensor \u0111o c\u00e1c th\u00f4ng s\u1ed1 kh\u00e1c nhau.<\/span><\/li>\n<li style=\"font-weight: 400;\" aria-level=\"1\"><span style=\"font-weight: 400;\">Phi\u00ean b\u1ea3n \u0111\u1eb7c bi\u1ec7t c\u00f3 \u0111\u1ed9 s\u00e2u ho\u1ea1t \u0111\u1ed9ng t\u1ed1i \u0111a 6000 m<\/span><\/li>\n<li style=\"font-weight: 400;\" aria-level=\"1\"><span style=\"font-weight: 400;\">C\u1ed5ng k\u1ebft n\u1ed1i RS-232, d\u00e0nh cho \u0111i\u1ec1u khi\u1ec3n ngo\u1ea1i vi b\u1eb1ng c\u00e1c \u0111\u1ea7u d\u00f2 CTD.<\/span><\/li>\n<\/ul>\n","protected":false},"featured_media":1753,"comment_status":"open","ping_status":"closed","template":"","meta":[],"product_cat":[15],"product_tag":[],"acf":[],"lang":"vi","translations":{"vi":1778,"en":2089},"pll_sync_post":[],"_links":{"self":[{"href":"https:\/\/demo9.thuythu.vn\/reeco\/wp-json\/wp\/v2\/product\/1778"}],"collection":[{"href":"https:\/\/demo9.thuythu.vn\/reeco\/wp-json\/wp\/v2\/product"}],"about":[{"href":"https:\/\/demo9.thuythu.vn\/reeco\/wp-json\/wp\/v2\/types\/product"}],"replies":[{"embeddable":true,"href":"https:\/\/demo9.thuythu.vn\/reeco\/wp-json\/wp\/v2\/comments?post=1778"}],"wp:featuredmedia":[{"embeddable":true,"href":"https:\/\/demo9.thuythu.vn\/reeco\/wp-json\/wp\/v2\/media\/1753"}],"wp:attachment":[{"href":"https:\/\/demo9.thuythu.vn\/reeco\/wp-json\/wp\/v2\/media?parent=1778"}],"wp:term":[{"taxonomy":"product_cat","embeddable":true,"href":"https:\/\/demo9.thuythu.vn\/reeco\/wp-json\/wp\/v2\/product_cat?post=1778"},{"taxonomy":"product_tag","embeddable":true,"href":"https:\/\/demo9.thuythu.vn\/reeco\/wp-json\/wp\/v2\/product_tag?post=1778"}],"curies":[{"name":"wp","href":"https:\/\/api.w.org\/{rel}","templated":true}]}}