{"id":1733,"date":"2024-01-09T02:57:30","date_gmt":"2024-01-09T02:57:30","guid":{"rendered":"https:\/\/demo9.thuythu.vn\/reeco\/?post_type=product&#038;p=1733"},"modified":"2024-01-12T09:23:01","modified_gmt":"2024-01-12T09:23:01","slug":"10-cells","status":"publish","type":"product","link":"https:\/\/demo9.thuythu.vn\/reeco\/san-pham\/10-cells\/","title":{"rendered":"10 CELLS"},"content":{"rendered":"","protected":false},"excerpt":{"rendered":"<p><span style=\"font-weight: 400;\">M\u00e3 s\u1ea3n ph\u1ea9m: BG0061.0000<\/span><\/p>\n<p><span style=\"font-weight: 400;\">H\u00e3ng s\u1ea3n xu\u1ea5t: bbe Moldaenke GmbH<\/span><\/p>\n<p><span style=\"font-weight: 400;\">Xu\u1ea5t x\u1ee9: \u0110\u1ee9c<\/span><\/p>\n<p><strong>Thi\u1ebft b\u1ecb 10 Cells \u0111\u00e1p \u1ee9ng \u0111\u01b0\u1ee3c nh\u1eefng ti\u00eau ch\u00ed quan tr\u1ecdng nh\u01b0:<\/strong><\/p>\n<ul>\n<li style=\"font-weight: 400;\" aria-level=\"1\"><span style=\"font-weight: 400;\">S\u1eed d\u1ee5ng ph\u01b0\u01a1ng ph\u00e1p \u0111o PAM c\u1ea3i ti\u1ebfn, c\u00f3 \u0111\u1ed9 nh\u1ea1y cao nh\u1ea5t hi\u1ec7n nay (cao g\u1ea5p 10 l\u1ea7n \u0111\u1ed9 nh\u1ea1y theo y\u00eau c\u1ea7u c\u1ee7a IMO)<\/span><\/li>\n<li style=\"font-weight: 400;\" aria-level=\"1\"><span style=\"font-weight: 400;\">Gi\u1edbi h\u1ea1n ph\u00e1t hi\u1ec7n: 01 t\u1ebf b\u00e0o t\u1ea3o s\u1ed1ng\/mL<\/span><\/li>\n<li style=\"font-weight: 400;\" aria-level=\"1\"><span style=\"font-weight: 400;\">Th\u1eddi gian th\u1ef1c hi\u1ec7n ph\u00e9p \u0111o: ~ 1 ph\u00fat.<\/span><\/li>\n<li style=\"font-weight: 400;\" aria-level=\"1\"><span style=\"font-weight: 400;\">Kh\u00f4ng c\u1ea7n s\u1eed d\u1ee5ng h\u00f3a ch\u1ea5t trong ph\u00e9p \u0111o.<\/span><\/li>\n<li style=\"font-weight: 400;\" aria-level=\"1\"><span style=\"font-weight: 400;\">Hi\u1ec3n th\u1ecb: m\u00e0n h\u00ecnh c\u1ea3m \u1ee9ng 10\u201d.<\/span><\/li>\n<li style=\"font-weight: 400;\" aria-level=\"1\"><span style=\"font-weight: 400;\">Thi\u1ebft k\u1ebf ch\u1eafc ch\u1eafn, d\u1ec5 di chuy\u1ec3n, s\u1eed d\u1ee5ng pin s\u1ea1c<\/span><\/li>\n<li style=\"font-weight: 400;\" aria-level=\"1\"><span style=\"font-weight: 400;\">Ch\u1ee9c n\u0103ng l\u01b0u tr\u1eef s\u1ed1 li\u1ec7u.<\/span><\/li>\n<\/ul>\n","protected":false},"featured_media":1725,"comment_status":"open","ping_status":"closed","template":"","meta":[],"product_cat":[15],"product_tag":[559,557],"acf":[],"lang":"vi","translations":{"vi":1733,"en":1734},"pll_sync_post":[],"_links":{"self":[{"href":"https:\/\/demo9.thuythu.vn\/reeco\/wp-json\/wp\/v2\/product\/1733"}],"collection":[{"href":"https:\/\/demo9.thuythu.vn\/reeco\/wp-json\/wp\/v2\/product"}],"about":[{"href":"https:\/\/demo9.thuythu.vn\/reeco\/wp-json\/wp\/v2\/types\/product"}],"replies":[{"embeddable":true,"href":"https:\/\/demo9.thuythu.vn\/reeco\/wp-json\/wp\/v2\/comments?post=1733"}],"wp:featuredmedia":[{"embeddable":true,"href":"https:\/\/demo9.thuythu.vn\/reeco\/wp-json\/wp\/v2\/media\/1725"}],"wp:attachment":[{"href":"https:\/\/demo9.thuythu.vn\/reeco\/wp-json\/wp\/v2\/media?parent=1733"}],"wp:term":[{"taxonomy":"product_cat","embeddable":true,"href":"https:\/\/demo9.thuythu.vn\/reeco\/wp-json\/wp\/v2\/product_cat?post=1733"},{"taxonomy":"product_tag","embeddable":true,"href":"https:\/\/demo9.thuythu.vn\/reeco\/wp-json\/wp\/v2\/product_tag?post=1733"}],"curies":[{"name":"wp","href":"https:\/\/api.w.org\/{rel}","templated":true}]}}