{"id":927,"date":"2023-12-16T15:49:28","date_gmt":"2023-12-16T15:49:28","guid":{"rendered":"https:\/\/demo9.thuythu.vn\/reeco\/?page_id=927"},"modified":"2024-02-16T10:31:03","modified_gmt":"2024-02-16T03:31:03","slug":"lien-he-bao-gia","status":"publish","type":"page","link":"https:\/\/demo9.thuythu.vn\/reeco\/lien-he-bao-gia\/","title":{"rendered":"Li\u00ean h\u1ec7 b\u00e1o gi\u00e1"},"content":{"rendered":"<p>Qu\u00fd kh\u00e1ch c\u00f3 nhu c\u1ea7u t\u01b0 v\u1ea5n mua h\u00e0ng vui l\u00f2ng \u0111i\u1ec1n \u0111\u1ea7y \u0111\u1ee7 th\u00f4ng tin v\u00e0o form b\u00ean d\u01b0\u1edbi. Ch\u00fang t\u00f4i s\u1ebd ti\u1ebfp nh\u1eadn v\u00e0 ph\u1ea3n h\u1ed3i s\u1edbm nh\u1ea5t c\u00f3 th\u1ec3!<\/p>\n","protected":false},"excerpt":{"rendered":"<p>Qu\u00fd kh\u00e1ch c\u00f3 nhu c\u1ea7u t\u01b0 v\u1ea5n mua h\u00e0ng vui l\u00f2ng \u0111i\u1ec1n \u0111\u1ea7y \u0111\u1ee7 th\u00f4ng tin v\u00e0o form b\u00ean d\u01b0\u1edbi. Ch\u00fang t\u00f4i s\u1ebd ti\u1ebfp nh\u1eadn v\u00e0 ph\u1ea3n h\u1ed3i s\u1edbm nh\u1ea5t c\u00f3 th\u1ec3!<\/p>\n","protected":false},"author":1,"featured_media":0,"parent":0,"menu_order":0,"comment_status":"closed","ping_status":"closed","template":"templates\/bao_gia.php","meta":{"footnotes":""},"acf":[],"lang":"vi","translations":{"vi":927,"en":1175},"pll_sync_post":[],"_links":{"self":[{"href":"https:\/\/demo9.thuythu.vn\/reeco\/wp-json\/wp\/v2\/pages\/927"}],"collection":[{"href":"https:\/\/demo9.thuythu.vn\/reeco\/wp-json\/wp\/v2\/pages"}],"about":[{"href":"https:\/\/demo9.thuythu.vn\/reeco\/wp-json\/wp\/v2\/types\/page"}],"author":[{"embeddable":true,"href":"https:\/\/demo9.thuythu.vn\/reeco\/wp-json\/wp\/v2\/users\/1"}],"replies":[{"embeddable":true,"href":"https:\/\/demo9.thuythu.vn\/reeco\/wp-json\/wp\/v2\/comments?post=927"}],"version-history":[{"count":4,"href":"https:\/\/demo9.thuythu.vn\/reeco\/wp-json\/wp\/v2\/pages\/927\/revisions"}],"predecessor-version":[{"id":4041,"href":"https:\/\/demo9.thuythu.vn\/reeco\/wp-json\/wp\/v2\/pages\/927\/revisions\/4041"}],"wp:attachment":[{"href":"https:\/\/demo9.thuythu.vn\/reeco\/wp-json\/wp\/v2\/media?parent=927"}],"curies":[{"name":"wp","href":"https:\/\/api.w.org\/{rel}","templated":true}]}}