{"id":837,"date":"2023-12-15T17:51:43","date_gmt":"2023-12-15T17:51:43","guid":{"rendered":"https:\/\/demo9.thuythu.vn\/reeco\/?page_id=837"},"modified":"2024-02-22T09:22:26","modified_gmt":"2024-02-22T02:22:26","slug":"dich-vu","status":"publish","type":"page","link":"https:\/\/demo9.thuythu.vn\/reeco\/dich-vu\/","title":{"rendered":"D\u1ecbch v\u1ee5"},"content":{"rendered":"<p>Ch\u00fang t\u00f4i cung c\u1ea5p danh m\u1ee5c m\u1ed9t lo\u1ea1t c\u00e1c gi\u1ea3i ph\u00e1p \u0111\u1ed9c \u0111\u00e1o, c\u00f3 t\u00ednh b\u1ec1n v\u1eefng.<\/p>\n","protected":false},"excerpt":{"rendered":"<p>Ch\u00fang t\u00f4i cung c\u1ea5p danh m\u1ee5c m\u1ed9t lo\u1ea1t c\u00e1c gi\u1ea3i ph\u00e1p \u0111\u1ed9c \u0111\u00e1o, c\u00f3 t\u00ednh b\u1ec1n v\u1eefng.<\/p>\n","protected":false},"author":1,"featured_media":0,"parent":0,"menu_order":0,"comment_status":"closed","ping_status":"closed","template":"templates\/service.php","meta":{"footnotes":""},"acf":[],"lang":"vi","translations":{"vi":837,"en":1171},"pll_sync_post":[],"_links":{"self":[{"href":"https:\/\/demo9.thuythu.vn\/reeco\/wp-json\/wp\/v2\/pages\/837"}],"collection":[{"href":"https:\/\/demo9.thuythu.vn\/reeco\/wp-json\/wp\/v2\/pages"}],"about":[{"href":"https:\/\/demo9.thuythu.vn\/reeco\/wp-json\/wp\/v2\/types\/page"}],"author":[{"embeddable":true,"href":"https:\/\/demo9.thuythu.vn\/reeco\/wp-json\/wp\/v2\/users\/1"}],"replies":[{"embeddable":true,"href":"https:\/\/demo9.thuythu.vn\/reeco\/wp-json\/wp\/v2\/comments?post=837"}],"version-history":[{"count":5,"href":"https:\/\/demo9.thuythu.vn\/reeco\/wp-json\/wp\/v2\/pages\/837\/revisions"}],"predecessor-version":[{"id":4524,"href":"https:\/\/demo9.thuythu.vn\/reeco\/wp-json\/wp\/v2\/pages\/837\/revisions\/4524"}],"wp:attachment":[{"href":"https:\/\/demo9.thuythu.vn\/reeco\/wp-json\/wp\/v2\/media?parent=837"}],"curies":[{"name":"wp","href":"https:\/\/api.w.org\/{rel}","templated":true}]}}