{"id":795,"date":"2023-12-15T16:29:13","date_gmt":"2023-12-15T16:29:13","guid":{"rendered":"https:\/\/demo9.thuythu.vn\/reeco\/?page_id=795"},"modified":"2024-02-22T09:14:39","modified_gmt":"2024-02-22T02:14:39","slug":"giai-phap","status":"publish","type":"page","link":"https:\/\/demo9.thuythu.vn\/reeco\/giai-phap\/","title":{"rendered":"Gi\u1ea3i ph\u00e1p"},"content":{"rendered":"<p>Chuy\u00ean cung c\u1ea5p, thi\u1ebft k\u1ebf, t\u00edch h\u1ee3p v\u00e0 chuy\u1ec3n giao c\u00e1c gi\u1ea3i ph\u00e1p gi\u00e1m s\u00e1t m\u00f4i tr\u01b0\u1eddng, kh\u00ed t\u01b0\u1ee3ng th\u1ee7y h\u1ea3i v\u0103n v\u00e0 h\u1ed7 tr\u1ee3 v\u1eadn h\u00e0nh an to\u00e0n c\u00e1c ho\u1ea1t \u0111\u1ed9ng tr\u00ean bi\u1ec3n.<\/p>\n","protected":false},"excerpt":{"rendered":"<p>Chuy\u00ean cung c\u1ea5p, thi\u1ebft k\u1ebf, t\u00edch h\u1ee3p v\u00e0 chuy\u1ec3n giao c\u00e1c gi\u1ea3i ph\u00e1p gi\u00e1m s\u00e1t m\u00f4i tr\u01b0\u1eddng, kh\u00ed t\u01b0\u1ee3ng th\u1ee7y h\u1ea3i v\u0103n v\u00e0 h\u1ed7 tr\u1ee3 v\u1eadn h\u00e0nh an to\u00e0n c\u00e1c ho\u1ea1t \u0111\u1ed9ng tr\u00ean bi\u1ec3n.<\/p>\n","protected":false},"author":1,"featured_media":0,"parent":0,"menu_order":0,"comment_status":"closed","ping_status":"closed","template":"templates\/solution.php","meta":{"footnotes":""},"acf":[],"lang":"vi","translations":{"vi":795,"en":1172},"pll_sync_post":[],"_links":{"self":[{"href":"https:\/\/demo9.thuythu.vn\/reeco\/wp-json\/wp\/v2\/pages\/795"}],"collection":[{"href":"https:\/\/demo9.thuythu.vn\/reeco\/wp-json\/wp\/v2\/pages"}],"about":[{"href":"https:\/\/demo9.thuythu.vn\/reeco\/wp-json\/wp\/v2\/types\/page"}],"author":[{"embeddable":true,"href":"https:\/\/demo9.thuythu.vn\/reeco\/wp-json\/wp\/v2\/users\/1"}],"replies":[{"embeddable":true,"href":"https:\/\/demo9.thuythu.vn\/reeco\/wp-json\/wp\/v2\/comments?post=795"}],"version-history":[{"count":12,"href":"https:\/\/demo9.thuythu.vn\/reeco\/wp-json\/wp\/v2\/pages\/795\/revisions"}],"predecessor-version":[{"id":4522,"href":"https:\/\/demo9.thuythu.vn\/reeco\/wp-json\/wp\/v2\/pages\/795\/revisions\/4522"}],"wp:attachment":[{"href":"https:\/\/demo9.thuythu.vn\/reeco\/wp-json\/wp\/v2\/media?parent=795"}],"curies":[{"name":"wp","href":"https:\/\/api.w.org\/{rel}","templated":true}]}}