{"id":4813,"date":"2025-07-30T09:41:22","date_gmt":"2025-07-30T02:41:22","guid":{"rendered":"https:\/\/demo9.thuythu.vn\/parroti\/?post_type=product&#038;p=4813"},"modified":"2025-08-02T09:58:27","modified_gmt":"2025-08-02T02:58:27","slug":"ke-de-do-da-nang-co-banh-xe-parroti-caddy-pc","status":"publish","type":"product","link":"https:\/\/demo9.thuythu.vn\/parroti\/ke-de-do-da-nang-co-banh-xe-parroti-caddy-pc\/","title":{"rendered":"K\u1ec7 \u0111\u1ec3 \u0111\u1ed3 \u0111a n\u0103ng c\u00f3 b\u00e1nh xe Parroti Caddy &#8211; PC4T, PC3T"},"content":{"rendered":"","protected":false},"excerpt":{"rendered":"","protected":false},"featured_media":4818,"comment_status":"open","ping_status":"closed","template":"","meta":{"_acf_changed":false,"inline_featured_image":false},"product_brand":[],"product_cat":[84],"product_tag":[],"class_list":{"0":"post-4813","1":"product","2":"type-product","3":"status-publish","4":"has-post-thumbnail","6":"product_cat-phu-kien-tien-ich","8":"first","9":"instock","10":"shipping-taxable","11":"purchasable","12":"product-type-variable"},"acf":[],"_links":{"self":[{"href":"https:\/\/demo9.thuythu.vn\/parroti\/wp-json\/wp\/v2\/product\/4813","targetHints":{"allow":["GET"]}}],"collection":[{"href":"https:\/\/demo9.thuythu.vn\/parroti\/wp-json\/wp\/v2\/product"}],"about":[{"href":"https:\/\/demo9.thuythu.vn\/parroti\/wp-json\/wp\/v2\/types\/product"}],"replies":[{"embeddable":true,"href":"https:\/\/demo9.thuythu.vn\/parroti\/wp-json\/wp\/v2\/comments?post=4813"}],"wp:featuredmedia":[{"embeddable":true,"href":"https:\/\/demo9.thuythu.vn\/parroti\/wp-json\/wp\/v2\/media\/4818"}],"wp:attachment":[{"href":"https:\/\/demo9.thuythu.vn\/parroti\/wp-json\/wp\/v2\/media?parent=4813"}],"wp:term":[{"taxonomy":"product_brand","embeddable":true,"href":"https:\/\/demo9.thuythu.vn\/parroti\/wp-json\/wp\/v2\/product_brand?post=4813"},{"taxonomy":"product_cat","embeddable":true,"href":"https:\/\/demo9.thuythu.vn\/parroti\/wp-json\/wp\/v2\/product_cat?post=4813"},{"taxonomy":"product_tag","embeddable":true,"href":"https:\/\/demo9.thuythu.vn\/parroti\/wp-json\/wp\/v2\/product_tag?post=4813"}],"curies":[{"name":"wp","href":"https:\/\/api.w.org\/{rel}","templated":true}]}}