{"id":3756,"date":"2025-07-07T14:31:09","date_gmt":"2025-07-07T07:31:09","guid":{"rendered":"https:\/\/demo9.thuythu.vn\/parroti\/?post_type=product&#038;p=3756"},"modified":"2025-08-02T09:57:39","modified_gmt":"2025-08-02T02:57:39","slug":"ke-de-ban-chai-kem-danh-rang-thong-minh-mi","status":"publish","type":"product","link":"https:\/\/demo9.thuythu.vn\/parroti\/ke-de-ban-chai-kem-danh-rang-thong-minh-mi\/","title":{"rendered":"K\u1ec7 \u0111\u1ec3 b\u00e0n ch\u1ea3i, kem \u0111\u00e1nh r\u0103ng th\u00f4ng minh d\u00e1n t\u01b0\u1eddng 1 c\u1ed1c, 2 c\u1ed1c, 3 c\u1ed1c MI"},"content":{"rendered":"","protected":false},"excerpt":{"rendered":"","protected":false},"featured_media":4319,"comment_status":"open","ping_status":"closed","template":"","meta":{"_acf_changed":false,"inline_featured_image":false},"product_brand":[],"product_cat":[84],"product_tag":[],"class_list":{"0":"post-3756","1":"product","2":"type-product","3":"status-publish","4":"has-post-thumbnail","6":"product_cat-phu-kien-tien-ich","8":"first","9":"instock","10":"shipping-taxable","11":"purchasable","12":"product-type-variable"},"acf":[],"_links":{"self":[{"href":"https:\/\/demo9.thuythu.vn\/parroti\/wp-json\/wp\/v2\/product\/3756","targetHints":{"allow":["GET"]}}],"collection":[{"href":"https:\/\/demo9.thuythu.vn\/parroti\/wp-json\/wp\/v2\/product"}],"about":[{"href":"https:\/\/demo9.thuythu.vn\/parroti\/wp-json\/wp\/v2\/types\/product"}],"replies":[{"embeddable":true,"href":"https:\/\/demo9.thuythu.vn\/parroti\/wp-json\/wp\/v2\/comments?post=3756"}],"wp:featuredmedia":[{"embeddable":true,"href":"https:\/\/demo9.thuythu.vn\/parroti\/wp-json\/wp\/v2\/media\/4319"}],"wp:attachment":[{"href":"https:\/\/demo9.thuythu.vn\/parroti\/wp-json\/wp\/v2\/media?parent=3756"}],"wp:term":[{"taxonomy":"product_brand","embeddable":true,"href":"https:\/\/demo9.thuythu.vn\/parroti\/wp-json\/wp\/v2\/product_brand?post=3756"},{"taxonomy":"product_cat","embeddable":true,"href":"https:\/\/demo9.thuythu.vn\/parroti\/wp-json\/wp\/v2\/product_cat?post=3756"},{"taxonomy":"product_tag","embeddable":true,"href":"https:\/\/demo9.thuythu.vn\/parroti\/wp-json\/wp\/v2\/product_tag?post=3756"}],"curies":[{"name":"wp","href":"https:\/\/api.w.org\/{rel}","templated":true}]}}